{"id":612,"date":"2019-11-26T03:03:13","date_gmt":"2019-11-26T02:03:13","guid":{"rendered":"http:\/\/www.hoteldesabers.com\/lemeraude\/"},"modified":"2021-02-17T23:27:17","modified_gmt":"2021-02-17T22:27:17","slug":"appartment-emeraude","status":"publish","type":"page","link":"https:\/\/www.hoteldesabers.com\/en\/appartment-emeraude\/","title":{"rendered":"L&#8217;\u00c9meraude"},"content":{"rendered":"\n<div class=\"wp-block-columns is-layout-flex wp-container-core-columns-is-layout-9d6595d7 wp-block-columns-is-layout-flex\">\n<div class=\"wp-block-column is-layout-flow wp-block-column-is-layout-flow\">\n<h1 class=\"wp-block-heading\">Rent an apartment in Saint-Malo<\/h1>\n\n\n\n<p>Discover our 41 m\u00b2 apartment completely renovated, very bright, in the heart of the old town of Saint Malo, near the shopping street and the covered market. Enjoy its unobstructed view on a pretty flowered square.&nbsp;<\/p>\n\n\n\n<p>We offer you a spacious bedroom (queen bed 160 x 200), a bathroom, a living room equipped with a Bultex sofa bed (140 x 190), a kitchen-dining room. Internet included and TV with Orange channels. Dishwasher, washing machine, complete household appliance (coffee machine, Senseo espresso machine, food processor, mini oven, microwave, toaster, kettle).<\/p>\n\n\n\n<p>Located on the first floor of a quiet and well maintained condominium. Two mini-markets, shops, restaurants and beaches at 5 minutes. Bicycle room or private surfboards.<\/p>\n\n\n\n<p>Weekly&nbsp;rental.<br>Rates and availability on request via&nbsp;<a href=\"http:\/\/www.hoteldesabers.com\/en\/contact-directions\/\">our contact page<\/a>.<\/p>\n<\/div>\n\n\n\n<div class=\"wp-block-column is-layout-flow wp-block-column-is-layout-flow\">\n<div class=\"wp-block-contact-form-7-contact-form-selector\">\n<div class=\"wpcf7 no-js\" id=\"wpcf7-f297-o1\" lang=\"fr-FR\" dir=\"ltr\" data-wpcf7-id=\"297\">\n<div class=\"screen-reader-response\"><p role=\"status\" aria-live=\"polite\" aria-atomic=\"true\"><\/p> <ul><\/ul><\/div>\n<form action=\"\/en\/wp-json\/wp\/v2\/pages\/612#wpcf7-f297-o1\" method=\"post\" class=\"wpcf7-form init\" aria-label=\"Formulaire de contact\" novalidate=\"novalidate\" data-status=\"init\">\n<fieldset class=\"hidden-fields-container\"><input type=\"hidden\" name=\"_wpcf7\" value=\"297\" \/><input type=\"hidden\" name=\"_wpcf7_version\" value=\"6.1.5\" \/><input type=\"hidden\" name=\"_wpcf7_locale\" value=\"fr_FR\" \/><input type=\"hidden\" name=\"_wpcf7_unit_tag\" value=\"wpcf7-f297-o1\" \/><input type=\"hidden\" name=\"_wpcf7_container_post\" value=\"0\" \/><input type=\"hidden\" name=\"_wpcf7_posted_data_hash\" value=\"\" \/>\n<\/fieldset>\n<div class=\"cf7-input\">\n\t<p><label> First & Last Name*<\/label><br \/>\n<span class=\"wpcf7-form-control-wrap\" data-name=\"your-name\"><input size=\"40\" maxlength=\"400\" class=\"wpcf7-form-control wpcf7-text wpcf7-validates-as-required\" aria-required=\"true\" aria-invalid=\"false\" value=\"\" type=\"text\" name=\"your-name\" \/><\/span>\n\t<\/p>\n<\/div>\n<div class=\"cf7-input\">\n\t<p><label> Phone Number<\/label><br \/>\n<span class=\"wpcf7-form-control-wrap\" data-name=\"your-phone\"><input size=\"40\" maxlength=\"400\" class=\"wpcf7-form-control wpcf7-text wpcf7-validates-as-required\" aria-required=\"true\" aria-invalid=\"false\" value=\"\" type=\"text\" name=\"your-phone\" \/><\/span>\n\t<\/p>\n<\/div>\n<div class=\"cf7-input\">\n\t<p><label> Email*<\/label><br \/>\n<span class=\"wpcf7-form-control-wrap\" data-name=\"your-email\"><input size=\"40\" maxlength=\"400\" class=\"wpcf7-form-control wpcf7-email wpcf7-validates-as-required wpcf7-text wpcf7-validates-as-email\" aria-required=\"true\" aria-invalid=\"false\" value=\"\" type=\"email\" name=\"your-email\" \/><\/span>\n\t<\/p>\n<\/div>\n<div class=\"cf7-input\">\n\t<p><label> Your Message*<\/label><br \/>\n<span class=\"wpcf7-form-control-wrap\" data-name=\"your-message\"><textarea cols=\"40\" rows=\"10\" maxlength=\"2000\" class=\"wpcf7-form-control wpcf7-textarea wpcf7-validates-as-required\" aria-required=\"true\" aria-invalid=\"false\" name=\"your-message\"><\/textarea><\/span>\n\t<\/p>\n<\/div>\n<p class=\"policy\">By submitting this form, i accept the <a href=\"http:\/\/www.hoteldesabers.com\/en\/policies\/\">privacy policies<\/a>.\n<\/p>\n<p><span id=\"wpcf7-69f1f2e456a56-wrapper\" class=\"wpcf7-form-control-wrap honeypot-819-wrap\" style=\"display:none !important; visibility:hidden !important;\"><label for=\"wpcf7-69f1f2e456a56-field\" class=\"hp-message\">Veuillez laisser ce champ vide.<\/label><input id=\"wpcf7-69f1f2e456a56-field\"  class=\"wpcf7-form-control wpcf7-text\" type=\"text\" name=\"honeypot-819\" value=\"\" size=\"40\" tabindex=\"-1\" autocomplete=\"new-password\" \/><\/span><br \/>\n<input class=\"wpcf7-form-control wpcf7-submit has-spinner\" type=\"submit\" value=\"Submit\" \/>\n<\/p><p style=\"display: none !important;\" class=\"akismet-fields-container\" data-prefix=\"_wpcf7_ak_\"><label>&#916;<textarea name=\"_wpcf7_ak_hp_textarea\" cols=\"45\" rows=\"8\" maxlength=\"100\"><\/textarea><\/label><input type=\"hidden\" id=\"ak_js_1\" name=\"_wpcf7_ak_js\" value=\"216\"\/><script>document.getElementById( \"ak_js_1\" ).setAttribute( \"value\", ( new Date() ).getTime() );<\/script><\/p><input type='hidden' class='wpcf7-pum' value='{\"closepopup\":false,\"closedelay\":0,\"openpopup\":false,\"openpopup_id\":0}' \/><div class=\"wpcf7-response-output\" aria-hidden=\"true\"><\/div>\n<\/form>\n<\/div>\n<\/div>\n<\/div>\n<\/div>\n\n\n\n<figure class=\"wp-block-gallery columns-2 is-cropped wp-block-gallery-1\"><ul class=\"blocks-gallery-grid\"><li class=\"blocks-gallery-item\"><figure><img loading=\"lazy\" decoding=\"async\" width=\"1024\" height=\"683\" src=\"http:\/\/www.hoteldesabers.com\/wp-content\/uploads\/2019\/11\/appart-emeraude4-1024x683.jpg\" alt=\"\" data-id=\"620\" data-full-url=\"http:\/\/www.hoteldesabers.com\/wp-content\/uploads\/2019\/11\/appart-emeraude4.jpg\" data-link=\"http:\/\/www.hoteldesabers.com\/en\/appart-emeraude4-2\/\" class=\"wp-image-620\" srcset=\"https:\/\/www.hoteldesabers.com\/wp-content\/uploads\/2019\/11\/appart-emeraude4-1024x683.jpg 1024w, https:\/\/www.hoteldesabers.com\/wp-content\/uploads\/2019\/11\/appart-emeraude4-600x400.jpg 600w, https:\/\/www.hoteldesabers.com\/wp-content\/uploads\/2019\/11\/appart-emeraude4-300x200.jpg 300w, https:\/\/www.hoteldesabers.com\/wp-content\/uploads\/2019\/11\/appart-emeraude4-768x512.jpg 768w, https:\/\/www.hoteldesabers.com\/wp-content\/uploads\/2019\/11\/appart-emeraude4-1536x1025.jpg 1536w, https:\/\/www.hoteldesabers.com\/wp-content\/uploads\/2019\/11\/appart-emeraude4.jpg 2000w\" sizes=\"auto, (max-width: 1024px) 100vw, 1024px\" \/><\/figure><\/li><li class=\"blocks-gallery-item\"><figure><img loading=\"lazy\" decoding=\"async\" width=\"1024\" height=\"606\" src=\"http:\/\/www.hoteldesabers.com\/wp-content\/uploads\/2019\/11\/appart-emeraude5-1024x606.jpg\" alt=\"\" data-id=\"616\" data-full-url=\"http:\/\/www.hoteldesabers.com\/wp-content\/uploads\/2019\/11\/appart-emeraude5.jpg\" data-link=\"http:\/\/www.hoteldesabers.com\/en\/appart-emeraude5-2\/\" class=\"wp-image-616\" srcset=\"https:\/\/www.hoteldesabers.com\/wp-content\/uploads\/2019\/11\/appart-emeraude5-1024x606.jpg 1024w, https:\/\/www.hoteldesabers.com\/wp-content\/uploads\/2019\/11\/appart-emeraude5-600x355.jpg 600w, https:\/\/www.hoteldesabers.com\/wp-content\/uploads\/2019\/11\/appart-emeraude5-300x177.jpg 300w, https:\/\/www.hoteldesabers.com\/wp-content\/uploads\/2019\/11\/appart-emeraude5-768x454.jpg 768w, https:\/\/www.hoteldesabers.com\/wp-content\/uploads\/2019\/11\/appart-emeraude5-1536x909.jpg 1536w, https:\/\/www.hoteldesabers.com\/wp-content\/uploads\/2019\/11\/appart-emeraude5.jpg 2000w\" sizes=\"auto, (max-width: 1024px) 100vw, 1024px\" \/><\/figure><\/li><li class=\"blocks-gallery-item\"><figure><img loading=\"lazy\" decoding=\"async\" width=\"1024\" height=\"674\" src=\"http:\/\/www.hoteldesabers.com\/wp-content\/uploads\/2019\/11\/appart-emeraude3-1024x674.jpg\" alt=\"\" data-id=\"622\" data-full-url=\"http:\/\/www.hoteldesabers.com\/wp-content\/uploads\/2019\/11\/appart-emeraude3.jpg\" data-link=\"http:\/\/www.hoteldesabers.com\/en\/appart-emeraude3-2\/\" class=\"wp-image-622\" srcset=\"https:\/\/www.hoteldesabers.com\/wp-content\/uploads\/2019\/11\/appart-emeraude3-1024x674.jpg 1024w, https:\/\/www.hoteldesabers.com\/wp-content\/uploads\/2019\/11\/appart-emeraude3-600x395.jpg 600w, https:\/\/www.hoteldesabers.com\/wp-content\/uploads\/2019\/11\/appart-emeraude3-300x198.jpg 300w, https:\/\/www.hoteldesabers.com\/wp-content\/uploads\/2019\/11\/appart-emeraude3-768x506.jpg 768w, https:\/\/www.hoteldesabers.com\/wp-content\/uploads\/2019\/11\/appart-emeraude3-1536x1011.jpg 1536w, https:\/\/www.hoteldesabers.com\/wp-content\/uploads\/2019\/11\/appart-emeraude3.jpg 2000w\" sizes=\"auto, (max-width: 1024px) 100vw, 1024px\" \/><\/figure><\/li><li class=\"blocks-gallery-item\"><figure><img loading=\"lazy\" decoding=\"async\" width=\"1024\" height=\"728\" src=\"http:\/\/www.hoteldesabers.com\/wp-content\/uploads\/2019\/11\/appart-emeraude2-1024x728.jpg\" alt=\"\" data-id=\"618\" data-full-url=\"http:\/\/www.hoteldesabers.com\/wp-content\/uploads\/2019\/11\/appart-emeraude2.jpg\" data-link=\"http:\/\/www.hoteldesabers.com\/en\/appart-emeraude2-2\/\" class=\"wp-image-618 is-layout-flex wp-block-gallery-is-layout-flex\" srcset=\"https:\/\/www.hoteldesabers.com\/wp-content\/uploads\/2019\/11\/appart-emeraude2-1024x728.jpg 1024w, https:\/\/www.hoteldesabers.com\/wp-content\/uploads\/2019\/11\/appart-emeraude2-600x426.jpg 600w, https:\/\/www.hoteldesabers.com\/wp-content\/uploads\/2019\/11\/appart-emeraude2-300x213.jpg 300w, https:\/\/www.hoteldesabers.com\/wp-content\/uploads\/2019\/11\/appart-emeraude2-768x546.jpg 768w, https:\/\/www.hoteldesabers.com\/wp-content\/uploads\/2019\/11\/appart-emeraude2-1536x1091.jpg 1536w, https:\/\/www.hoteldesabers.com\/wp-content\/uploads\/2019\/11\/appart-emeraude2.jpg 2000w\" sizes=\"auto, (max-width: 1024px) 100vw, 1024px\" \/><\/figure><\/li><\/ul><\/figure>\n\n\n\n<p><\/p>\n","protected":false},"excerpt":{"rendered":"<p>Rent an apartment in Saint-Malo Discover our 41 m\u00b2 apartment completely renovated, very bright, in the heart of the old town of Saint Malo, near the shopping street and the covered market. Enjoy its unobstructed view on a pretty flowered square.&nbsp; We offer you a spacious bedroom (queen bed 160 x 200), a bathroom, a [&hellip;]<\/p>\n","protected":false},"author":1,"featured_media":0,"parent":0,"menu_order":0,"comment_status":"closed","ping_status":"closed","template":"","meta":{"_acf_changed":false,"advgb_blocks_editor_width":"","advgb_blocks_columns_visual_guide":"","footnotes":""},"class_list":["post-612","page","type-page","status-publish","hentry"],"acf":[],"yoast_head":"<!-- This site is optimized with the Yoast SEO plugin v27.0 - https:\/\/yoast.com\/product\/yoast-seo-wordpress\/ -->\n<title>Rent an apartment in Saint-Malo - L&#039;\u00c9meraude | H\u00f4tel des Abers<\/title>\n<meta name=\"description\" content=\"L&#039;\u00c9meraude is an apartment located in the old town of Saint-Malo, depending on the H\u00f4tel des Abers. Discover this small cocoon for 4 people and contact us!\" \/>\n<meta name=\"robots\" content=\"index, follow, max-snippet:-1, max-image-preview:large, max-video-preview:-1\" \/>\n<link rel=\"canonical\" href=\"https:\/\/www.hoteldesabers.com\/en\/appartment-emeraude\/\" \/>\n<meta property=\"og:locale\" content=\"en_US\" \/>\n<meta property=\"og:type\" content=\"article\" \/>\n<meta property=\"og:title\" content=\"Rent an apartment in Saint-Malo - L&#039;\u00c9meraude | H\u00f4tel des Abers\" \/>\n<meta property=\"og:description\" content=\"L&#039;\u00c9meraude is an apartment located in the old town of Saint-Malo, depending on the H\u00f4tel des Abers. Discover this small cocoon for 4 people and contact us!\" \/>\n<meta property=\"og:url\" content=\"https:\/\/www.hoteldesabers.com\/en\/appartment-emeraude\/\" \/>\n<meta property=\"og:site_name\" content=\"H\u00f4tel des Abers\" \/>\n<meta property=\"article:modified_time\" content=\"2021-02-17T22:27:17+00:00\" \/>\n<meta property=\"og:image\" content=\"http:\/\/www.hoteldesabers.com\/wp-content\/uploads\/2019\/11\/appart-emeraude4-1024x683.jpg\" \/>\n<meta name=\"twitter:card\" content=\"summary_large_image\" \/>\n<meta name=\"twitter:label1\" content=\"Est. reading time\" \/>\n\t<meta name=\"twitter:data1\" content=\"2 minutes\" \/>\n<script type=\"application\/ld+json\" class=\"yoast-schema-graph\">{\"@context\":\"https:\/\/schema.org\",\"@graph\":[{\"@type\":\"WebPage\",\"@id\":\"https:\/\/www.hoteldesabers.com\/en\/appartment-emeraude\/\",\"url\":\"https:\/\/www.hoteldesabers.com\/en\/appartment-emeraude\/\",\"name\":\"Rent an apartment in Saint-Malo - L'\u00c9meraude | H\u00f4tel des Abers\",\"isPartOf\":{\"@id\":\"https:\/\/www.hoteldesabers.com\/#website\"},\"primaryImageOfPage\":{\"@id\":\"https:\/\/www.hoteldesabers.com\/en\/appartment-emeraude\/#primaryimage\"},\"image\":{\"@id\":\"https:\/\/www.hoteldesabers.com\/en\/appartment-emeraude\/#primaryimage\"},\"thumbnailUrl\":\"http:\/\/www.hoteldesabers.com\/wp-content\/uploads\/2019\/11\/appart-emeraude4-1024x683.jpg\",\"datePublished\":\"2019-11-26T02:03:13+00:00\",\"dateModified\":\"2021-02-17T22:27:17+00:00\",\"description\":\"L'\u00c9meraude is an apartment located in the old town of Saint-Malo, depending on the H\u00f4tel des Abers. Discover this small cocoon for 4 people and contact us!\",\"breadcrumb\":{\"@id\":\"https:\/\/www.hoteldesabers.com\/en\/appartment-emeraude\/#breadcrumb\"},\"inLanguage\":\"en-US\",\"potentialAction\":[{\"@type\":\"ReadAction\",\"target\":[\"https:\/\/www.hoteldesabers.com\/en\/appartment-emeraude\/\"]}]},{\"@type\":\"ImageObject\",\"inLanguage\":\"en-US\",\"@id\":\"https:\/\/www.hoteldesabers.com\/en\/appartment-emeraude\/#primaryimage\",\"url\":\"http:\/\/www.hoteldesabers.com\/wp-content\/uploads\/2019\/11\/appart-emeraude4-1024x683.jpg\",\"contentUrl\":\"http:\/\/www.hoteldesabers.com\/wp-content\/uploads\/2019\/11\/appart-emeraude4-1024x683.jpg\"},{\"@type\":\"BreadcrumbList\",\"@id\":\"https:\/\/www.hoteldesabers.com\/en\/appartment-emeraude\/#breadcrumb\",\"itemListElement\":[{\"@type\":\"ListItem\",\"position\":1,\"name\":\"Accueil\",\"item\":\"https:\/\/www.hoteldesabers.com\/en\/\"},{\"@type\":\"ListItem\",\"position\":2,\"name\":\"L&#8217;\u00c9meraude\"}]},{\"@type\":\"WebSite\",\"@id\":\"https:\/\/www.hoteldesabers.com\/#website\",\"url\":\"https:\/\/www.hoteldesabers.com\/\",\"name\":\"H\u00f4tel des Abers\",\"description\":\"L&#039;H\u00f4tel des Abers est un h\u00f4tel de charme en plein coeur de Saint-Malo Intra-Muros, \u00e0 deux pas des plages et commerces\",\"potentialAction\":[{\"@type\":\"SearchAction\",\"target\":{\"@type\":\"EntryPoint\",\"urlTemplate\":\"https:\/\/www.hoteldesabers.com\/?s={search_term_string}\"},\"query-input\":{\"@type\":\"PropertyValueSpecification\",\"valueRequired\":true,\"valueName\":\"search_term_string\"}}],\"inLanguage\":\"en-US\"}]}<\/script>\n<!-- \/ Yoast SEO plugin. -->","yoast_head_json":{"title":"Rent an apartment in Saint-Malo - L'\u00c9meraude | H\u00f4tel des Abers","description":"L'\u00c9meraude is an apartment located in the old town of Saint-Malo, depending on the H\u00f4tel des Abers. Discover this small cocoon for 4 people and contact us!","robots":{"index":"index","follow":"follow","max-snippet":"max-snippet:-1","max-image-preview":"max-image-preview:large","max-video-preview":"max-video-preview:-1"},"canonical":"https:\/\/www.hoteldesabers.com\/en\/appartment-emeraude\/","og_locale":"en_US","og_type":"article","og_title":"Rent an apartment in Saint-Malo - L'\u00c9meraude | H\u00f4tel des Abers","og_description":"L'\u00c9meraude is an apartment located in the old town of Saint-Malo, depending on the H\u00f4tel des Abers. Discover this small cocoon for 4 people and contact us!","og_url":"https:\/\/www.hoteldesabers.com\/en\/appartment-emeraude\/","og_site_name":"H\u00f4tel des Abers","article_modified_time":"2021-02-17T22:27:17+00:00","og_image":[{"url":"http:\/\/www.hoteldesabers.com\/wp-content\/uploads\/2019\/11\/appart-emeraude4-1024x683.jpg","type":"","width":"","height":""}],"twitter_card":"summary_large_image","twitter_misc":{"Est. reading time":"2 minutes"},"schema":{"@context":"https:\/\/schema.org","@graph":[{"@type":"WebPage","@id":"https:\/\/www.hoteldesabers.com\/en\/appartment-emeraude\/","url":"https:\/\/www.hoteldesabers.com\/en\/appartment-emeraude\/","name":"Rent an apartment in Saint-Malo - L'\u00c9meraude | H\u00f4tel des Abers","isPartOf":{"@id":"https:\/\/www.hoteldesabers.com\/#website"},"primaryImageOfPage":{"@id":"https:\/\/www.hoteldesabers.com\/en\/appartment-emeraude\/#primaryimage"},"image":{"@id":"https:\/\/www.hoteldesabers.com\/en\/appartment-emeraude\/#primaryimage"},"thumbnailUrl":"http:\/\/www.hoteldesabers.com\/wp-content\/uploads\/2019\/11\/appart-emeraude4-1024x683.jpg","datePublished":"2019-11-26T02:03:13+00:00","dateModified":"2021-02-17T22:27:17+00:00","description":"L'\u00c9meraude is an apartment located in the old town of Saint-Malo, depending on the H\u00f4tel des Abers. Discover this small cocoon for 4 people and contact us!","breadcrumb":{"@id":"https:\/\/www.hoteldesabers.com\/en\/appartment-emeraude\/#breadcrumb"},"inLanguage":"en-US","potentialAction":[{"@type":"ReadAction","target":["https:\/\/www.hoteldesabers.com\/en\/appartment-emeraude\/"]}]},{"@type":"ImageObject","inLanguage":"en-US","@id":"https:\/\/www.hoteldesabers.com\/en\/appartment-emeraude\/#primaryimage","url":"http:\/\/www.hoteldesabers.com\/wp-content\/uploads\/2019\/11\/appart-emeraude4-1024x683.jpg","contentUrl":"http:\/\/www.hoteldesabers.com\/wp-content\/uploads\/2019\/11\/appart-emeraude4-1024x683.jpg"},{"@type":"BreadcrumbList","@id":"https:\/\/www.hoteldesabers.com\/en\/appartment-emeraude\/#breadcrumb","itemListElement":[{"@type":"ListItem","position":1,"name":"Accueil","item":"https:\/\/www.hoteldesabers.com\/en\/"},{"@type":"ListItem","position":2,"name":"L&#8217;\u00c9meraude"}]},{"@type":"WebSite","@id":"https:\/\/www.hoteldesabers.com\/#website","url":"https:\/\/www.hoteldesabers.com\/","name":"H\u00f4tel des Abers","description":"L&#039;H\u00f4tel des Abers est un h\u00f4tel de charme en plein coeur de Saint-Malo Intra-Muros, \u00e0 deux pas des plages et commerces","potentialAction":[{"@type":"SearchAction","target":{"@type":"EntryPoint","urlTemplate":"https:\/\/www.hoteldesabers.com\/?s={search_term_string}"},"query-input":{"@type":"PropertyValueSpecification","valueRequired":true,"valueName":"search_term_string"}}],"inLanguage":"en-US"}]}},"coauthors":[],"author_meta":{"author_link":"https:\/\/www.hoteldesabers.com\/en\/author\/seb\/","display_name":"seb"},"relative_dates":{"created":"Posted 6 years ago","modified":"Updated 5 years ago"},"absolute_dates":{"created":"Posted on 26 November 2019","modified":"Updated on 17 February 2021"},"absolute_dates_time":{"created":"Posted on 26 November 2019 3 h 03 min","modified":"Updated on 17 February 2021 23 h 27 min"},"featured_img_caption":"","featured_img":false,"series_order":"","_links":{"self":[{"href":"https:\/\/www.hoteldesabers.com\/en\/wp-json\/wp\/v2\/pages\/612","targetHints":{"allow":["GET"]}}],"collection":[{"href":"https:\/\/www.hoteldesabers.com\/en\/wp-json\/wp\/v2\/pages"}],"about":[{"href":"https:\/\/www.hoteldesabers.com\/en\/wp-json\/wp\/v2\/types\/page"}],"author":[{"embeddable":true,"href":"https:\/\/www.hoteldesabers.com\/en\/wp-json\/wp\/v2\/users\/1"}],"replies":[{"embeddable":true,"href":"https:\/\/www.hoteldesabers.com\/en\/wp-json\/wp\/v2\/comments?post=612"}],"version-history":[{"count":6,"href":"https:\/\/www.hoteldesabers.com\/en\/wp-json\/wp\/v2\/pages\/612\/revisions"}],"predecessor-version":[{"id":2231,"href":"https:\/\/www.hoteldesabers.com\/en\/wp-json\/wp\/v2\/pages\/612\/revisions\/2231"}],"wp:attachment":[{"href":"https:\/\/www.hoteldesabers.com\/en\/wp-json\/wp\/v2\/media?parent=612"}],"curies":[{"name":"wp","href":"https:\/\/api.w.org\/{rel}","templated":true}]}}