{"id":567,"date":"2019-11-25T01:03:35","date_gmt":"2019-11-25T00:03:35","guid":{"rendered":"http:\/\/www.hoteldesabers.com\/hotel-saint-malo-intra-muros\/"},"modified":"2020-01-07T00:26:40","modified_gmt":"2020-01-06T23:26:40","slug":"hotel","status":"publish","type":"page","link":"https:\/\/www.hoteldesabers.com\/en\/hotel\/","title":{"rendered":"The hotel"},"content":{"rendered":"\n<h1 class=\"wp-block-heading\">Our hotel in Saint-Malo Intra-Muros<\/h1>\n\n\n\n<h2 class=\"wp-block-heading\">A family and comfortable hotel in the heart of the Corsair City<\/h2>\n\n\n\n<p>The H\u00f4tel des Abers is located in the heart of the old town, a stone&#8217;s throw from shops, restaurants and the beach.<\/p>\n\n\n\n<p>If you are looking for a hotel in Saint-Malo Intra-Muros, our cosy hotel is the place for you.<\/p>\n\n\n\n<p>By foot, you will be less than 3 minutes from the beach, 5 minutes from the Palais du Grand Large, 12 minutes from the maritime station and 15 minutes from the railway station.<\/p>\n\n\n\n<h2 class=\"wp-block-heading\">Comfortable and charming rooms<\/h2>\n\n\n\n<p>We offer 14 rooms with improved comfort thanks to its top-of-the-range 160 x 200 or 180 x 200 bedding, soundproofing and complete equipment.<\/p>\n\n\n\n<p>Everything you need to simplify your stay in Saint Malo. Choose the one that suits you best from our four room categories.<\/p>\n\n\n\n<p>The H\u00f4tel des Abers adapts to your needs by offering you services such as free wifi, a safe and the loan of a cot. Our rooms for 2 people can also benefit from an additional bed to accommodate a child or a cot.<\/p>\n\n\n\n<p>The exemption for PRM accessibility work has been granted to the hotel.<\/p>\n\n\n\n<p>We are at your disposal to help you organize your escape to the Corsair City.<\/p>\n","protected":false},"excerpt":{"rendered":"<p>Our hotel in Saint-Malo Intra-Muros A family and comfortable hotel in the heart of the Corsair City The H\u00f4tel des Abers is located in the heart of the old town, a stone&#8217;s throw from shops, restaurants and the beach. If you are looking for a hotel in Saint-Malo Intra-Muros, our cosy hotel is the place [&hellip;]<\/p>\n","protected":false},"author":2,"featured_media":0,"parent":0,"menu_order":0,"comment_status":"closed","ping_status":"closed","template":"","meta":{"_acf_changed":false,"advgb_blocks_editor_width":"","advgb_blocks_columns_visual_guide":"","footnotes":""},"class_list":["post-567","page","type-page","status-publish","hentry"],"acf":[],"yoast_head":"<!-- This site is optimized with the Yoast SEO plugin v27.0 - https:\/\/yoast.com\/product\/yoast-seo-wordpress\/ -->\n<title>Hotel in Saint-Malo Intra-Muros | H\u00f4tel des Abers<\/title>\n<meta name=\"description\" content=\"Discover the H\u00f4tel des Abers: a charming hotel in the heart of the old town of Saint-Malo, a stone&#039;s throw from the beaches and shops.\" \/>\n<meta name=\"robots\" content=\"index, follow, max-snippet:-1, max-image-preview:large, max-video-preview:-1\" \/>\n<link rel=\"canonical\" href=\"https:\/\/www.hoteldesabers.com\/en\/hotel\/\" \/>\n<meta property=\"og:locale\" content=\"en_US\" \/>\n<meta property=\"og:type\" content=\"article\" \/>\n<meta property=\"og:title\" content=\"Hotel in Saint-Malo Intra-Muros | H\u00f4tel des Abers\" \/>\n<meta property=\"og:description\" content=\"Discover the H\u00f4tel des Abers: a charming hotel in the heart of the old town of Saint-Malo, a stone&#039;s throw from the beaches and shops.\" \/>\n<meta property=\"og:url\" content=\"https:\/\/www.hoteldesabers.com\/en\/hotel\/\" \/>\n<meta property=\"og:site_name\" content=\"H\u00f4tel des Abers\" \/>\n<meta property=\"article:modified_time\" content=\"2020-01-06T23:26:40+00:00\" \/>\n<meta name=\"twitter:card\" content=\"summary_large_image\" \/>\n<meta name=\"twitter:label1\" content=\"Est. reading time\" \/>\n\t<meta name=\"twitter:data1\" content=\"1 minute\" \/>\n<script type=\"application\/ld+json\" class=\"yoast-schema-graph\">{\"@context\":\"https:\/\/schema.org\",\"@graph\":[{\"@type\":\"WebPage\",\"@id\":\"https:\/\/www.hoteldesabers.com\/en\/hotel\/\",\"url\":\"https:\/\/www.hoteldesabers.com\/en\/hotel\/\",\"name\":\"Hotel in Saint-Malo Intra-Muros | H\u00f4tel des Abers\",\"isPartOf\":{\"@id\":\"https:\/\/www.hoteldesabers.com\/#website\"},\"datePublished\":\"2019-11-25T00:03:35+00:00\",\"dateModified\":\"2020-01-06T23:26:40+00:00\",\"description\":\"Discover the H\u00f4tel des Abers: a charming hotel in the heart of the old town of Saint-Malo, a stone's throw from the beaches and shops.\",\"breadcrumb\":{\"@id\":\"https:\/\/www.hoteldesabers.com\/en\/hotel\/#breadcrumb\"},\"inLanguage\":\"en-US\",\"potentialAction\":[{\"@type\":\"ReadAction\",\"target\":[\"https:\/\/www.hoteldesabers.com\/en\/hotel\/\"]}]},{\"@type\":\"BreadcrumbList\",\"@id\":\"https:\/\/www.hoteldesabers.com\/en\/hotel\/#breadcrumb\",\"itemListElement\":[{\"@type\":\"ListItem\",\"position\":1,\"name\":\"Accueil\",\"item\":\"https:\/\/www.hoteldesabers.com\/en\/\"},{\"@type\":\"ListItem\",\"position\":2,\"name\":\"The hotel\"}]},{\"@type\":\"WebSite\",\"@id\":\"https:\/\/www.hoteldesabers.com\/#website\",\"url\":\"https:\/\/www.hoteldesabers.com\/\",\"name\":\"H\u00f4tel des Abers\",\"description\":\"L&#039;H\u00f4tel des Abers est un h\u00f4tel de charme en plein coeur de Saint-Malo Intra-Muros, \u00e0 deux pas des plages et commerces\",\"potentialAction\":[{\"@type\":\"SearchAction\",\"target\":{\"@type\":\"EntryPoint\",\"urlTemplate\":\"https:\/\/www.hoteldesabers.com\/?s={search_term_string}\"},\"query-input\":{\"@type\":\"PropertyValueSpecification\",\"valueRequired\":true,\"valueName\":\"search_term_string\"}}],\"inLanguage\":\"en-US\"}]}<\/script>\n<!-- \/ Yoast SEO plugin. -->","yoast_head_json":{"title":"Hotel in Saint-Malo Intra-Muros | H\u00f4tel des Abers","description":"Discover the H\u00f4tel des Abers: a charming hotel in the heart of the old town of Saint-Malo, a stone's throw from the beaches and shops.","robots":{"index":"index","follow":"follow","max-snippet":"max-snippet:-1","max-image-preview":"max-image-preview:large","max-video-preview":"max-video-preview:-1"},"canonical":"https:\/\/www.hoteldesabers.com\/en\/hotel\/","og_locale":"en_US","og_type":"article","og_title":"Hotel in Saint-Malo Intra-Muros | H\u00f4tel des Abers","og_description":"Discover the H\u00f4tel des Abers: a charming hotel in the heart of the old town of Saint-Malo, a stone's throw from the beaches and shops.","og_url":"https:\/\/www.hoteldesabers.com\/en\/hotel\/","og_site_name":"H\u00f4tel des Abers","article_modified_time":"2020-01-06T23:26:40+00:00","twitter_card":"summary_large_image","twitter_misc":{"Est. reading time":"1 minute"},"schema":{"@context":"https:\/\/schema.org","@graph":[{"@type":"WebPage","@id":"https:\/\/www.hoteldesabers.com\/en\/hotel\/","url":"https:\/\/www.hoteldesabers.com\/en\/hotel\/","name":"Hotel in Saint-Malo Intra-Muros | H\u00f4tel des Abers","isPartOf":{"@id":"https:\/\/www.hoteldesabers.com\/#website"},"datePublished":"2019-11-25T00:03:35+00:00","dateModified":"2020-01-06T23:26:40+00:00","description":"Discover the H\u00f4tel des Abers: a charming hotel in the heart of the old town of Saint-Malo, a stone's throw from the beaches and shops.","breadcrumb":{"@id":"https:\/\/www.hoteldesabers.com\/en\/hotel\/#breadcrumb"},"inLanguage":"en-US","potentialAction":[{"@type":"ReadAction","target":["https:\/\/www.hoteldesabers.com\/en\/hotel\/"]}]},{"@type":"BreadcrumbList","@id":"https:\/\/www.hoteldesabers.com\/en\/hotel\/#breadcrumb","itemListElement":[{"@type":"ListItem","position":1,"name":"Accueil","item":"https:\/\/www.hoteldesabers.com\/en\/"},{"@type":"ListItem","position":2,"name":"The hotel"}]},{"@type":"WebSite","@id":"https:\/\/www.hoteldesabers.com\/#website","url":"https:\/\/www.hoteldesabers.com\/","name":"H\u00f4tel des Abers","description":"L&#039;H\u00f4tel des Abers est un h\u00f4tel de charme en plein coeur de Saint-Malo Intra-Muros, \u00e0 deux pas des plages et commerces","potentialAction":[{"@type":"SearchAction","target":{"@type":"EntryPoint","urlTemplate":"https:\/\/www.hoteldesabers.com\/?s={search_term_string}"},"query-input":{"@type":"PropertyValueSpecification","valueRequired":true,"valueName":"search_term_string"}}],"inLanguage":"en-US"}]}},"coauthors":[],"author_meta":{"author_link":"https:\/\/www.hoteldesabers.com\/en\/author\/sarah\/","display_name":"sarah"},"relative_dates":{"created":"Posted 6 years ago","modified":"Updated 6 years ago"},"absolute_dates":{"created":"Posted on 25 November 2019","modified":"Updated on 7 January 2020"},"absolute_dates_time":{"created":"Posted on 25 November 2019 1 h 03 min","modified":"Updated on 7 January 2020 0 h 26 min"},"featured_img_caption":"","featured_img":false,"series_order":"","_links":{"self":[{"href":"https:\/\/www.hoteldesabers.com\/en\/wp-json\/wp\/v2\/pages\/567","targetHints":{"allow":["GET"]}}],"collection":[{"href":"https:\/\/www.hoteldesabers.com\/en\/wp-json\/wp\/v2\/pages"}],"about":[{"href":"https:\/\/www.hoteldesabers.com\/en\/wp-json\/wp\/v2\/types\/page"}],"author":[{"embeddable":true,"href":"https:\/\/www.hoteldesabers.com\/en\/wp-json\/wp\/v2\/users\/2"}],"replies":[{"embeddable":true,"href":"https:\/\/www.hoteldesabers.com\/en\/wp-json\/wp\/v2\/comments?post=567"}],"version-history":[{"count":5,"href":"https:\/\/www.hoteldesabers.com\/en\/wp-json\/wp\/v2\/pages\/567\/revisions"}],"predecessor-version":[{"id":688,"href":"https:\/\/www.hoteldesabers.com\/en\/wp-json\/wp\/v2\/pages\/567\/revisions\/688"}],"wp:attachment":[{"href":"https:\/\/www.hoteldesabers.com\/en\/wp-json\/wp\/v2\/media?parent=567"}],"curies":[{"name":"wp","href":"https:\/\/api.w.org\/{rel}","templated":true}]}}