{"id":548,"date":"2019-11-09T22:16:04","date_gmt":"2019-11-09T21:16:04","guid":{"rendered":"http:\/\/www.hoteldesabers.com\/que-faire-a-saint-malo\/"},"modified":"2020-05-28T23:24:59","modified_gmt":"2020-05-28T21:24:59","slug":"what-to-do-in-saint-malo","status":"publish","type":"page","link":"https:\/\/www.hoteldesabers.com\/en\/what-to-do-in-saint-malo\/","title":{"rendered":"What to do in Saint-Malo?"},"content":{"rendered":"\n<h1 class=\"wp-block-heading\">What to do in Saint-Malo?<\/h1>\n\n\n\n<h2 class=\"wp-block-heading\">Visit the National Fort<\/h2>\n\n\n\n<p>The National Fort is classified as a historic monument. It was built according to the plans of the military architect Vauban and on the orders of Louis XIV to ensure the protection of the port of Saint-Malo. Do not hesitate to visit this building, only accessible by low tide or enjoy the panoramic view of the bay and the old town of Saint-Malo.<\/p>\n\n\n\n<p>More infos :&nbsp;<a rel=\"noreferrer noopener\" href=\"http:\/\/www.fortnational.com\/\" target=\"_blank\">www.fortnational.com<\/a><\/p>\n\n\n\n<div class=\"wp-block-image\"><figure class=\"aligncenter size-large is-resized\"><img loading=\"lazy\" decoding=\"async\" src=\"http:\/\/www.hoteldesabers.com\/wp-content\/uploads\/2019\/11\/saint-malo-fort-national-1024x576.jpg\" alt=\"\" class=\"wp-image-381\" width=\"630\" height=\"354\" srcset=\"https:\/\/www.hoteldesabers.com\/wp-content\/uploads\/2019\/11\/saint-malo-fort-national-1024x576.jpg 1024w, https:\/\/www.hoteldesabers.com\/wp-content\/uploads\/2019\/11\/saint-malo-fort-national-600x338.jpg 600w, https:\/\/www.hoteldesabers.com\/wp-content\/uploads\/2019\/11\/saint-malo-fort-national-300x169.jpg 300w, https:\/\/www.hoteldesabers.com\/wp-content\/uploads\/2019\/11\/saint-malo-fort-national-768x432.jpg 768w, https:\/\/www.hoteldesabers.com\/wp-content\/uploads\/2019\/11\/saint-malo-fort-national-1536x864.jpg 1536w, https:\/\/www.hoteldesabers.com\/wp-content\/uploads\/2019\/11\/saint-malo-fort-national.jpg 2000w\" sizes=\"auto, (max-width: 630px) 100vw, 630px\" \/><\/figure><\/div>\n\n\n\n<h2 class=\"wp-block-heading\">Walking on Le Grand B\u00e9<\/h2>\n\n\n\n<p>This rocky mound located 400m from the old town is accessible at low tide. It was the first commune of Saint-Malo and now houses the tomb of Ch\u00e2teaubriand. This is why this rock is called the Great Be, &#8220;Bey&#8221; meaning &#8220;fall&#8221; in Celtic.<\/p>\n\n\n\n<div class=\"wp-block-image\"><figure class=\"aligncenter size-large is-resized\"><img loading=\"lazy\" decoding=\"async\" src=\"http:\/\/www.hoteldesabers.com\/wp-content\/uploads\/2019\/11\/grand-be-saint-malo-1024x683.jpg\" alt=\"\" class=\"wp-image-377\" width=\"614\" height=\"409\" srcset=\"https:\/\/www.hoteldesabers.com\/wp-content\/uploads\/2019\/11\/grand-be-saint-malo-1024x683.jpg 1024w, https:\/\/www.hoteldesabers.com\/wp-content\/uploads\/2019\/11\/grand-be-saint-malo-600x400.jpg 600w, https:\/\/www.hoteldesabers.com\/wp-content\/uploads\/2019\/11\/grand-be-saint-malo-300x200.jpg 300w, https:\/\/www.hoteldesabers.com\/wp-content\/uploads\/2019\/11\/grand-be-saint-malo-768x512.jpg 768w, https:\/\/www.hoteldesabers.com\/wp-content\/uploads\/2019\/11\/grand-be-saint-malo-1536x1025.jpg 1536w, https:\/\/www.hoteldesabers.com\/wp-content\/uploads\/2019\/11\/grand-be-saint-malo.jpg 2000w\" sizes=\"auto, (max-width: 614px) 100vw, 614px\" \/><\/figure><\/div>\n\n\n\n<h2 class=\"wp-block-heading\">Go around the ramparts<\/h2>\n\n\n\n<p>The Corsair City is surrounded by ramparts of 1754m long, classified as Historical Monuments since 1921. Unlike most of the interior of the citadel, the ramparts were not destroyed by bombardments in 1944. The original enclosure was built in the 12th century. Currently, the area of the city protected by these ramparts is 24 hectares. It is possible to walk around the ramparts.<\/p>\n\n\n\n<figure class=\"wp-block-image size-large\"><img loading=\"lazy\" decoding=\"async\" width=\"1024\" height=\"768\" src=\"http:\/\/www.hoteldesabers.com\/wp-content\/uploads\/2019\/11\/saint-malo-remparts-1024x768.jpg\" alt=\"\" class=\"wp-image-386\" srcset=\"https:\/\/www.hoteldesabers.com\/wp-content\/uploads\/2019\/11\/saint-malo-remparts-1024x768.jpg 1024w, https:\/\/www.hoteldesabers.com\/wp-content\/uploads\/2019\/11\/saint-malo-remparts-600x450.jpg 600w, https:\/\/www.hoteldesabers.com\/wp-content\/uploads\/2019\/11\/saint-malo-remparts-300x225.jpg 300w, https:\/\/www.hoteldesabers.com\/wp-content\/uploads\/2019\/11\/saint-malo-remparts-768x576.jpg 768w, https:\/\/www.hoteldesabers.com\/wp-content\/uploads\/2019\/11\/saint-malo-remparts-1536x1152.jpg 1536w, https:\/\/www.hoteldesabers.com\/wp-content\/uploads\/2019\/11\/saint-malo-remparts.jpg 2000w\" sizes=\"auto, (max-width: 1024px) 100vw, 1024px\" \/><\/figure>\n\n\n\n<h2 class=\"wp-block-heading\">Visit Saint-Malo castle<\/h2>\n\n\n\n<p>The Ch\u00e2teau de Saint-Malo was built between the 15th and 18th centuries. It is located at the entrance to the Corsair City. It now houses a museum on the history of the city.<\/p>\n\n\n\n<figure class=\"wp-block-gallery columns-3 is-cropped wp-block-gallery-1\"><ul class=\"blocks-gallery-grid\"><li class=\"blocks-gallery-item\"><figure><img loading=\"lazy\" decoding=\"async\" width=\"1024\" height=\"668\" src=\"http:\/\/www.hoteldesabers.com\/wp-content\/uploads\/2019\/11\/saint-malo-sillon-1024x668.jpg\" alt=\"\" data-id=\"388\" data-full-url=\"http:\/\/www.hoteldesabers.com\/wp-content\/uploads\/2019\/11\/saint-malo-sillon.jpg\" data-link=\"http:\/\/www.hoteldesabers.com\/en\/saint-malo-sillon-2\/\" class=\"wp-image-388\" srcset=\"https:\/\/www.hoteldesabers.com\/wp-content\/uploads\/2019\/11\/saint-malo-sillon-1024x668.jpg 1024w, https:\/\/www.hoteldesabers.com\/wp-content\/uploads\/2019\/11\/saint-malo-sillon-600x391.jpg 600w, https:\/\/www.hoteldesabers.com\/wp-content\/uploads\/2019\/11\/saint-malo-sillon-300x196.jpg 300w, https:\/\/www.hoteldesabers.com\/wp-content\/uploads\/2019\/11\/saint-malo-sillon-768x501.jpg 768w, https:\/\/www.hoteldesabers.com\/wp-content\/uploads\/2019\/11\/saint-malo-sillon-1536x1001.jpg 1536w, https:\/\/www.hoteldesabers.com\/wp-content\/uploads\/2019\/11\/saint-malo-sillon.jpg 2000w\" sizes=\"auto, (max-width: 1024px) 100vw, 1024px\" \/><\/figure><\/li><li class=\"blocks-gallery-item\"><figure><img decoding=\"async\" src=\"http:\/\/www.hoteldesabers.com\/wp-content\/uploads\/2019\/11\/saint-malo-768x512.jpg\" alt=\"\" data-id=\"390\" data-full-url=\"http:\/\/www.hoteldesabers.com\/wp-content\/uploads\/2019\/11\/saint-malo.jpg\" data-link=\"http:\/\/www.hoteldesabers.com\/en\/saint-malo-2\/\" class=\"wp-image-390\"\/><\/figure><\/li><li class=\"blocks-gallery-item\"><figure><img loading=\"lazy\" decoding=\"async\" width=\"1024\" height=\"576\" src=\"http:\/\/www.hoteldesabers.com\/wp-content\/uploads\/2019\/11\/bon-secours-saint-malo-1024x576.jpg\" alt=\"\" data-id=\"376\" data-full-url=\"http:\/\/www.hoteldesabers.com\/wp-content\/uploads\/2019\/11\/bon-secours-saint-malo.jpg\" data-link=\"http:\/\/www.hoteldesabers.com\/en\/accueil\/bon-secours-saint-malo-2\/\" class=\"wp-image-376\" srcset=\"https:\/\/www.hoteldesabers.com\/wp-content\/uploads\/2019\/11\/bon-secours-saint-malo-1024x576.jpg 1024w, https:\/\/www.hoteldesabers.com\/wp-content\/uploads\/2019\/11\/bon-secours-saint-malo-600x338.jpg 600w, https:\/\/www.hoteldesabers.com\/wp-content\/uploads\/2019\/11\/bon-secours-saint-malo-300x169.jpg 300w, https:\/\/www.hoteldesabers.com\/wp-content\/uploads\/2019\/11\/bon-secours-saint-malo-768x432.jpg 768w, https:\/\/www.hoteldesabers.com\/wp-content\/uploads\/2019\/11\/bon-secours-saint-malo-1536x864.jpg 1536w, https:\/\/www.hoteldesabers.com\/wp-content\/uploads\/2019\/11\/bon-secours-saint-malo.jpg 2000w\" sizes=\"auto, (max-width: 1024px) 100vw, 1024px\" \/><\/figure><\/li><li class=\"blocks-gallery-item\"><figure><img loading=\"lazy\" decoding=\"async\" width=\"1024\" height=\"600\" src=\"http:\/\/www.hoteldesabers.com\/wp-content\/uploads\/2019\/11\/plage-saint-malo-1024x600.jpg\" alt=\"\" data-id=\"634\" data-full-url=\"http:\/\/www.hoteldesabers.com\/wp-content\/uploads\/2019\/11\/plage-saint-malo.jpg\" data-link=\"http:\/\/www.hoteldesabers.com\/en\/plage-saint-malo-2\/\" class=\"wp-image-634\" srcset=\"https:\/\/www.hoteldesabers.com\/wp-content\/uploads\/2019\/11\/plage-saint-malo-1024x600.jpg 1024w, https:\/\/www.hoteldesabers.com\/wp-content\/uploads\/2019\/11\/plage-saint-malo-600x351.jpg 600w, https:\/\/www.hoteldesabers.com\/wp-content\/uploads\/2019\/11\/plage-saint-malo-300x176.jpg 300w, https:\/\/www.hoteldesabers.com\/wp-content\/uploads\/2019\/11\/plage-saint-malo-768x450.jpg 768w, https:\/\/www.hoteldesabers.com\/wp-content\/uploads\/2019\/11\/plage-saint-malo-1536x899.jpg 1536w, https:\/\/www.hoteldesabers.com\/wp-content\/uploads\/2019\/11\/plage-saint-malo.jpg 1872w\" sizes=\"auto, (max-width: 1024px) 100vw, 1024px\" \/><\/figure><\/li><li class=\"blocks-gallery-item\"><figure><img loading=\"lazy\" decoding=\"async\" width=\"1024\" height=\"528\" src=\"http:\/\/www.hoteldesabers.com\/wp-content\/uploads\/2019\/11\/plage-de-la-varde-1024x528.jpg\" alt=\"\" data-id=\"632\" data-full-url=\"http:\/\/www.hoteldesabers.com\/wp-content\/uploads\/2019\/11\/plage-de-la-varde.jpg\" data-link=\"http:\/\/www.hoteldesabers.com\/en\/plage-de-la-varde-2\/\" class=\"wp-image-632 is-layout-flex wp-block-gallery-is-layout-flex\" srcset=\"https:\/\/www.hoteldesabers.com\/wp-content\/uploads\/2019\/11\/plage-de-la-varde-1024x528.jpg 1024w, https:\/\/www.hoteldesabers.com\/wp-content\/uploads\/2019\/11\/plage-de-la-varde-600x309.jpg 600w, https:\/\/www.hoteldesabers.com\/wp-content\/uploads\/2019\/11\/plage-de-la-varde-300x155.jpg 300w, https:\/\/www.hoteldesabers.com\/wp-content\/uploads\/2019\/11\/plage-de-la-varde-768x396.jpg 768w, https:\/\/www.hoteldesabers.com\/wp-content\/uploads\/2019\/11\/plage-de-la-varde-1536x792.jpg 1536w, https:\/\/www.hoteldesabers.com\/wp-content\/uploads\/2019\/11\/plage-de-la-varde.jpg 2000w\" sizes=\"auto, (max-width: 1024px) 100vw, 1024px\" \/><\/figure><\/li><\/ul><\/figure>\n","protected":false},"excerpt":{"rendered":"<p>What to do in Saint-Malo? Visit the National Fort The National Fort is classified as a historic monument. It was built according to the plans of the military architect Vauban and on the orders of Louis XIV to ensure the protection of the port of Saint-Malo. Do not hesitate to visit this building, only accessible [&hellip;]<\/p>\n","protected":false},"author":1,"featured_media":0,"parent":0,"menu_order":0,"comment_status":"closed","ping_status":"closed","template":"","meta":{"_acf_changed":false,"advgb_blocks_editor_width":"","advgb_blocks_columns_visual_guide":"","footnotes":""},"class_list":["post-548","page","type-page","status-publish","hentry"],"acf":[],"yoast_head":"<!-- This site is optimized with the Yoast SEO plugin v27.0 - https:\/\/yoast.com\/product\/yoast-seo-wordpress\/ -->\n<title>Visiting Saint-Malo: what to do in the old town? | H\u00f4tel des Abers<\/title>\n<meta name=\"description\" content=\"The H\u00f4tel des Abers is a charming hotel in Saint-Malo Intra-Muros. Check out our tips for visiting the Corsair City during your stay!\" \/>\n<meta name=\"robots\" content=\"index, follow, max-snippet:-1, max-image-preview:large, max-video-preview:-1\" \/>\n<link rel=\"canonical\" href=\"https:\/\/www.hoteldesabers.com\/en\/what-to-do-in-saint-malo\/\" \/>\n<meta property=\"og:locale\" content=\"en_US\" \/>\n<meta property=\"og:type\" content=\"article\" \/>\n<meta property=\"og:title\" content=\"Visiting Saint-Malo: what to do in the old town? | H\u00f4tel des Abers\" \/>\n<meta property=\"og:description\" content=\"The H\u00f4tel des Abers is a charming hotel in Saint-Malo Intra-Muros. Check out our tips for visiting the Corsair City during your stay!\" \/>\n<meta property=\"og:url\" content=\"https:\/\/www.hoteldesabers.com\/en\/what-to-do-in-saint-malo\/\" \/>\n<meta property=\"og:site_name\" content=\"H\u00f4tel des Abers\" \/>\n<meta property=\"article:modified_time\" content=\"2020-05-28T21:24:59+00:00\" \/>\n<meta property=\"og:image\" content=\"http:\/\/www.hoteldesabers.com\/wp-content\/uploads\/2019\/11\/saint-malo-fort-national-1024x576.jpg\" \/>\n<meta name=\"twitter:card\" content=\"summary_large_image\" \/>\n<meta name=\"twitter:label1\" content=\"Est. reading time\" \/>\n\t<meta name=\"twitter:data1\" content=\"1 minute\" \/>\n<script type=\"application\/ld+json\" class=\"yoast-schema-graph\">{\"@context\":\"https:\/\/schema.org\",\"@graph\":[{\"@type\":\"WebPage\",\"@id\":\"https:\/\/www.hoteldesabers.com\/en\/what-to-do-in-saint-malo\/\",\"url\":\"https:\/\/www.hoteldesabers.com\/en\/what-to-do-in-saint-malo\/\",\"name\":\"Visiting Saint-Malo: what to do in the old town? | H\u00f4tel des Abers\",\"isPartOf\":{\"@id\":\"https:\/\/www.hoteldesabers.com\/#website\"},\"primaryImageOfPage\":{\"@id\":\"https:\/\/www.hoteldesabers.com\/en\/what-to-do-in-saint-malo\/#primaryimage\"},\"image\":{\"@id\":\"https:\/\/www.hoteldesabers.com\/en\/what-to-do-in-saint-malo\/#primaryimage\"},\"thumbnailUrl\":\"http:\/\/www.hoteldesabers.com\/wp-content\/uploads\/2019\/11\/saint-malo-fort-national-1024x576.jpg\",\"datePublished\":\"2019-11-09T21:16:04+00:00\",\"dateModified\":\"2020-05-28T21:24:59+00:00\",\"description\":\"The H\u00f4tel des Abers is a charming hotel in Saint-Malo Intra-Muros. Check out our tips for visiting the Corsair City during your stay!\",\"breadcrumb\":{\"@id\":\"https:\/\/www.hoteldesabers.com\/en\/what-to-do-in-saint-malo\/#breadcrumb\"},\"inLanguage\":\"en-US\",\"potentialAction\":[{\"@type\":\"ReadAction\",\"target\":[\"https:\/\/www.hoteldesabers.com\/en\/what-to-do-in-saint-malo\/\"]}]},{\"@type\":\"ImageObject\",\"inLanguage\":\"en-US\",\"@id\":\"https:\/\/www.hoteldesabers.com\/en\/what-to-do-in-saint-malo\/#primaryimage\",\"url\":\"http:\/\/www.hoteldesabers.com\/wp-content\/uploads\/2019\/11\/saint-malo-fort-national-1024x576.jpg\",\"contentUrl\":\"http:\/\/www.hoteldesabers.com\/wp-content\/uploads\/2019\/11\/saint-malo-fort-national-1024x576.jpg\"},{\"@type\":\"BreadcrumbList\",\"@id\":\"https:\/\/www.hoteldesabers.com\/en\/what-to-do-in-saint-malo\/#breadcrumb\",\"itemListElement\":[{\"@type\":\"ListItem\",\"position\":1,\"name\":\"Accueil\",\"item\":\"https:\/\/www.hoteldesabers.com\/en\/\"},{\"@type\":\"ListItem\",\"position\":2,\"name\":\"What to do in Saint-Malo?\"}]},{\"@type\":\"WebSite\",\"@id\":\"https:\/\/www.hoteldesabers.com\/#website\",\"url\":\"https:\/\/www.hoteldesabers.com\/\",\"name\":\"H\u00f4tel des Abers\",\"description\":\"L&#039;H\u00f4tel des Abers est un h\u00f4tel de charme en plein coeur de Saint-Malo Intra-Muros, \u00e0 deux pas des plages et commerces\",\"potentialAction\":[{\"@type\":\"SearchAction\",\"target\":{\"@type\":\"EntryPoint\",\"urlTemplate\":\"https:\/\/www.hoteldesabers.com\/?s={search_term_string}\"},\"query-input\":{\"@type\":\"PropertyValueSpecification\",\"valueRequired\":true,\"valueName\":\"search_term_string\"}}],\"inLanguage\":\"en-US\"}]}<\/script>\n<!-- \/ Yoast SEO plugin. -->","yoast_head_json":{"title":"Visiting Saint-Malo: what to do in the old town? | H\u00f4tel des Abers","description":"The H\u00f4tel des Abers is a charming hotel in Saint-Malo Intra-Muros. Check out our tips for visiting the Corsair City during your stay!","robots":{"index":"index","follow":"follow","max-snippet":"max-snippet:-1","max-image-preview":"max-image-preview:large","max-video-preview":"max-video-preview:-1"},"canonical":"https:\/\/www.hoteldesabers.com\/en\/what-to-do-in-saint-malo\/","og_locale":"en_US","og_type":"article","og_title":"Visiting Saint-Malo: what to do in the old town? | H\u00f4tel des Abers","og_description":"The H\u00f4tel des Abers is a charming hotel in Saint-Malo Intra-Muros. Check out our tips for visiting the Corsair City during your stay!","og_url":"https:\/\/www.hoteldesabers.com\/en\/what-to-do-in-saint-malo\/","og_site_name":"H\u00f4tel des Abers","article_modified_time":"2020-05-28T21:24:59+00:00","og_image":[{"url":"http:\/\/www.hoteldesabers.com\/wp-content\/uploads\/2019\/11\/saint-malo-fort-national-1024x576.jpg","type":"","width":"","height":""}],"twitter_card":"summary_large_image","twitter_misc":{"Est. reading time":"1 minute"},"schema":{"@context":"https:\/\/schema.org","@graph":[{"@type":"WebPage","@id":"https:\/\/www.hoteldesabers.com\/en\/what-to-do-in-saint-malo\/","url":"https:\/\/www.hoteldesabers.com\/en\/what-to-do-in-saint-malo\/","name":"Visiting Saint-Malo: what to do in the old town? | H\u00f4tel des Abers","isPartOf":{"@id":"https:\/\/www.hoteldesabers.com\/#website"},"primaryImageOfPage":{"@id":"https:\/\/www.hoteldesabers.com\/en\/what-to-do-in-saint-malo\/#primaryimage"},"image":{"@id":"https:\/\/www.hoteldesabers.com\/en\/what-to-do-in-saint-malo\/#primaryimage"},"thumbnailUrl":"http:\/\/www.hoteldesabers.com\/wp-content\/uploads\/2019\/11\/saint-malo-fort-national-1024x576.jpg","datePublished":"2019-11-09T21:16:04+00:00","dateModified":"2020-05-28T21:24:59+00:00","description":"The H\u00f4tel des Abers is a charming hotel in Saint-Malo Intra-Muros. Check out our tips for visiting the Corsair City during your stay!","breadcrumb":{"@id":"https:\/\/www.hoteldesabers.com\/en\/what-to-do-in-saint-malo\/#breadcrumb"},"inLanguage":"en-US","potentialAction":[{"@type":"ReadAction","target":["https:\/\/www.hoteldesabers.com\/en\/what-to-do-in-saint-malo\/"]}]},{"@type":"ImageObject","inLanguage":"en-US","@id":"https:\/\/www.hoteldesabers.com\/en\/what-to-do-in-saint-malo\/#primaryimage","url":"http:\/\/www.hoteldesabers.com\/wp-content\/uploads\/2019\/11\/saint-malo-fort-national-1024x576.jpg","contentUrl":"http:\/\/www.hoteldesabers.com\/wp-content\/uploads\/2019\/11\/saint-malo-fort-national-1024x576.jpg"},{"@type":"BreadcrumbList","@id":"https:\/\/www.hoteldesabers.com\/en\/what-to-do-in-saint-malo\/#breadcrumb","itemListElement":[{"@type":"ListItem","position":1,"name":"Accueil","item":"https:\/\/www.hoteldesabers.com\/en\/"},{"@type":"ListItem","position":2,"name":"What to do in Saint-Malo?"}]},{"@type":"WebSite","@id":"https:\/\/www.hoteldesabers.com\/#website","url":"https:\/\/www.hoteldesabers.com\/","name":"H\u00f4tel des Abers","description":"L&#039;H\u00f4tel des Abers est un h\u00f4tel de charme en plein coeur de Saint-Malo Intra-Muros, \u00e0 deux pas des plages et commerces","potentialAction":[{"@type":"SearchAction","target":{"@type":"EntryPoint","urlTemplate":"https:\/\/www.hoteldesabers.com\/?s={search_term_string}"},"query-input":{"@type":"PropertyValueSpecification","valueRequired":true,"valueName":"search_term_string"}}],"inLanguage":"en-US"}]}},"coauthors":[],"author_meta":{"author_link":"https:\/\/www.hoteldesabers.com\/en\/author\/seb\/","display_name":"seb"},"relative_dates":{"created":"Posted 7 years ago","modified":"Updated 6 years ago"},"absolute_dates":{"created":"Posted on 9 November 2019","modified":"Updated on 28 May 2020"},"absolute_dates_time":{"created":"Posted on 9 November 2019 22 h 16 min","modified":"Updated on 28 May 2020 23 h 24 min"},"featured_img_caption":"","featured_img":false,"series_order":"","_links":{"self":[{"href":"https:\/\/www.hoteldesabers.com\/en\/wp-json\/wp\/v2\/pages\/548","targetHints":{"allow":["GET"]}}],"collection":[{"href":"https:\/\/www.hoteldesabers.com\/en\/wp-json\/wp\/v2\/pages"}],"about":[{"href":"https:\/\/www.hoteldesabers.com\/en\/wp-json\/wp\/v2\/types\/page"}],"author":[{"embeddable":true,"href":"https:\/\/www.hoteldesabers.com\/en\/wp-json\/wp\/v2\/users\/1"}],"replies":[{"embeddable":true,"href":"https:\/\/www.hoteldesabers.com\/en\/wp-json\/wp\/v2\/comments?post=548"}],"version-history":[{"count":4,"href":"https:\/\/www.hoteldesabers.com\/en\/wp-json\/wp\/v2\/pages\/548\/revisions"}],"predecessor-version":[{"id":1945,"href":"https:\/\/www.hoteldesabers.com\/en\/wp-json\/wp\/v2\/pages\/548\/revisions\/1945"}],"wp:attachment":[{"href":"https:\/\/www.hoteldesabers.com\/en\/wp-json\/wp\/v2\/media?parent=548"}],"curies":[{"name":"wp","href":"https:\/\/api.w.org\/{rel}","templated":true}]}}