{"id":545,"date":"2019-11-09T22:16:15","date_gmt":"2019-11-09T21:16:15","guid":{"rendered":"http:\/\/www.hoteldesabers.com\/mont-saint-michel\/"},"modified":"2019-11-28T00:19:52","modified_gmt":"2019-11-27T23:19:52","slug":"mont-saint-michel","status":"publish","type":"page","link":"https:\/\/www.hoteldesabers.com\/en\/mont-saint-michel\/","title":{"rendered":"Le Mont Saint-Michel"},"content":{"rendered":"\n<div class=\"wp-block-advgb-columns advgb-columns-wrapper\" id=\"advgb-cols-2ac08cb5-798a-4317-93da-8110e2f5b9c1\"><div class=\"advgb-columns-container\"><div class=\"advgb-columns advgb-columns-row advgb-is-mobile columns-valign-top advgb-columns-2 layout-34-14 mbl-layout-stacked vgutter-10\">\n<div class=\"wp-block-advgb-column advgb-column advgb-is-three-quarters-tablet advgb-is-full-mobile\" id=\"advgb-col-9434aac0-281e-4edc-af2a-0616a92659f7\"><div class=\"advgb-column-inner\" style=\"border-style:none;border-width:1px\">\n<h1 class=\"wp-block-heading\">Visit the Mont-Saint-Michel and its wonders<\/h1>\n\n\n\n<h2 class=\"wp-block-heading\">Find out everything you need to know<\/h2>\n\n\n\n<p>Mont Saint-Michel, nicknamed &#8220;Wonder of the West&#8221;, has been a UNESCO World Heritage Site since 1979. <\/p>\n\n\n\n<p class=\"has-normal-font-size\">According to legend, the construction of Mont Saint-Michel began after the triple appearance of Saint-Michel in the dreams of the Bishop of Avranches, Aubert, in 709. The site lives mainly from tourism. Indeed, Mont Saint-Michel has a large number of shops, hotels and restaurants. But you can also approach a more cultural or spiritual axis by coming to Mont Saint-Michel. <\/p>\n\n\n\n<p>At the top of Mont Saint-Michel is the thousand-year-old abbey. It depends on the Historical Monuments and can be visited every day of the week, freely or accompanied by a guide. It is also possible to attend the services animated by the Monastic Fraternities of Jerusalem, a community that settled in the abbey in 2001.<\/p>\n\n\n\n<p>Other activities are possible at Mont Saint-Michel, such as crossing the bay, canoeing or horseback riding. It is also possible to fly over Mont Saint-Michel and its bay in ULM or in a hot air balloon.<\/p>\n\n\n\n<figure class=\"wp-block-gallery columns-3 is-cropped wp-block-gallery-1\"><ul class=\"blocks-gallery-grid\"><li class=\"blocks-gallery-item\"><figure><a href=\"http:\/\/www.hoteldesabers.com\/wp-content\/uploads\/2019\/11\/toits-mont-saint-michel.jpg\"><img loading=\"lazy\" decoding=\"async\" width=\"1024\" height=\"576\" src=\"http:\/\/www.hoteldesabers.com\/wp-content\/uploads\/2019\/11\/toits-mont-saint-michel-1024x576.jpg\" alt=\"\" data-id=\"369\" data-full-url=\"http:\/\/www.hoteldesabers.com\/wp-content\/uploads\/2019\/11\/toits-mont-saint-michel.jpg\" data-link=\"http:\/\/www.hoteldesabers.com\/toits-mont-saint-michel\/\" class=\"wp-image-369\" srcset=\"https:\/\/www.hoteldesabers.com\/wp-content\/uploads\/2019\/11\/toits-mont-saint-michel-1024x576.jpg 1024w, https:\/\/www.hoteldesabers.com\/wp-content\/uploads\/2019\/11\/toits-mont-saint-michel-600x338.jpg 600w, https:\/\/www.hoteldesabers.com\/wp-content\/uploads\/2019\/11\/toits-mont-saint-michel-300x169.jpg 300w, https:\/\/www.hoteldesabers.com\/wp-content\/uploads\/2019\/11\/toits-mont-saint-michel-768x432.jpg 768w, https:\/\/www.hoteldesabers.com\/wp-content\/uploads\/2019\/11\/toits-mont-saint-michel-1536x864.jpg 1536w, https:\/\/www.hoteldesabers.com\/wp-content\/uploads\/2019\/11\/toits-mont-saint-michel.jpg 2000w\" sizes=\"auto, (max-width: 1024px) 100vw, 1024px\" \/><\/a><\/figure><\/li><li class=\"blocks-gallery-item\"><figure><a href=\"http:\/\/www.hoteldesabers.com\/wp-content\/uploads\/2019\/11\/cloitre-mont-saint-michel.jpg\"><img loading=\"lazy\" decoding=\"async\" width=\"1024\" height=\"618\" src=\"http:\/\/www.hoteldesabers.com\/wp-content\/uploads\/2019\/11\/cloitre-mont-saint-michel-1024x618.jpg\" alt=\"\" data-id=\"365\" data-full-url=\"http:\/\/www.hoteldesabers.com\/wp-content\/uploads\/2019\/11\/cloitre-mont-saint-michel.jpg\" data-link=\"http:\/\/www.hoteldesabers.com\/cloitre-mont-saint-michel\/\" class=\"wp-image-365\" srcset=\"https:\/\/www.hoteldesabers.com\/wp-content\/uploads\/2019\/11\/cloitre-mont-saint-michel-1024x618.jpg 1024w, https:\/\/www.hoteldesabers.com\/wp-content\/uploads\/2019\/11\/cloitre-mont-saint-michel-600x362.jpg 600w, https:\/\/www.hoteldesabers.com\/wp-content\/uploads\/2019\/11\/cloitre-mont-saint-michel-300x181.jpg 300w, https:\/\/www.hoteldesabers.com\/wp-content\/uploads\/2019\/11\/cloitre-mont-saint-michel-768x463.jpg 768w, https:\/\/www.hoteldesabers.com\/wp-content\/uploads\/2019\/11\/cloitre-mont-saint-michel-1536x927.jpg 1536w, https:\/\/www.hoteldesabers.com\/wp-content\/uploads\/2019\/11\/cloitre-mont-saint-michel.jpg 2000w\" sizes=\"auto, (max-width: 1024px) 100vw, 1024px\" \/><\/a><\/figure><\/li><li class=\"blocks-gallery-item\"><figure><a href=\"http:\/\/www.hoteldesabers.com\/wp-content\/uploads\/2019\/11\/baie-mont-saint-michel.jpg\"><img loading=\"lazy\" decoding=\"async\" width=\"1024\" height=\"683\" src=\"http:\/\/www.hoteldesabers.com\/wp-content\/uploads\/2019\/11\/baie-mont-saint-michel-1024x683.jpg\" alt=\"\" data-id=\"367\" data-full-url=\"http:\/\/www.hoteldesabers.com\/wp-content\/uploads\/2019\/11\/baie-mont-saint-michel.jpg\" data-link=\"http:\/\/www.hoteldesabers.com\/baie-mont-saint-michel\/\" class=\"wp-image-367\" srcset=\"https:\/\/www.hoteldesabers.com\/wp-content\/uploads\/2019\/11\/baie-mont-saint-michel-1024x683.jpg 1024w, https:\/\/www.hoteldesabers.com\/wp-content\/uploads\/2019\/11\/baie-mont-saint-michel-600x400.jpg 600w, https:\/\/www.hoteldesabers.com\/wp-content\/uploads\/2019\/11\/baie-mont-saint-michel-300x200.jpg 300w, https:\/\/www.hoteldesabers.com\/wp-content\/uploads\/2019\/11\/baie-mont-saint-michel-768x512.jpg 768w, https:\/\/www.hoteldesabers.com\/wp-content\/uploads\/2019\/11\/baie-mont-saint-michel-1536x1025.jpg 1536w, https:\/\/www.hoteldesabers.com\/wp-content\/uploads\/2019\/11\/baie-mont-saint-michel.jpg 2000w\" sizes=\"auto, (max-width: 1024px) 100vw, 1024px\" \/><\/a><\/figure><\/li><li class=\"blocks-gallery-item\"><figure><a href=\"http:\/\/www.hoteldesabers.com\/wp-content\/uploads\/2019\/11\/mont-saint-michel2.jpg\"><img loading=\"lazy\" decoding=\"async\" width=\"1024\" height=\"576\" src=\"http:\/\/www.hoteldesabers.com\/wp-content\/uploads\/2019\/11\/mont-saint-michel2-1024x576.jpg\" alt=\"\" data-id=\"371\" data-full-url=\"http:\/\/www.hoteldesabers.com\/wp-content\/uploads\/2019\/11\/mont-saint-michel2.jpg\" data-link=\"http:\/\/www.hoteldesabers.com\/mont-saint-michel2\/\" class=\"wp-image-371 is-layout-flex wp-block-gallery-is-layout-flex\" srcset=\"https:\/\/www.hoteldesabers.com\/wp-content\/uploads\/2019\/11\/mont-saint-michel2-1024x576.jpg 1024w, https:\/\/www.hoteldesabers.com\/wp-content\/uploads\/2019\/11\/mont-saint-michel2-600x338.jpg 600w, https:\/\/www.hoteldesabers.com\/wp-content\/uploads\/2019\/11\/mont-saint-michel2-300x169.jpg 300w, https:\/\/www.hoteldesabers.com\/wp-content\/uploads\/2019\/11\/mont-saint-michel2-768x432.jpg 768w, https:\/\/www.hoteldesabers.com\/wp-content\/uploads\/2019\/11\/mont-saint-michel2-1536x864.jpg 1536w, https:\/\/www.hoteldesabers.com\/wp-content\/uploads\/2019\/11\/mont-saint-michel2.jpg 2000w\" sizes=\"auto, (max-width: 1024px) 100vw, 1024px\" \/><\/a><\/figure><\/li><\/ul><\/figure>\n<\/div><\/div>\n\n\n\n<div class=\"wp-block-advgb-column advgb-column advgb-is-one-quarter-tablet advgb-is-full-mobile\" id=\"advgb-col-0370e758-f09a-4825-9f28-c0b5ff740243\"><div class=\"advgb-column-inner\" style=\"border-style:none;border-width:1px\">\n<div style=\"height:100px\" aria-hidden=\"true\" class=\"wp-block-spacer\"><\/div>\n\n\n\n<p class=\"has-text-align-center\"><span style=\"text-decoration: underline;\"><strong>Also look at:<\/strong><\/span><\/p>\n\n\n\n<div class=\"wp-block-advgb-image aligncenter advgb-image-block full-width advgb-img-c94dbdf3-905c-434f-97f4-5bd3235a865e\" style=\"background-image:url(http:\/\/www.hoteldesabers.com\/wp-content\/uploads\/2019\/11\/cancale-bretagne3.jpg);background-position:52.604166666666664% 60.18518518518518%;height:200px;width:500px;justify-content:center;align-items:center\" data-image=\"http:\/\/www.hoteldesabers.com\/wp-content\/uploads\/2019\/11\/cancale-bretagne3.jpg\"><a class=\"advgb-image-overlay\" style=\"background-color:#313131\" target=\"_self\" rel=\"noopener noreferrer\" href=\"http:\/\/www.hoteldesabers.com\/cancale\/\"><\/a><h4 class=\"advgb-image-title\" style=\"color:#fff\">Cancale \u27f6<\/h4><\/div>\n\n\n\n<div class=\"wp-block-advgb-image aligncenter advgb-image-block full-width advgb-img-c94dbdf3-905c-434f-97f4-5bd3235a865e\" style=\"background-image:url(http:\/\/www.hoteldesabers.com\/wp-content\/uploads\/2019\/11\/grandes-marees-saint-malo2.jpg);background-position:52.604166666666664% 60.18518518518518%;height:200px;width:500px;justify-content:center;align-items:center\" data-image=\"http:\/\/www.hoteldesabers.com\/wp-content\/uploads\/2019\/11\/grandes-marees-saint-malo2.jpg\"><a class=\"advgb-image-overlay\" style=\"background-color:#313131\" target=\"_self\" rel=\"noopener noreferrer\" href=\"http:\/\/www.hoteldesabers.com\/en\/high-tides\/\"><\/a><h4 class=\"advgb-image-title\" style=\"color:#fff\">High tides 2019 calendar \u27f6<\/h4><\/div>\n\n\n\n<div class=\"wp-block-advgb-image aligncenter advgb-image-block full-width advgb-img-c94dbdf3-905c-434f-97f4-5bd3235a865e\" style=\"background-image:url(http:\/\/www.hoteldesabers.com\/wp-content\/uploads\/2019\/11\/dinard-1.jpg);background-position:52.604166666666664% 60.18518518518518%;height:200px;width:500px;justify-content:center;align-items:center\" data-image=\"http:\/\/www.hoteldesabers.com\/wp-content\/uploads\/2019\/11\/dinard-1.jpg\"><a class=\"advgb-image-overlay\" style=\"background-color:#313131\" target=\"_self\" rel=\"noopener noreferrer\" href=\"http:\/\/www.hoteldesabers.com\/en\/dinard\/\"><\/a><h4 class=\"advgb-image-title\" style=\"color:#fff\">Dinard \u27f6<\/h4><\/div>\n\n\n\n<div class=\"wp-block-advgb-image aligncenter advgb-image-block full-width advgb-img-c94dbdf3-905c-434f-97f4-5bd3235a865e\" style=\"background-image:url(http:\/\/www.hoteldesabers.com\/wp-content\/uploads\/2019\/11\/Dinan-scaled.jpeg);background-position:52.604166666666664% 60.18518518518518%;height:200px;width:500px;justify-content:center;align-items:center\" data-image=\"http:\/\/www.hoteldesabers.com\/wp-content\/uploads\/2019\/11\/Dinan-scaled.jpeg\"><a class=\"advgb-image-overlay\" style=\"background-color:#313131\" target=\"_self\" rel=\"noopener noreferrer\" href=\"http:\/\/www.hoteldesabers.com\/en\/dinan\/\"><\/a><h4 class=\"advgb-image-title\" style=\"color:#fff\">Dinan \u27f6<\/h4><\/div>\n<\/div><\/div>\n<\/div><\/div><\/div>\n\n\n\n<p><\/p>\n<style class=\"advgb-styles-renderer\">#advgb-col-9434aac0-281e-4edc-af2a-0616a92659f7>.advgb-column-inner{padding-right:10px;}@media screen and (max-width: 1023px) {#advgb-col-9434aac0-281e-4edc-af2a-0616a92659f7>.advgb-column-inner{}}@media screen and (max-width: 767px) {#advgb-col-9434aac0-281e-4edc-af2a-0616a92659f7>.advgb-column-inner{padding-right:0px;}}.advgb-img-c94dbdf3-905c-434f-97f4-5bd3235a865e.advgb-image-block .advgb-image-overlay{opacity:0.4 !important;}.advgb-img-c94dbdf3-905c-434f-97f4-5bd3235a865e.advgb-image-block:hover .advgb-image-overlay{opacity:0.7 !important;}.advgb-img-c94dbdf3-905c-434f-97f4-5bd3235a865e.advgb-image-block .advgb-image-overlay{opacity:0.4 !important;}.advgb-img-c94dbdf3-905c-434f-97f4-5bd3235a865e.advgb-image-block:hover .advgb-image-overlay{opacity:0.7 !important;}.advgb-img-c94dbdf3-905c-434f-97f4-5bd3235a865e.advgb-image-block .advgb-image-overlay{opacity:0.4 !important;}.advgb-img-c94dbdf3-905c-434f-97f4-5bd3235a865e.advgb-image-block:hover .advgb-image-overlay{opacity:0.7 !important;}.advgb-img-c94dbdf3-905c-434f-97f4-5bd3235a865e.advgb-image-block .advgb-image-overlay{opacity:0.4 !important;}.advgb-img-c94dbdf3-905c-434f-97f4-5bd3235a865e.advgb-image-block:hover .advgb-image-overlay{opacity:0.7 !important;}#advgb-col-0370e758-f09a-4825-9f28-c0b5ff740243>.advgb-column-inner{padding-left:50px;}@media screen and (max-width: 1023px) {#advgb-col-0370e758-f09a-4825-9f28-c0b5ff740243>.advgb-column-inner{}}@media screen and (max-width: 767px) {#advgb-col-0370e758-f09a-4825-9f28-c0b5ff740243>.advgb-column-inner{padding-left:1px;}}.advgb-img-c94dbdf3-905c-434f-97f4-5bd3235a865e.advgb-image-block .advgb-image-overlay{opacity:0.4 !important;}.advgb-img-c94dbdf3-905c-434f-97f4-5bd3235a865e.advgb-image-block:hover .advgb-image-overlay{opacity:0.7 !important;}#advgb-cols-2ac08cb5-798a-4317-93da-8110e2f5b9c1{}@media screen and (max-width: 1023px) {#advgb-cols-2ac08cb5-798a-4317-93da-8110e2f5b9c1{}}@media screen and (max-width: 767px) {#advgb-cols-2ac08cb5-798a-4317-93da-8110e2f5b9c1{}}#advgb-col-9434aac0-281e-4edc-af2a-0616a92659f7>.advgb-column-inner{padding-right:10px;}@media screen and (max-width: 1023px) {#advgb-col-9434aac0-281e-4edc-af2a-0616a92659f7>.advgb-column-inner{}}@media screen and (max-width: 767px) {#advgb-col-9434aac0-281e-4edc-af2a-0616a92659f7>.advgb-column-inner{padding-right:0px;}}#advgb-col-0370e758-f09a-4825-9f28-c0b5ff740243>.advgb-column-inner{padding-left:50px;}@media screen and (max-width: 1023px) {#advgb-col-0370e758-f09a-4825-9f28-c0b5ff740243>.advgb-column-inner{}}@media screen and (max-width: 767px) {#advgb-col-0370e758-f09a-4825-9f28-c0b5ff740243>.advgb-column-inner{padding-left:1px;}}.advgb-img-c94dbdf3-905c-434f-97f4-5bd3235a865e.advgb-image-block .advgb-image-overlay{opacity:0.4 !important;}.advgb-img-c94dbdf3-905c-434f-97f4-5bd3235a865e.advgb-image-block:hover .advgb-image-overlay{opacity:0.7 !important;}<\/style>","protected":false},"excerpt":{"rendered":"","protected":false},"author":1,"featured_media":0,"parent":0,"menu_order":0,"comment_status":"closed","ping_status":"closed","template":"","meta":{"_acf_changed":false,"advgb_blocks_editor_width":"large","advgb_blocks_columns_visual_guide":"enable","footnotes":""},"class_list":["post-545","page","type-page","status-publish","hentry"],"acf":[],"yoast_head":"<!-- This site is optimized with the Yoast SEO plugin v27.0 - https:\/\/yoast.com\/product\/yoast-seo-wordpress\/ -->\n<title>Visit Mont Saint-Michel and learn about its history | H\u00f4tel des Abers<\/title>\n<meta name=\"description\" content=\"The H\u00f4tel des Abers is a charming hotel in Saint-Malo Intra-Muros. Check out our tips for visiting the Mont Saint-Michel during your stay!\" \/>\n<meta name=\"robots\" content=\"index, follow, max-snippet:-1, max-image-preview:large, max-video-preview:-1\" \/>\n<link rel=\"canonical\" href=\"https:\/\/www.hoteldesabers.com\/en\/mont-saint-michel\/\" \/>\n<meta property=\"og:locale\" content=\"en_US\" \/>\n<meta property=\"og:type\" content=\"article\" \/>\n<meta property=\"og:title\" content=\"Visit Mont Saint-Michel and learn about its history | H\u00f4tel des Abers\" \/>\n<meta property=\"og:description\" content=\"The H\u00f4tel des Abers is a charming hotel in Saint-Malo Intra-Muros. Check out our tips for visiting the Mont Saint-Michel during your stay!\" \/>\n<meta property=\"og:url\" content=\"https:\/\/www.hoteldesabers.com\/en\/mont-saint-michel\/\" \/>\n<meta property=\"og:site_name\" content=\"H\u00f4tel des Abers\" \/>\n<meta property=\"article:modified_time\" content=\"2019-11-27T23:19:52+00:00\" \/>\n<meta property=\"og:image\" content=\"http:\/\/www.hoteldesabers.com\/wp-content\/uploads\/2019\/11\/toits-mont-saint-michel-1024x576.jpg\" \/>\n<meta name=\"twitter:card\" content=\"summary_large_image\" \/>\n<meta name=\"twitter:label1\" content=\"Est. reading time\" \/>\n\t<meta name=\"twitter:data1\" content=\"1 minute\" \/>\n<script type=\"application\/ld+json\" class=\"yoast-schema-graph\">{\"@context\":\"https:\/\/schema.org\",\"@graph\":[{\"@type\":\"WebPage\",\"@id\":\"https:\/\/www.hoteldesabers.com\/en\/mont-saint-michel\/\",\"url\":\"https:\/\/www.hoteldesabers.com\/en\/mont-saint-michel\/\",\"name\":\"Visit Mont Saint-Michel and learn about its history | H\u00f4tel des Abers\",\"isPartOf\":{\"@id\":\"https:\/\/www.hoteldesabers.com\/#website\"},\"primaryImageOfPage\":{\"@id\":\"https:\/\/www.hoteldesabers.com\/en\/mont-saint-michel\/#primaryimage\"},\"image\":{\"@id\":\"https:\/\/www.hoteldesabers.com\/en\/mont-saint-michel\/#primaryimage\"},\"thumbnailUrl\":\"http:\/\/www.hoteldesabers.com\/wp-content\/uploads\/2019\/11\/toits-mont-saint-michel-1024x576.jpg\",\"datePublished\":\"2019-11-09T21:16:15+00:00\",\"dateModified\":\"2019-11-27T23:19:52+00:00\",\"description\":\"The H\u00f4tel des Abers is a charming hotel in Saint-Malo Intra-Muros. Check out our tips for visiting the Mont Saint-Michel during your stay!\",\"breadcrumb\":{\"@id\":\"https:\/\/www.hoteldesabers.com\/en\/mont-saint-michel\/#breadcrumb\"},\"inLanguage\":\"en-US\",\"potentialAction\":[{\"@type\":\"ReadAction\",\"target\":[\"https:\/\/www.hoteldesabers.com\/en\/mont-saint-michel\/\"]}]},{\"@type\":\"ImageObject\",\"inLanguage\":\"en-US\",\"@id\":\"https:\/\/www.hoteldesabers.com\/en\/mont-saint-michel\/#primaryimage\",\"url\":\"http:\/\/www.hoteldesabers.com\/wp-content\/uploads\/2019\/11\/toits-mont-saint-michel-1024x576.jpg\",\"contentUrl\":\"http:\/\/www.hoteldesabers.com\/wp-content\/uploads\/2019\/11\/toits-mont-saint-michel-1024x576.jpg\"},{\"@type\":\"BreadcrumbList\",\"@id\":\"https:\/\/www.hoteldesabers.com\/en\/mont-saint-michel\/#breadcrumb\",\"itemListElement\":[{\"@type\":\"ListItem\",\"position\":1,\"name\":\"Accueil\",\"item\":\"https:\/\/www.hoteldesabers.com\/en\/\"},{\"@type\":\"ListItem\",\"position\":2,\"name\":\"Le Mont Saint-Michel\"}]},{\"@type\":\"WebSite\",\"@id\":\"https:\/\/www.hoteldesabers.com\/#website\",\"url\":\"https:\/\/www.hoteldesabers.com\/\",\"name\":\"H\u00f4tel des Abers\",\"description\":\"L&#039;H\u00f4tel des Abers est un h\u00f4tel de charme en plein coeur de Saint-Malo Intra-Muros, \u00e0 deux pas des plages et commerces\",\"potentialAction\":[{\"@type\":\"SearchAction\",\"target\":{\"@type\":\"EntryPoint\",\"urlTemplate\":\"https:\/\/www.hoteldesabers.com\/?s={search_term_string}\"},\"query-input\":{\"@type\":\"PropertyValueSpecification\",\"valueRequired\":true,\"valueName\":\"search_term_string\"}}],\"inLanguage\":\"en-US\"}]}<\/script>\n<!-- \/ Yoast SEO plugin. -->","yoast_head_json":{"title":"Visit Mont Saint-Michel and learn about its history | H\u00f4tel des Abers","description":"The H\u00f4tel des Abers is a charming hotel in Saint-Malo Intra-Muros. Check out our tips for visiting the Mont Saint-Michel during your stay!","robots":{"index":"index","follow":"follow","max-snippet":"max-snippet:-1","max-image-preview":"max-image-preview:large","max-video-preview":"max-video-preview:-1"},"canonical":"https:\/\/www.hoteldesabers.com\/en\/mont-saint-michel\/","og_locale":"en_US","og_type":"article","og_title":"Visit Mont Saint-Michel and learn about its history | H\u00f4tel des Abers","og_description":"The H\u00f4tel des Abers is a charming hotel in Saint-Malo Intra-Muros. Check out our tips for visiting the Mont Saint-Michel during your stay!","og_url":"https:\/\/www.hoteldesabers.com\/en\/mont-saint-michel\/","og_site_name":"H\u00f4tel des Abers","article_modified_time":"2019-11-27T23:19:52+00:00","og_image":[{"url":"http:\/\/www.hoteldesabers.com\/wp-content\/uploads\/2019\/11\/toits-mont-saint-michel-1024x576.jpg","type":"","width":"","height":""}],"twitter_card":"summary_large_image","twitter_misc":{"Est. reading time":"1 minute"},"schema":{"@context":"https:\/\/schema.org","@graph":[{"@type":"WebPage","@id":"https:\/\/www.hoteldesabers.com\/en\/mont-saint-michel\/","url":"https:\/\/www.hoteldesabers.com\/en\/mont-saint-michel\/","name":"Visit Mont Saint-Michel and learn about its history | H\u00f4tel des Abers","isPartOf":{"@id":"https:\/\/www.hoteldesabers.com\/#website"},"primaryImageOfPage":{"@id":"https:\/\/www.hoteldesabers.com\/en\/mont-saint-michel\/#primaryimage"},"image":{"@id":"https:\/\/www.hoteldesabers.com\/en\/mont-saint-michel\/#primaryimage"},"thumbnailUrl":"http:\/\/www.hoteldesabers.com\/wp-content\/uploads\/2019\/11\/toits-mont-saint-michel-1024x576.jpg","datePublished":"2019-11-09T21:16:15+00:00","dateModified":"2019-11-27T23:19:52+00:00","description":"The H\u00f4tel des Abers is a charming hotel in Saint-Malo Intra-Muros. Check out our tips for visiting the Mont Saint-Michel during your stay!","breadcrumb":{"@id":"https:\/\/www.hoteldesabers.com\/en\/mont-saint-michel\/#breadcrumb"},"inLanguage":"en-US","potentialAction":[{"@type":"ReadAction","target":["https:\/\/www.hoteldesabers.com\/en\/mont-saint-michel\/"]}]},{"@type":"ImageObject","inLanguage":"en-US","@id":"https:\/\/www.hoteldesabers.com\/en\/mont-saint-michel\/#primaryimage","url":"http:\/\/www.hoteldesabers.com\/wp-content\/uploads\/2019\/11\/toits-mont-saint-michel-1024x576.jpg","contentUrl":"http:\/\/www.hoteldesabers.com\/wp-content\/uploads\/2019\/11\/toits-mont-saint-michel-1024x576.jpg"},{"@type":"BreadcrumbList","@id":"https:\/\/www.hoteldesabers.com\/en\/mont-saint-michel\/#breadcrumb","itemListElement":[{"@type":"ListItem","position":1,"name":"Accueil","item":"https:\/\/www.hoteldesabers.com\/en\/"},{"@type":"ListItem","position":2,"name":"Le Mont Saint-Michel"}]},{"@type":"WebSite","@id":"https:\/\/www.hoteldesabers.com\/#website","url":"https:\/\/www.hoteldesabers.com\/","name":"H\u00f4tel des Abers","description":"L&#039;H\u00f4tel des Abers est un h\u00f4tel de charme en plein coeur de Saint-Malo Intra-Muros, \u00e0 deux pas des plages et commerces","potentialAction":[{"@type":"SearchAction","target":{"@type":"EntryPoint","urlTemplate":"https:\/\/www.hoteldesabers.com\/?s={search_term_string}"},"query-input":{"@type":"PropertyValueSpecification","valueRequired":true,"valueName":"search_term_string"}}],"inLanguage":"en-US"}]}},"coauthors":[],"author_meta":{"author_link":"https:\/\/www.hoteldesabers.com\/en\/author\/seb\/","display_name":"seb"},"relative_dates":{"created":"Posted 6 years ago","modified":"Updated 6 years ago"},"absolute_dates":{"created":"Posted on 9 November 2019","modified":"Updated on 28 November 2019"},"absolute_dates_time":{"created":"Posted on 9 November 2019 22 h 16 min","modified":"Updated on 28 November 2019 0 h 19 min"},"featured_img_caption":"","featured_img":false,"series_order":"","_links":{"self":[{"href":"https:\/\/www.hoteldesabers.com\/en\/wp-json\/wp\/v2\/pages\/545","targetHints":{"allow":["GET"]}}],"collection":[{"href":"https:\/\/www.hoteldesabers.com\/en\/wp-json\/wp\/v2\/pages"}],"about":[{"href":"https:\/\/www.hoteldesabers.com\/en\/wp-json\/wp\/v2\/types\/page"}],"author":[{"embeddable":true,"href":"https:\/\/www.hoteldesabers.com\/en\/wp-json\/wp\/v2\/users\/1"}],"replies":[{"embeddable":true,"href":"https:\/\/www.hoteldesabers.com\/en\/wp-json\/wp\/v2\/comments?post=545"}],"version-history":[{"count":3,"href":"https:\/\/www.hoteldesabers.com\/en\/wp-json\/wp\/v2\/pages\/545\/revisions"}],"predecessor-version":[{"id":657,"href":"https:\/\/www.hoteldesabers.com\/en\/wp-json\/wp\/v2\/pages\/545\/revisions\/657"}],"wp:attachment":[{"href":"https:\/\/www.hoteldesabers.com\/en\/wp-json\/wp\/v2\/media?parent=545"}],"curies":[{"name":"wp","href":"https:\/\/api.w.org\/{rel}","templated":true}]}}