{"id":541,"date":"2021-01-24T01:49:25","date_gmt":"2021-01-24T00:49:25","guid":{"rendered":"http:\/\/www.hoteldesabers.com\/grandes-marees\/"},"modified":"2026-02-23T14:15:13","modified_gmt":"2026-02-23T13:15:13","slug":"high-tides","status":"publish","type":"page","link":"https:\/\/www.hoteldesabers.com\/en\/high-tides\/","title":{"rendered":"The high tides"},"content":{"rendered":"\n<p>The high tides in Saint-Malo are a show not to be missed. The bay of Saint-Malo and the bay of Mt St Michel are the scene of the highest tides in Europe! In connection with the lunar cycles, the sea takes 6 hours to rise, remains about twenty minutes, then takes 6 hours to come down, and so on&#8230;<\/p>\n\n\n\n<figure class=\"wp-block-image size-large\"><img loading=\"lazy\" decoding=\"async\" width=\"1024\" height=\"683\" src=\"https:\/\/www.hoteldesabers.com\/wp-content\/uploads\/2019\/11\/grandes-marees-saint-malo3-1024x683.jpg\" alt=\"high tides in saint malo\" class=\"wp-image-402\" srcset=\"https:\/\/www.hoteldesabers.com\/wp-content\/uploads\/2019\/11\/grandes-marees-saint-malo3-1024x683.jpg 1024w, https:\/\/www.hoteldesabers.com\/wp-content\/uploads\/2019\/11\/grandes-marees-saint-malo3-600x400.jpg 600w, https:\/\/www.hoteldesabers.com\/wp-content\/uploads\/2019\/11\/grandes-marees-saint-malo3-300x200.jpg 300w, https:\/\/www.hoteldesabers.com\/wp-content\/uploads\/2019\/11\/grandes-marees-saint-malo3-768x512.jpg 768w, https:\/\/www.hoteldesabers.com\/wp-content\/uploads\/2019\/11\/grandes-marees-saint-malo3-1536x1025.jpg 1536w, https:\/\/www.hoteldesabers.com\/wp-content\/uploads\/2019\/11\/grandes-marees-saint-malo3.jpg 2000w\" sizes=\"auto, (max-width: 1024px) 100vw, 1024px\" \/><\/figure>\n\n\n\n<h2 class=\"wp-block-heading\">Schedules and Coefficients of High Tides in Saint-Malo in 2026<\/h2>\n\n\n\n<h3 class=\"wp-block-heading\">March<\/h3>\n\n\n\n<p>Tuesday 3: coeff. 97 (12.15m)<br>Wednesday 4: coeff. 99 (12.49m)<br>Thursday 5: coeff. 99 (12.55m)<br>Friday 6: coeff. 94 (12.34m)<br>Wednesday 18: coeff. 92 (11.83m)<br>Thursday 19: coeff. 101 (12.31m)<br>Friday 20: coeff. 104 (12.66m)<br>Saturday 21: coeff. 104 (12.75m)<br>Sunday 22: coeff. 100 (12.51m)<\/p>\n\n\n\n<h3 class=\"wp-block-heading\">April<\/h3>\n\n\n\n<p>Thursday 2: coeff. 93 (12.13m)<br>Friday 3: coeff. 93 (12.15m)<br>Saturday 4: coeff. 89 (11.97m)<br>Thursday 16: coeff. 93 (11.87m)<br>Friday 17: coeff. 101 (12.37m)<br>Saturday 18: coeff. 104 (12.63m)<br>Sunday 19: coeff. 104 (12.63m)<br>Monday 20: coeff. 99 (12.36m)<\/p>\n\n\n\n<h3 class=\"wp-block-heading\">May<\/h3>\n\n\n\n<p>Saturday 16: coeff. 92 (11.86m)<br>Sunday 17: coeff. 99 (12.39m)<br>Monday 18: coeff. 99 (12.39m)<br>Tuesday 19: coeff. 95 (12.12m)<\/p>\n\n\n\n<h3 class=\"wp-block-heading\">June<\/h3>\n\n\n\n<p>Monday 15: coeff. 90 (11.65m)<br>Tuesday 16: coeff. 95 (12.22m)<br>Wednesday 17: coeff. 94 (11.87m)<br>Thursday 18: coeff. 90 (11.87m)<\/p>\n\n\n\n<h3 class=\"wp-block-heading\">July<\/h3>\n\n\n\n<p>Tuesday 14: coeff. 90 (11.91m)<br>Wednesday 15: coeff. 96 (12.32m)<br>Thursday 16: coeff. 98 (12.49m)<br>Friday 17: coeff. 97 (12.37m)<br>Saturday 18: coeff. 91 (11.82m)<\/p>\n\n\n\n<h3 class=\"wp-block-heading\">August<\/h3>\n\n\n\n<p>Wednesday 12: coeff. 93 (12.10m)<br>Thursday 13: coeff. 100 (12.60m)<br>Friday 14: coeff. 102 (12.79m)<br>Saturday 15: coeff. 101 (12.39m)<br>Sunday 16: coeff. 95 (12.15m)<br>Saturday 29: coeff. 91 (12.21m)<br>Sunday 30: coeff. 93 (12.34m)<br>Monday 31: coeff. 93 (12.08m)<\/p>\n\n\n\n<h3 class=\"wp-block-heading\">September<\/h3>\n\n\n\n<p>Thursday 10: coeff. 95 (12.28m)<br>Friday 11: coeff. 101 (12.70m)<br>Saturday 12: coeff. 101 (12.79m)<br>Sunday 13: coeff. 97 (12.60m)<br>Monday 14: coeff. 93 (12.21m)<br>Saturday 26: coeff. 92 (12.17m)<br>Sunday 27: coeff. 97 (12.50m)<br>Monday 28: coeff. 99 (12.60m)<br>Tuesday 29: coeff. 98 (12.45m)<br>Wednesday 30: coeff. 92 (12.23m)<\/p>\n\n\n\n<h3 class=\"wp-block-heading\">October<\/h3>\n\n\n\n<p>Friday 9: coeff. 91 (12.12m)<br>Saturday 10: coeff. 95 (12.39m)<br>Sunday 11: coeff. 95 (12.40m)<br>Monday 12: coeff. 93 (12.24m)<br>Sunday 25: coeff. 92 (12.09m)<br>Monday 26: coeff. 98 (12.44m)<br>Tuesday 27: coeff. 100 (12.55m)<br>Wednesday 28: coeff. 99 (12.56m)<br>Thursday 29: coeff. 93 (12.33m)<\/p>\n\n\n\n<h3 class=\"wp-block-heading\">November<\/h3>\n\n\n\n<p>Tuesday 24: coeff. 93 (12.07m)<br>Wednesday 25: coeff. 97 (12.43m)<br>Thursday 26: coeff. 97 (12.47m)<br>Friday 27: coeff. 94 (12.35m)<\/p>\n\n\n\n<h3 class=\"wp-block-heading\">December<\/h3>\n\n\n\n<p>Thursday 24: coeff. 95 (11.95m)<br>Friday 25: coeff. 99 (12.16m)<br>Saturday 26: coeff. 99 (12.54m)<br>Sunday 27: coeff. 96 (12.43m)<\/p>\n","protected":false},"excerpt":{"rendered":"<p>The high tides in Saint-Malo are a show not to be missed. The bay of Saint-Malo and the bay of Mt St Michel are the scene of the highest tides in Europe! In connection with the lunar cycles, the sea takes 6 hours to rise, remains about twenty minutes, then takes 6 hours to come [&hellip;]<\/p>\n","protected":false},"author":2,"featured_media":0,"parent":0,"menu_order":0,"comment_status":"closed","ping_status":"closed","template":"","meta":{"_acf_changed":false,"advgb_blocks_editor_width":"large","advgb_blocks_columns_visual_guide":"enable","footnotes":""},"class_list":["post-541","page","type-page","status-publish","hentry"],"acf":[],"yoast_head":"<!-- This site is optimized with the Yoast SEO plugin v27.0 - https:\/\/yoast.com\/product\/yoast-seo-wordpress\/ -->\n<title>Calendar of high tides 2025 in Saint-Malo | H\u00f4tel des Abers<\/title>\n<meta name=\"description\" content=\"Discover the schedules of the high tides in 2025, understand how this mechanism works and why it is so important in Saint-Malo.\" \/>\n<meta name=\"robots\" content=\"index, follow, max-snippet:-1, max-image-preview:large, max-video-preview:-1\" \/>\n<link rel=\"canonical\" href=\"https:\/\/www.hoteldesabers.com\/en\/high-tides\/\" \/>\n<meta property=\"og:locale\" content=\"en_US\" \/>\n<meta property=\"og:type\" content=\"article\" \/>\n<meta property=\"og:title\" content=\"Calendar of high tides 2025 in Saint-Malo | H\u00f4tel des Abers\" \/>\n<meta property=\"og:description\" content=\"Discover the schedules of the high tides in 2025, understand how this mechanism works and why it is so important in Saint-Malo.\" \/>\n<meta property=\"og:url\" content=\"https:\/\/www.hoteldesabers.com\/en\/high-tides\/\" \/>\n<meta property=\"og:site_name\" content=\"H\u00f4tel des Abers\" \/>\n<meta property=\"article:modified_time\" content=\"2026-02-23T13:15:13+00:00\" \/>\n<meta property=\"og:image\" content=\"https:\/\/www.hoteldesabers.com\/wp-content\/uploads\/2019\/11\/grandes-marees-saint-malo3.jpg\" \/>\n\t<meta property=\"og:image:width\" content=\"2000\" \/>\n\t<meta property=\"og:image:height\" content=\"1334\" \/>\n\t<meta property=\"og:image:type\" content=\"image\/jpeg\" \/>\n<meta name=\"twitter:card\" content=\"summary_large_image\" \/>\n<meta name=\"twitter:label1\" content=\"Est. reading time\" \/>\n\t<meta name=\"twitter:data1\" content=\"3 minutes\" \/>\n<script type=\"application\/ld+json\" class=\"yoast-schema-graph\">{\"@context\":\"https:\/\/schema.org\",\"@graph\":[{\"@type\":\"WebPage\",\"@id\":\"https:\/\/www.hoteldesabers.com\/en\/high-tides\/\",\"url\":\"https:\/\/www.hoteldesabers.com\/en\/high-tides\/\",\"name\":\"Calendar of high tides 2025 in Saint-Malo | H\u00f4tel des Abers\",\"isPartOf\":{\"@id\":\"https:\/\/www.hoteldesabers.com\/#website\"},\"primaryImageOfPage\":{\"@id\":\"https:\/\/www.hoteldesabers.com\/en\/high-tides\/#primaryimage\"},\"image\":{\"@id\":\"https:\/\/www.hoteldesabers.com\/en\/high-tides\/#primaryimage\"},\"thumbnailUrl\":\"https:\/\/www.hoteldesabers.com\/wp-content\/uploads\/2019\/11\/grandes-marees-saint-malo3-1024x683.jpg\",\"datePublished\":\"2021-01-24T00:49:25+00:00\",\"dateModified\":\"2026-02-23T13:15:13+00:00\",\"description\":\"Discover the schedules of the high tides in 2025, understand how this mechanism works and why it is so important in Saint-Malo.\",\"breadcrumb\":{\"@id\":\"https:\/\/www.hoteldesabers.com\/en\/high-tides\/#breadcrumb\"},\"inLanguage\":\"en-US\",\"potentialAction\":[{\"@type\":\"ReadAction\",\"target\":[\"https:\/\/www.hoteldesabers.com\/en\/high-tides\/\"]}]},{\"@type\":\"ImageObject\",\"inLanguage\":\"en-US\",\"@id\":\"https:\/\/www.hoteldesabers.com\/en\/high-tides\/#primaryimage\",\"url\":\"https:\/\/www.hoteldesabers.com\/wp-content\/uploads\/2019\/11\/grandes-marees-saint-malo3-1024x683.jpg\",\"contentUrl\":\"https:\/\/www.hoteldesabers.com\/wp-content\/uploads\/2019\/11\/grandes-marees-saint-malo3-1024x683.jpg\"},{\"@type\":\"BreadcrumbList\",\"@id\":\"https:\/\/www.hoteldesabers.com\/en\/high-tides\/#breadcrumb\",\"itemListElement\":[{\"@type\":\"ListItem\",\"position\":1,\"name\":\"Accueil\",\"item\":\"https:\/\/www.hoteldesabers.com\/en\/\"},{\"@type\":\"ListItem\",\"position\":2,\"name\":\"The high tides\"}]},{\"@type\":\"WebSite\",\"@id\":\"https:\/\/www.hoteldesabers.com\/#website\",\"url\":\"https:\/\/www.hoteldesabers.com\/\",\"name\":\"H\u00f4tel des Abers\",\"description\":\"L&#039;H\u00f4tel des Abers est un h\u00f4tel de charme en plein coeur de Saint-Malo Intra-Muros, \u00e0 deux pas des plages et commerces\",\"potentialAction\":[{\"@type\":\"SearchAction\",\"target\":{\"@type\":\"EntryPoint\",\"urlTemplate\":\"https:\/\/www.hoteldesabers.com\/?s={search_term_string}\"},\"query-input\":{\"@type\":\"PropertyValueSpecification\",\"valueRequired\":true,\"valueName\":\"search_term_string\"}}],\"inLanguage\":\"en-US\"}]}<\/script>\n<!-- \/ Yoast SEO plugin. -->","yoast_head_json":{"title":"Calendar of high tides 2025 in Saint-Malo | H\u00f4tel des Abers","description":"Discover the schedules of the high tides in 2025, understand how this mechanism works and why it is so important in Saint-Malo.","robots":{"index":"index","follow":"follow","max-snippet":"max-snippet:-1","max-image-preview":"max-image-preview:large","max-video-preview":"max-video-preview:-1"},"canonical":"https:\/\/www.hoteldesabers.com\/en\/high-tides\/","og_locale":"en_US","og_type":"article","og_title":"Calendar of high tides 2025 in Saint-Malo | H\u00f4tel des Abers","og_description":"Discover the schedules of the high tides in 2025, understand how this mechanism works and why it is so important in Saint-Malo.","og_url":"https:\/\/www.hoteldesabers.com\/en\/high-tides\/","og_site_name":"H\u00f4tel des Abers","article_modified_time":"2026-02-23T13:15:13+00:00","og_image":[{"width":2000,"height":1334,"url":"https:\/\/www.hoteldesabers.com\/wp-content\/uploads\/2019\/11\/grandes-marees-saint-malo3.jpg","type":"image\/jpeg"}],"twitter_card":"summary_large_image","twitter_misc":{"Est. reading time":"3 minutes"},"schema":{"@context":"https:\/\/schema.org","@graph":[{"@type":"WebPage","@id":"https:\/\/www.hoteldesabers.com\/en\/high-tides\/","url":"https:\/\/www.hoteldesabers.com\/en\/high-tides\/","name":"Calendar of high tides 2025 in Saint-Malo | H\u00f4tel des Abers","isPartOf":{"@id":"https:\/\/www.hoteldesabers.com\/#website"},"primaryImageOfPage":{"@id":"https:\/\/www.hoteldesabers.com\/en\/high-tides\/#primaryimage"},"image":{"@id":"https:\/\/www.hoteldesabers.com\/en\/high-tides\/#primaryimage"},"thumbnailUrl":"https:\/\/www.hoteldesabers.com\/wp-content\/uploads\/2019\/11\/grandes-marees-saint-malo3-1024x683.jpg","datePublished":"2021-01-24T00:49:25+00:00","dateModified":"2026-02-23T13:15:13+00:00","description":"Discover the schedules of the high tides in 2025, understand how this mechanism works and why it is so important in Saint-Malo.","breadcrumb":{"@id":"https:\/\/www.hoteldesabers.com\/en\/high-tides\/#breadcrumb"},"inLanguage":"en-US","potentialAction":[{"@type":"ReadAction","target":["https:\/\/www.hoteldesabers.com\/en\/high-tides\/"]}]},{"@type":"ImageObject","inLanguage":"en-US","@id":"https:\/\/www.hoteldesabers.com\/en\/high-tides\/#primaryimage","url":"https:\/\/www.hoteldesabers.com\/wp-content\/uploads\/2019\/11\/grandes-marees-saint-malo3-1024x683.jpg","contentUrl":"https:\/\/www.hoteldesabers.com\/wp-content\/uploads\/2019\/11\/grandes-marees-saint-malo3-1024x683.jpg"},{"@type":"BreadcrumbList","@id":"https:\/\/www.hoteldesabers.com\/en\/high-tides\/#breadcrumb","itemListElement":[{"@type":"ListItem","position":1,"name":"Accueil","item":"https:\/\/www.hoteldesabers.com\/en\/"},{"@type":"ListItem","position":2,"name":"The high tides"}]},{"@type":"WebSite","@id":"https:\/\/www.hoteldesabers.com\/#website","url":"https:\/\/www.hoteldesabers.com\/","name":"H\u00f4tel des Abers","description":"L&#039;H\u00f4tel des Abers est un h\u00f4tel de charme en plein coeur de Saint-Malo Intra-Muros, \u00e0 deux pas des plages et commerces","potentialAction":[{"@type":"SearchAction","target":{"@type":"EntryPoint","urlTemplate":"https:\/\/www.hoteldesabers.com\/?s={search_term_string}"},"query-input":{"@type":"PropertyValueSpecification","valueRequired":true,"valueName":"search_term_string"}}],"inLanguage":"en-US"}]}},"coauthors":[],"author_meta":{"author_link":"https:\/\/www.hoteldesabers.com\/en\/author\/sarah\/","display_name":"sarah"},"relative_dates":{"created":"Posted 5 years ago","modified":"Updated 3 months ago"},"absolute_dates":{"created":"Posted on 24 January 2021","modified":"Updated on 23 February 2026"},"absolute_dates_time":{"created":"Posted on 24 January 2021 1 h 49 min","modified":"Updated on 23 February 2026 14 h 15 min"},"featured_img_caption":"","featured_img":false,"series_order":"","_links":{"self":[{"href":"https:\/\/www.hoteldesabers.com\/en\/wp-json\/wp\/v2\/pages\/541","targetHints":{"allow":["GET"]}}],"collection":[{"href":"https:\/\/www.hoteldesabers.com\/en\/wp-json\/wp\/v2\/pages"}],"about":[{"href":"https:\/\/www.hoteldesabers.com\/en\/wp-json\/wp\/v2\/types\/page"}],"author":[{"embeddable":true,"href":"https:\/\/www.hoteldesabers.com\/en\/wp-json\/wp\/v2\/users\/2"}],"replies":[{"embeddable":true,"href":"https:\/\/www.hoteldesabers.com\/en\/wp-json\/wp\/v2\/comments?post=541"}],"version-history":[{"count":20,"href":"https:\/\/www.hoteldesabers.com\/en\/wp-json\/wp\/v2\/pages\/541\/revisions"}],"predecessor-version":[{"id":2910,"href":"https:\/\/www.hoteldesabers.com\/en\/wp-json\/wp\/v2\/pages\/541\/revisions\/2910"}],"wp:attachment":[{"href":"https:\/\/www.hoteldesabers.com\/en\/wp-json\/wp\/v2\/media?parent=541"}],"curies":[{"name":"wp","href":"https:\/\/api.w.org\/{rel}","templated":true}]}}