{"id":539,"date":"2019-11-24T21:15:41","date_gmt":"2019-11-24T20:15:41","guid":{"rendered":"http:\/\/www.hoteldesabers.com\/dinard\/"},"modified":"2019-11-28T00:18:08","modified_gmt":"2019-11-27T23:18:08","slug":"dinard","status":"publish","type":"page","link":"https:\/\/www.hoteldesabers.com\/en\/dinard\/","title":{"rendered":"Dinard"},"content":{"rendered":"\n<div class=\"wp-block-advgb-columns advgb-columns-wrapper\" id=\"advgb-cols-dcfbb1a4-8440-40b8-abb4-befc193189fb\"><div class=\"advgb-columns-container\"><div class=\"advgb-columns advgb-columns-row advgb-is-mobile columns-valign-top advgb-columns-2 layout-34-14 mbl-layout-stacked vgutter-10\">\n<div class=\"wp-block-advgb-column advgb-column advgb-is-three-quarters-tablet advgb-is-full-mobile\" id=\"advgb-col-fdecf360-3d26-4273-be50-117f390c135e\"><div class=\"advgb-column-inner\" style=\"border-style:none;border-width:1px\">\n<h1 class=\"wp-block-heading\">Visit Dinard<\/h1>\n\n\n\n<p>Dinard is a seaside resort located a few kilometres from Saint-Malo. This small maritime town has kept the charm of La Belle Epoque, as shown by the sumptuous villas along the Emerald coast.<\/p>\n\n\n\n<p>In a preserved environment, Dinard offers many beaches.<\/p>\n\n\n\n<p>From Saint-Malo, you can access it via the Rance dam.<\/p>\n<\/div><\/div>\n\n\n\n<div class=\"wp-block-advgb-column advgb-column advgb-is-one-quarter-tablet advgb-is-full-mobile\" id=\"advgb-col-d7762b2e-e0c0-4822-8b81-00289208e487\"><div class=\"advgb-column-inner\" style=\"border-style:none;border-width:1px\">\n<div style=\"height:100px\" aria-hidden=\"true\" class=\"wp-block-spacer\"><\/div>\n\n\n\n<p class=\"has-text-align-center\"><span style=\"text-decoration: underline;\"><strong>Also look at :<\/strong><\/span><\/p>\n\n\n\n<div class=\"wp-block-advgb-image aligncenter advgb-image-block full-width advgb-img-c94dbdf3-905c-434f-97f4-5bd3235a865e\" style=\"background-image:url(http:\/\/www.hoteldesabers.com\/wp-content\/uploads\/2019\/11\/mont-saint-michel2.jpg);background-position:52.604166666666664% 60.18518518518518%;height:200px;width:500px;justify-content:center;align-items:center\" data-image=\"http:\/\/www.hoteldesabers.com\/wp-content\/uploads\/2019\/11\/mont-saint-michel2.jpg\"><a class=\"advgb-image-overlay\" style=\"background-color:#313131\" target=\"_self\" rel=\"noopener noreferrer\" href=\"http:\/\/www.hoteldesabers.com\/en\/mont-saint-michel\/\"><\/a><h4 class=\"advgb-image-title\" style=\"color:#fff\">Le Mont Saint-Michel \u27f6<\/h4><\/div>\n\n\n\n<div class=\"wp-block-advgb-image aligncenter advgb-image-block full-width advgb-img-c94dbdf3-905c-434f-97f4-5bd3235a865e\" style=\"background-image:url(http:\/\/www.hoteldesabers.com\/wp-content\/uploads\/2019\/11\/grandes-marees-saint-malo2.jpg);background-position:52.604166666666664% 60.18518518518518%;height:200px;width:500px;justify-content:center;align-items:center\" data-image=\"http:\/\/www.hoteldesabers.com\/wp-content\/uploads\/2019\/11\/grandes-marees-saint-malo2.jpg\"><a class=\"advgb-image-overlay\" style=\"background-color:#313131\" target=\"_self\" rel=\"noopener noreferrer\" href=\"http:\/\/www.hoteldesabers.com\/en\/high-tides\/\"><\/a><h4 class=\"advgb-image-title\" style=\"color:#fff\">High tides 2019 calendar \u27f6<\/h4><\/div>\n\n\n\n<div class=\"wp-block-advgb-image aligncenter advgb-image-block full-width advgb-img-c94dbdf3-905c-434f-97f4-5bd3235a865e\" style=\"background-image:url(http:\/\/www.hoteldesabers.com\/wp-content\/uploads\/2019\/11\/cancale-bretagne2.jpg);background-position:52.604166666666664% 60.18518518518518%;height:200px;width:500px;justify-content:center;align-items:center\" data-image=\"http:\/\/www.hoteldesabers.com\/wp-content\/uploads\/2019\/11\/cancale-bretagne2.jpg\"><a class=\"advgb-image-overlay\" style=\"background-color:#313131\" target=\"_self\" rel=\"noopener noreferrer\" href=\"http:\/\/www.hoteldesabers.com\/cancale\/\"><\/a><h4 class=\"advgb-image-title\" style=\"color:#fff\">Cancale \u27f6<\/h4><\/div>\n\n\n\n<div class=\"wp-block-advgb-image aligncenter advgb-image-block full-width advgb-img-c94dbdf3-905c-434f-97f4-5bd3235a865e\" style=\"background-image:url(http:\/\/www.hoteldesabers.com\/wp-content\/uploads\/2019\/11\/Dinan-scaled.jpeg);background-position:52.604166666666664% 60.18518518518518%;height:200px;width:500px;justify-content:center;align-items:center\" data-image=\"http:\/\/www.hoteldesabers.com\/wp-content\/uploads\/2019\/11\/Dinan-scaled.jpeg\"><a class=\"advgb-image-overlay\" style=\"background-color:#313131\" target=\"_self\" rel=\"noopener noreferrer\" href=\"http:\/\/www.hoteldesabers.com\/en\/dinan\/\"><\/a><h4 class=\"advgb-image-title\" style=\"color:#fff\">Dinan \u27f6<\/h4><\/div>\n<\/div><\/div>\n<\/div><\/div><\/div>\n\n\n\n<p><\/p>\n<style class=\"advgb-styles-renderer\">#advgb-col-fdecf360-3d26-4273-be50-117f390c135e>.advgb-column-inner{padding-right:10px;}@media screen and (max-width: 1023px) {#advgb-col-fdecf360-3d26-4273-be50-117f390c135e>.advgb-column-inner{}}@media screen and (max-width: 767px) {#advgb-col-fdecf360-3d26-4273-be50-117f390c135e>.advgb-column-inner{padding-right:0px;}}.advgb-img-c94dbdf3-905c-434f-97f4-5bd3235a865e.advgb-image-block .advgb-image-overlay{opacity:0.4 !important;}.advgb-img-c94dbdf3-905c-434f-97f4-5bd3235a865e.advgb-image-block:hover .advgb-image-overlay{opacity:0.7 !important;}.advgb-img-c94dbdf3-905c-434f-97f4-5bd3235a865e.advgb-image-block .advgb-image-overlay{opacity:0.4 !important;}.advgb-img-c94dbdf3-905c-434f-97f4-5bd3235a865e.advgb-image-block:hover .advgb-image-overlay{opacity:0.7 !important;}.advgb-img-c94dbdf3-905c-434f-97f4-5bd3235a865e.advgb-image-block .advgb-image-overlay{opacity:0.4 !important;}.advgb-img-c94dbdf3-905c-434f-97f4-5bd3235a865e.advgb-image-block:hover .advgb-image-overlay{opacity:0.7 !important;}.advgb-img-c94dbdf3-905c-434f-97f4-5bd3235a865e.advgb-image-block .advgb-image-overlay{opacity:0.4 !important;}.advgb-img-c94dbdf3-905c-434f-97f4-5bd3235a865e.advgb-image-block:hover .advgb-image-overlay{opacity:0.7 !important;}#advgb-col-d7762b2e-e0c0-4822-8b81-00289208e487>.advgb-column-inner{padding-left:50px;}@media screen and (max-width: 1023px) {#advgb-col-d7762b2e-e0c0-4822-8b81-00289208e487>.advgb-column-inner{}}@media screen and (max-width: 767px) {#advgb-col-d7762b2e-e0c0-4822-8b81-00289208e487>.advgb-column-inner{padding-left:1px;}}.advgb-img-c94dbdf3-905c-434f-97f4-5bd3235a865e.advgb-image-block .advgb-image-overlay{opacity:0.4 !important;}.advgb-img-c94dbdf3-905c-434f-97f4-5bd3235a865e.advgb-image-block:hover .advgb-image-overlay{opacity:0.7 !important;}#advgb-cols-dcfbb1a4-8440-40b8-abb4-befc193189fb{}@media screen and (max-width: 1023px) {#advgb-cols-dcfbb1a4-8440-40b8-abb4-befc193189fb{}}@media screen and (max-width: 767px) {#advgb-cols-dcfbb1a4-8440-40b8-abb4-befc193189fb{}}#advgb-col-fdecf360-3d26-4273-be50-117f390c135e>.advgb-column-inner{padding-right:10px;}@media screen and (max-width: 1023px) {#advgb-col-fdecf360-3d26-4273-be50-117f390c135e>.advgb-column-inner{}}@media screen and (max-width: 767px) {#advgb-col-fdecf360-3d26-4273-be50-117f390c135e>.advgb-column-inner{padding-right:0px;}}#advgb-col-d7762b2e-e0c0-4822-8b81-00289208e487>.advgb-column-inner{padding-left:50px;}@media screen and (max-width: 1023px) {#advgb-col-d7762b2e-e0c0-4822-8b81-00289208e487>.advgb-column-inner{}}@media screen and (max-width: 767px) {#advgb-col-d7762b2e-e0c0-4822-8b81-00289208e487>.advgb-column-inner{padding-left:1px;}}.advgb-img-c94dbdf3-905c-434f-97f4-5bd3235a865e.advgb-image-block .advgb-image-overlay{opacity:0.4 !important;}.advgb-img-c94dbdf3-905c-434f-97f4-5bd3235a865e.advgb-image-block:hover .advgb-image-overlay{opacity:0.7 !important;}<\/style>","protected":false},"excerpt":{"rendered":"","protected":false},"author":2,"featured_media":0,"parent":0,"menu_order":0,"comment_status":"closed","ping_status":"closed","template":"","meta":{"_acf_changed":false,"advgb_blocks_editor_width":"large","advgb_blocks_columns_visual_guide":"enable","footnotes":""},"class_list":["post-539","page","type-page","status-publish","hentry"],"acf":[],"yoast_head":"<!-- This site is optimized with the Yoast SEO plugin v27.0 - https:\/\/yoast.com\/product\/yoast-seo-wordpress\/ -->\n<title>What to do in Dinard? | H\u00f4tel des Abers<\/title>\n<meta name=\"description\" content=\"The H\u00f4tel des Abers is a charming hotel in Saint-Malo Intra-Muros. Check out our tips for visiting Dinard during your stay!\" \/>\n<meta name=\"robots\" content=\"index, follow, max-snippet:-1, max-image-preview:large, max-video-preview:-1\" \/>\n<link rel=\"canonical\" href=\"https:\/\/www.hoteldesabers.com\/en\/dinard\/\" \/>\n<meta property=\"og:locale\" content=\"en_US\" \/>\n<meta property=\"og:type\" content=\"article\" \/>\n<meta property=\"og:title\" content=\"What to do in Dinard? | H\u00f4tel des Abers\" \/>\n<meta property=\"og:description\" content=\"The H\u00f4tel des Abers is a charming hotel in Saint-Malo Intra-Muros. Check out our tips for visiting Dinard during your stay!\" \/>\n<meta property=\"og:url\" content=\"https:\/\/www.hoteldesabers.com\/en\/dinard\/\" \/>\n<meta property=\"og:site_name\" content=\"H\u00f4tel des Abers\" \/>\n<meta property=\"article:modified_time\" content=\"2019-11-27T23:18:08+00:00\" \/>\n<meta name=\"twitter:card\" content=\"summary_large_image\" \/>\n<script type=\"application\/ld+json\" class=\"yoast-schema-graph\">{\"@context\":\"https:\/\/schema.org\",\"@graph\":[{\"@type\":\"WebPage\",\"@id\":\"https:\/\/www.hoteldesabers.com\/en\/dinard\/\",\"url\":\"https:\/\/www.hoteldesabers.com\/en\/dinard\/\",\"name\":\"What to do in Dinard? | H\u00f4tel des Abers\",\"isPartOf\":{\"@id\":\"https:\/\/www.hoteldesabers.com\/#website\"},\"datePublished\":\"2019-11-24T20:15:41+00:00\",\"dateModified\":\"2019-11-27T23:18:08+00:00\",\"description\":\"The H\u00f4tel des Abers is a charming hotel in Saint-Malo Intra-Muros. Check out our tips for visiting Dinard during your stay!\",\"breadcrumb\":{\"@id\":\"https:\/\/www.hoteldesabers.com\/en\/dinard\/#breadcrumb\"},\"inLanguage\":\"en-US\",\"potentialAction\":[{\"@type\":\"ReadAction\",\"target\":[\"https:\/\/www.hoteldesabers.com\/en\/dinard\/\"]}]},{\"@type\":\"BreadcrumbList\",\"@id\":\"https:\/\/www.hoteldesabers.com\/en\/dinard\/#breadcrumb\",\"itemListElement\":[{\"@type\":\"ListItem\",\"position\":1,\"name\":\"Accueil\",\"item\":\"https:\/\/www.hoteldesabers.com\/en\/\"},{\"@type\":\"ListItem\",\"position\":2,\"name\":\"Dinard\"}]},{\"@type\":\"WebSite\",\"@id\":\"https:\/\/www.hoteldesabers.com\/#website\",\"url\":\"https:\/\/www.hoteldesabers.com\/\",\"name\":\"H\u00f4tel des Abers\",\"description\":\"L&#039;H\u00f4tel des Abers est un h\u00f4tel de charme en plein coeur de Saint-Malo Intra-Muros, \u00e0 deux pas des plages et commerces\",\"potentialAction\":[{\"@type\":\"SearchAction\",\"target\":{\"@type\":\"EntryPoint\",\"urlTemplate\":\"https:\/\/www.hoteldesabers.com\/?s={search_term_string}\"},\"query-input\":{\"@type\":\"PropertyValueSpecification\",\"valueRequired\":true,\"valueName\":\"search_term_string\"}}],\"inLanguage\":\"en-US\"}]}<\/script>\n<!-- \/ Yoast SEO plugin. -->","yoast_head_json":{"title":"What to do in Dinard? | H\u00f4tel des Abers","description":"The H\u00f4tel des Abers is a charming hotel in Saint-Malo Intra-Muros. Check out our tips for visiting Dinard during your stay!","robots":{"index":"index","follow":"follow","max-snippet":"max-snippet:-1","max-image-preview":"max-image-preview:large","max-video-preview":"max-video-preview:-1"},"canonical":"https:\/\/www.hoteldesabers.com\/en\/dinard\/","og_locale":"en_US","og_type":"article","og_title":"What to do in Dinard? | H\u00f4tel des Abers","og_description":"The H\u00f4tel des Abers is a charming hotel in Saint-Malo Intra-Muros. Check out our tips for visiting Dinard during your stay!","og_url":"https:\/\/www.hoteldesabers.com\/en\/dinard\/","og_site_name":"H\u00f4tel des Abers","article_modified_time":"2019-11-27T23:18:08+00:00","twitter_card":"summary_large_image","schema":{"@context":"https:\/\/schema.org","@graph":[{"@type":"WebPage","@id":"https:\/\/www.hoteldesabers.com\/en\/dinard\/","url":"https:\/\/www.hoteldesabers.com\/en\/dinard\/","name":"What to do in Dinard? | H\u00f4tel des Abers","isPartOf":{"@id":"https:\/\/www.hoteldesabers.com\/#website"},"datePublished":"2019-11-24T20:15:41+00:00","dateModified":"2019-11-27T23:18:08+00:00","description":"The H\u00f4tel des Abers is a charming hotel in Saint-Malo Intra-Muros. Check out our tips for visiting Dinard during your stay!","breadcrumb":{"@id":"https:\/\/www.hoteldesabers.com\/en\/dinard\/#breadcrumb"},"inLanguage":"en-US","potentialAction":[{"@type":"ReadAction","target":["https:\/\/www.hoteldesabers.com\/en\/dinard\/"]}]},{"@type":"BreadcrumbList","@id":"https:\/\/www.hoteldesabers.com\/en\/dinard\/#breadcrumb","itemListElement":[{"@type":"ListItem","position":1,"name":"Accueil","item":"https:\/\/www.hoteldesabers.com\/en\/"},{"@type":"ListItem","position":2,"name":"Dinard"}]},{"@type":"WebSite","@id":"https:\/\/www.hoteldesabers.com\/#website","url":"https:\/\/www.hoteldesabers.com\/","name":"H\u00f4tel des Abers","description":"L&#039;H\u00f4tel des Abers est un h\u00f4tel de charme en plein coeur de Saint-Malo Intra-Muros, \u00e0 deux pas des plages et commerces","potentialAction":[{"@type":"SearchAction","target":{"@type":"EntryPoint","urlTemplate":"https:\/\/www.hoteldesabers.com\/?s={search_term_string}"},"query-input":{"@type":"PropertyValueSpecification","valueRequired":true,"valueName":"search_term_string"}}],"inLanguage":"en-US"}]}},"coauthors":[],"author_meta":{"author_link":"https:\/\/www.hoteldesabers.com\/en\/author\/sarah\/","display_name":"sarah"},"relative_dates":{"created":"Posted 6 years ago","modified":"Updated 6 years ago"},"absolute_dates":{"created":"Posted on 24 November 2019","modified":"Updated on 28 November 2019"},"absolute_dates_time":{"created":"Posted on 24 November 2019 21 h 15 min","modified":"Updated on 28 November 2019 0 h 18 min"},"featured_img_caption":"","featured_img":false,"series_order":"","_links":{"self":[{"href":"https:\/\/www.hoteldesabers.com\/en\/wp-json\/wp\/v2\/pages\/539","targetHints":{"allow":["GET"]}}],"collection":[{"href":"https:\/\/www.hoteldesabers.com\/en\/wp-json\/wp\/v2\/pages"}],"about":[{"href":"https:\/\/www.hoteldesabers.com\/en\/wp-json\/wp\/v2\/types\/page"}],"author":[{"embeddable":true,"href":"https:\/\/www.hoteldesabers.com\/en\/wp-json\/wp\/v2\/users\/2"}],"replies":[{"embeddable":true,"href":"https:\/\/www.hoteldesabers.com\/en\/wp-json\/wp\/v2\/comments?post=539"}],"version-history":[{"count":3,"href":"https:\/\/www.hoteldesabers.com\/en\/wp-json\/wp\/v2\/pages\/539\/revisions"}],"predecessor-version":[{"id":655,"href":"https:\/\/www.hoteldesabers.com\/en\/wp-json\/wp\/v2\/pages\/539\/revisions\/655"}],"wp:attachment":[{"href":"https:\/\/www.hoteldesabers.com\/en\/wp-json\/wp\/v2\/media?parent=539"}],"curies":[{"name":"wp","href":"https:\/\/api.w.org\/{rel}","templated":true}]}}