{"id":536,"date":"2019-11-24T01:51:08","date_gmt":"2019-11-24T00:51:08","guid":{"rendered":"http:\/\/www.hoteldesabers.com\/dinan\/"},"modified":"2020-09-07T18:45:57","modified_gmt":"2020-09-07T16:45:57","slug":"dinan","status":"publish","type":"page","link":"https:\/\/www.hoteldesabers.com\/en\/dinan\/","title":{"rendered":"Dinan"},"content":{"rendered":"\n<div class=\"wp-block-advgb-columns advgb-columns-wrapper\" id=\"advgb-cols-4305b654-e6ca-4836-a528-2e3a44fa3b62\"><div class=\"advgb-columns-container\"><div class=\"advgb-columns advgb-columns-row advgb-is-mobile columns-valign-top advgb-columns-2 layout-34-14 mbl-layout-stacked vgutter-10\">\n<div class=\"wp-block-advgb-column advgb-column advgb-is-three-quarters-tablet advgb-is-full-mobile\" id=\"advgb-col-8e3ad6ee-7887-429e-b9ae-d6bad24d8609\"><div class=\"advgb-column-inner\" style=\"border-style:none;border-width:1px\">\n<h1 class=\"wp-block-heading\">Visit Dinan, a historic city<\/h1>\n\n\n\n<p>Only 30 minutes from Saint-Malo, Dinan will charm you for a day. Small town surrounded by portions of ramparts, Dinan and its castle dating from the fourteenth century dominate the Rance. Whether you are more interested in the old stones or in its craftsmen&#8217;s houses, visiting Dinan will not leave you indifferent, that&#8217;s for sure!<\/p>\n\n\n\n<h2 class=\"wp-block-heading\">Visit Dinan and its historical heart<\/h2>\n\n\n\n<p>Dinan is a small fortified Breton town. In its heart, there is even a castle dating from the 14th century. The whole dominates the Rance river and offers a clear view on the Breton lands. The city benefits indeed from one of the richest architectural heritage of Brittany.<\/p>\n\n\n\n<p>The medieval city allows you to escape to another time, where the testimonies of great Breton names such as Bertrand du Guesclin or Anne of Brittany are multiplying. It is moreover Anne de Bretagne who made the city famous by settling there after the death of Charles VIII, her husband.<\/p>\n\n\n\n<figure class=\"wp-block-gallery columns-0 is-cropped wp-block-gallery-1\"><ul class=\"blocks-gallery-grid\"><li class=\"blocks-gallery-item\"><figure><a href=\"http:\/\/www.hoteldesabers.com\/wp-content\/uploads\/2019\/11\/dinan-bretagne2-scaled.jpg\"><img loading=\"lazy\" decoding=\"async\" width=\"768\" height=\"1024\" src=\"http:\/\/www.hoteldesabers.com\/wp-content\/uploads\/2019\/11\/dinan-bretagne2-768x1024.jpg\" alt=\"\" data-id=\"393\" data-full-url=\"http:\/\/www.hoteldesabers.com\/wp-content\/uploads\/2019\/11\/dinan-bretagne2-scaled.jpg\" data-link=\"http:\/\/www.hoteldesabers.com\/dinan-bretagne2\/\" class=\"wp-image-393\" srcset=\"https:\/\/www.hoteldesabers.com\/wp-content\/uploads\/2019\/11\/dinan-bretagne2-768x1025.jpg 768w, https:\/\/www.hoteldesabers.com\/wp-content\/uploads\/2019\/11\/dinan-bretagne2-scaled-600x800.jpg 600w, https:\/\/www.hoteldesabers.com\/wp-content\/uploads\/2019\/11\/dinan-bretagne2-225x300.jpg 225w, https:\/\/www.hoteldesabers.com\/wp-content\/uploads\/2019\/11\/dinan-bretagne2-1151x1536.jpg 1151w, https:\/\/www.hoteldesabers.com\/wp-content\/uploads\/2019\/11\/dinan-bretagne2-1535x2048.jpg 1535w, https:\/\/www.hoteldesabers.com\/wp-content\/uploads\/2019\/11\/dinan-bretagne2-scaled.jpg 1919w\" sizes=\"auto, (max-width: 768px) 100vw, 768px\" \/><\/a><\/figure><\/li><li class=\"blocks-gallery-item\"><figure><a href=\"http:\/\/www.hoteldesabers.com\/wp-content\/uploads\/2019\/11\/dinan-bretagne-scaled.jpg\"><img loading=\"lazy\" decoding=\"async\" width=\"768\" height=\"1024\" src=\"http:\/\/www.hoteldesabers.com\/wp-content\/uploads\/2019\/11\/dinan-bretagne-768x1024.jpg\" alt=\"\" data-id=\"391\" data-full-url=\"http:\/\/www.hoteldesabers.com\/wp-content\/uploads\/2019\/11\/dinan-bretagne-scaled.jpg\" data-link=\"http:\/\/www.hoteldesabers.com\/dinan-bretagne\/\" class=\"wp-image-391 is-layout-flex wp-block-gallery-is-layout-flex\" srcset=\"https:\/\/www.hoteldesabers.com\/wp-content\/uploads\/2019\/11\/dinan-bretagne-768x1024.jpg 768w, https:\/\/www.hoteldesabers.com\/wp-content\/uploads\/2019\/11\/dinan-bretagne-scaled-600x800.jpg 600w, https:\/\/www.hoteldesabers.com\/wp-content\/uploads\/2019\/11\/dinan-bretagne-225x300.jpg 225w, https:\/\/www.hoteldesabers.com\/wp-content\/uploads\/2019\/11\/dinan-bretagne-1152x1536.jpg 1152w, https:\/\/www.hoteldesabers.com\/wp-content\/uploads\/2019\/11\/dinan-bretagne-1536x2048.jpg 1536w, https:\/\/www.hoteldesabers.com\/wp-content\/uploads\/2019\/11\/dinan-bretagne-scaled.jpg 1920w\" sizes=\"auto, (max-width: 768px) 100vw, 768px\" \/><\/a><\/figure><\/li><\/ul><\/figure>\n\n\n\n<p><\/p>\n<\/div><\/div>\n\n\n\n<div class=\"wp-block-advgb-column advgb-column advgb-is-one-quarter-tablet advgb-is-full-mobile\" id=\"advgb-col-56f7e70f-3d3e-48b8-a1a1-b5ddb44b2248\"><div class=\"advgb-column-inner\" style=\"border-style:none;border-width:1px\">\n<div style=\"height:100px\" aria-hidden=\"true\" class=\"wp-block-spacer\"><\/div>\n\n\n\n<p class=\"has-text-align-center\"><strong>Also have a look at<\/strong><\/p>\n\n\n\n<div class=\"wp-block-advgb-image aligncenter advgb-image-block full-width advgb-img-c94dbdf3-905c-434f-97f4-5bd3235a865e\" style=\"background-image:url(http:\/\/www.hoteldesabers.com\/wp-content\/uploads\/2019\/11\/mont-saint-michel2.jpg);background-position:52.604166666666664% 60.18518518518518%;height:200px;width:500px;justify-content:center;align-items:center\" data-image=\"http:\/\/www.hoteldesabers.com\/wp-content\/uploads\/2019\/11\/mont-saint-michel2.jpg\"><a class=\"advgb-image-overlay\" style=\"background-color:#313131\" target=\"_self\" rel=\"noopener noreferrer\" href=\"http:\/\/www.hoteldesabers.com\/en\/mont-saint-michel\/\"><\/a><h4 class=\"advgb-image-title\" style=\"color:#fff\">Le Mont Saint-Michel \u27f6<\/h4><\/div>\n\n\n\n<div class=\"wp-block-advgb-image aligncenter advgb-image-block full-width advgb-img-c94dbdf3-905c-434f-97f4-5bd3235a865e\" style=\"background-image:url(http:\/\/www.hoteldesabers.com\/wp-content\/uploads\/2019\/11\/grandes-marees-saint-malo2.jpg);background-position:52.604166666666664% 60.18518518518518%;height:200px;width:500px;justify-content:center;align-items:center\" data-image=\"http:\/\/www.hoteldesabers.com\/wp-content\/uploads\/2019\/11\/grandes-marees-saint-malo2.jpg\"><a class=\"advgb-image-overlay\" style=\"background-color:#313131\" target=\"_self\" rel=\"noopener noreferrer\" href=\"http:\/\/www.hoteldesabers.com\/en\/high-tides\/\"><\/a><h4 class=\"advgb-image-title\" style=\"color:#fff\">High tides 2019 calendar \u27f6<\/h4><\/div>\n\n\n\n<div class=\"wp-block-advgb-image aligncenter advgb-image-block full-width advgb-img-c94dbdf3-905c-434f-97f4-5bd3235a865e\" style=\"background-image:url(http:\/\/www.hoteldesabers.com\/wp-content\/uploads\/2019\/11\/dinard-1.jpg);background-position:52.604166666666664% 60.18518518518518%;height:200px;width:500px;justify-content:center;align-items:center\" data-image=\"http:\/\/www.hoteldesabers.com\/wp-content\/uploads\/2019\/11\/dinard-1.jpg\"><a class=\"advgb-image-overlay\" style=\"background-color:#313131\" target=\"_self\" rel=\"noopener noreferrer\" href=\"http:\/\/www.hoteldesabers.com\/en\/dinard\/\"><\/a><h4 class=\"advgb-image-title\" style=\"color:#fff\">Dinard \u27f6<\/h4><\/div>\n\n\n\n<div class=\"wp-block-advgb-image aligncenter advgb-image-block full-width advgb-img-c94dbdf3-905c-434f-97f4-5bd3235a865e\" style=\"background-image:url(http:\/\/www.hoteldesabers.com\/wp-content\/uploads\/2019\/11\/cancale-bretagne2.jpg);background-position:52.604166666666664% 60.18518518518518%;height:200px;width:500px;justify-content:center;align-items:center\" data-image=\"http:\/\/www.hoteldesabers.com\/wp-content\/uploads\/2019\/11\/cancale-bretagne2.jpg\"><a class=\"advgb-image-overlay\" style=\"background-color:#313131\" target=\"_self\" rel=\"noopener noreferrer\" href=\"http:\/\/www.hoteldesabers.com\/cancale\/\"><\/a><h4 class=\"advgb-image-title\" style=\"color:#fff\">Cancale \u27f6<\/h4><\/div>\n<\/div><\/div>\n<\/div><\/div><\/div>\n\n\n\n<h2 class=\"wp-block-heading\">What to do in Dinan?<\/h2>\n\n\n\n<h3 class=\"wp-block-heading\">Visit the historic city center<\/h3>\n\n\n\n<p>First advice to visit the medieval streets of Dinan: leave the car at the entrance of the city. You won&#8217;t enjoy Dinan better than walking in the cobbled streets. The heart of Dinan is not very big and you can stroll around there quietly. You will be charmed by the large half-timbered buildings. The place des Merciers and Cordeliers is probably one of the most pleasant places in the city.<\/p>\n\n\n\n<p>If you have time, we advise you to come on a market day to enjoy the excitement of the &#8220;halles de Dinan&#8221;.<\/p>\n\n\n\n<h3 class=\"wp-block-heading\">Stroll in the Rue du Jerzual<\/h3>\n\n\n\n<p>This mythical street of Dinan alone deserves a paragraph. Indeed, it is one of the most beautiful streets of Dinan and by far the best known. Slightly sloping and completely paved, it is in this street that you will find most of the craftsmen of the city.<\/p>\n\n\n\n<p>For a long time, the Rue du Jerzual was the only access to the upper town. In the 19th century, the Viaduct of the Rance was built, which relieved the congestion in the city, but the Jerzual Street has kept its old-fashioned charm.<\/p>\n\n\n\n<div class=\"wp-block-columns is-layout-flex wp-container-core-columns-is-layout-9d6595d7 wp-block-columns-is-layout-flex\">\n<div class=\"wp-block-column is-layout-flow wp-block-column-is-layout-flow\">\n<figure class=\"wp-block-image size-large\"><img loading=\"lazy\" decoding=\"async\" width=\"768\" height=\"1024\" src=\"https:\/\/www.hoteldesabers.com\/wp-content\/uploads\/2020\/09\/dinan8-768x1024.jpeg\" alt=\"\" class=\"wp-image-2140\" srcset=\"https:\/\/www.hoteldesabers.com\/wp-content\/uploads\/2020\/09\/dinan8-768x1024.jpeg 768w, https:\/\/www.hoteldesabers.com\/wp-content\/uploads\/2020\/09\/dinan8-225x300.jpeg 225w, https:\/\/www.hoteldesabers.com\/wp-content\/uploads\/2020\/09\/dinan8-1152x1536.jpeg 1152w, https:\/\/www.hoteldesabers.com\/wp-content\/uploads\/2020\/09\/dinan8-1000x1333.jpeg 1000w, https:\/\/www.hoteldesabers.com\/wp-content\/uploads\/2020\/09\/dinan8.jpeg 1536w\" sizes=\"auto, (max-width: 768px) 100vw, 768px\" \/><\/figure>\n<\/div>\n\n\n\n<div class=\"wp-block-column is-layout-flow wp-block-column-is-layout-flow\">\n<figure class=\"wp-block-image size-large\"><img loading=\"lazy\" decoding=\"async\" width=\"768\" height=\"1024\" src=\"https:\/\/www.hoteldesabers.com\/wp-content\/uploads\/2020\/09\/dinan17-768x1024.jpeg\" alt=\"\" class=\"wp-image-2142\" srcset=\"https:\/\/www.hoteldesabers.com\/wp-content\/uploads\/2020\/09\/dinan17-768x1024.jpeg 768w, https:\/\/www.hoteldesabers.com\/wp-content\/uploads\/2020\/09\/dinan17-225x300.jpeg 225w, https:\/\/www.hoteldesabers.com\/wp-content\/uploads\/2020\/09\/dinan17-1152x1536.jpeg 1152w, https:\/\/www.hoteldesabers.com\/wp-content\/uploads\/2020\/09\/dinan17-1000x1333.jpeg 1000w, https:\/\/www.hoteldesabers.com\/wp-content\/uploads\/2020\/09\/dinan17.jpeg 1536w\" sizes=\"auto, (max-width: 768px) 100vw, 768px\" \/><\/figure>\n<\/div>\n\n\n\n<div class=\"wp-block-column is-layout-flow wp-block-column-is-layout-flow\">\n<figure class=\"wp-block-image size-large\"><img loading=\"lazy\" decoding=\"async\" width=\"768\" height=\"1024\" src=\"https:\/\/www.hoteldesabers.com\/wp-content\/uploads\/2020\/09\/dinan5-768x1024.jpeg\" alt=\"\" class=\"wp-image-2144\" srcset=\"https:\/\/www.hoteldesabers.com\/wp-content\/uploads\/2020\/09\/dinan5-768x1024.jpeg 768w, https:\/\/www.hoteldesabers.com\/wp-content\/uploads\/2020\/09\/dinan5-225x300.jpeg 225w, https:\/\/www.hoteldesabers.com\/wp-content\/uploads\/2020\/09\/dinan5-1152x1536.jpeg 1152w, https:\/\/www.hoteldesabers.com\/wp-content\/uploads\/2020\/09\/dinan5-1000x1333.jpeg 1000w, https:\/\/www.hoteldesabers.com\/wp-content\/uploads\/2020\/09\/dinan5.jpeg 1536w\" sizes=\"auto, (max-width: 768px) 100vw, 768px\" \/><\/figure>\n\n\n\n<p><\/p>\n<\/div>\n<\/div>\n\n\n\n<h3 class=\"wp-block-heading\">Visit Dinan Castle<\/h3>\n\n\n\n<p>Dinan is a medieval city and therefore has a castle! This one dominates the city and is visible from far away. The castle was built in the 14th century to protect the city during the wars of Brittany. At the time of its construction, the Castle is mainly composed of 3 elements: the Ducal Tower, the Co\u00ebtquen Tower and the &#8220;Porte Guichet&#8221;.<\/p>\n\n\n\n<p>For a long time, it hosted a museum that told its history, but the building became too wet and the works had to be moved. It is possible to visit it to learn more about the history of the Dukes of Brittany, or simply to put yourself in the shoes of medieval knights!<\/p>\n\n\n\n<h3 class=\"wp-block-heading\">Climb the ramparts<\/h3>\n\n\n\n<p>Contrary to Saint-Malo, it is not possible to walk around the ramparts. On the other hand, a small portion is accessible and offers an unobstructed view of the Rance River. You will appreciate this magnificent panorama over the valley<\/p>\n\n\n\n<p>If you want to know more, nothing prevents you from booking a guided tour at the tourist office which gives access to the rest of the ramparts.<\/p>\n\n\n\n<h3 class=\"wp-block-heading\">Observe the Clock Tower<\/h3>\n\n\n\n<p>You cannot visit Dinan without taking the time to observe the Clock Tower. At the time of its construction in the 15th century, the Clock Tower was intended to watch over Dinan and the surrounding area. Moreover, the clock mechanism that is located there dates from the fifteenth century, making it one of the oldest in Europe.<\/p>\n\n\n\n<p>Today, it is possible to climb to the top to have a 360 \u00b0 panorama of the city thanks to its 45 meters high.<\/p>\n\n\n\n<figure class=\"wp-block-image size-large\"><img loading=\"lazy\" decoding=\"async\" width=\"1024\" height=\"768\" src=\"https:\/\/www.hoteldesabers.com\/wp-content\/uploads\/2020\/09\/dinan1-1024x768.jpeg\" alt=\"\" class=\"wp-image-2151\" srcset=\"https:\/\/www.hoteldesabers.com\/wp-content\/uploads\/2020\/09\/dinan1-1024x768.jpeg 1024w, https:\/\/www.hoteldesabers.com\/wp-content\/uploads\/2020\/09\/dinan1-300x225.jpeg 300w, https:\/\/www.hoteldesabers.com\/wp-content\/uploads\/2020\/09\/dinan1-768x576.jpeg 768w, https:\/\/www.hoteldesabers.com\/wp-content\/uploads\/2020\/09\/dinan1-1536x1152.jpeg 1536w, https:\/\/www.hoteldesabers.com\/wp-content\/uploads\/2020\/09\/dinan1-1000x750.jpeg 1000w, https:\/\/www.hoteldesabers.com\/wp-content\/uploads\/2020\/09\/dinan1.jpeg 2048w\" sizes=\"auto, (max-width: 1024px) 100vw, 1024px\" \/><\/figure>\n\n\n\n<h3 class=\"wp-block-heading\">Have a drink on the port<\/h3>\n\n\n\n<p>Dinan is not at the seaside, but is bordered by the Rance river. It is quite possible to reach Dinan by river! If you don&#8217;t have the sea legs, you can still enjoy the welcoming atmosphere that you will find on the port of Dinan.<\/p>\n\n\n\n<p>Caf\u00e9s and restaurants are ready to welcome you for a well deserved break.<\/p>\n<style class=\"advgb-styles-renderer\">#advgb-col-8e3ad6ee-7887-429e-b9ae-d6bad24d8609>.advgb-column-inner{padding-right:10px;}@media screen and (max-width: 1023px) {#advgb-col-8e3ad6ee-7887-429e-b9ae-d6bad24d8609>.advgb-column-inner{}}@media screen and (max-width: 767px) {#advgb-col-8e3ad6ee-7887-429e-b9ae-d6bad24d8609>.advgb-column-inner{padding-right:0px;}}.advgb-img-c94dbdf3-905c-434f-97f4-5bd3235a865e.advgb-image-block .advgb-image-overlay{opacity:0.4 !important;}.advgb-img-c94dbdf3-905c-434f-97f4-5bd3235a865e.advgb-image-block:hover .advgb-image-overlay{opacity:0.7 !important;}.advgb-img-c94dbdf3-905c-434f-97f4-5bd3235a865e.advgb-image-block .advgb-image-overlay{opacity:0.4 !important;}.advgb-img-c94dbdf3-905c-434f-97f4-5bd3235a865e.advgb-image-block:hover .advgb-image-overlay{opacity:0.7 !important;}.advgb-img-c94dbdf3-905c-434f-97f4-5bd3235a865e.advgb-image-block .advgb-image-overlay{opacity:0.4 !important;}.advgb-img-c94dbdf3-905c-434f-97f4-5bd3235a865e.advgb-image-block:hover .advgb-image-overlay{opacity:0.7 !important;}.advgb-img-c94dbdf3-905c-434f-97f4-5bd3235a865e.advgb-image-block .advgb-image-overlay{opacity:0.4 !important;}.advgb-img-c94dbdf3-905c-434f-97f4-5bd3235a865e.advgb-image-block:hover .advgb-image-overlay{opacity:0.7 !important;}#advgb-col-56f7e70f-3d3e-48b8-a1a1-b5ddb44b2248>.advgb-column-inner{padding-left:50px;}@media screen and (max-width: 1023px) {#advgb-col-56f7e70f-3d3e-48b8-a1a1-b5ddb44b2248>.advgb-column-inner{}}@media screen and (max-width: 767px) {#advgb-col-56f7e70f-3d3e-48b8-a1a1-b5ddb44b2248>.advgb-column-inner{padding-left:1px;}}.advgb-img-c94dbdf3-905c-434f-97f4-5bd3235a865e.advgb-image-block .advgb-image-overlay{opacity:0.4 !important;}.advgb-img-c94dbdf3-905c-434f-97f4-5bd3235a865e.advgb-image-block:hover .advgb-image-overlay{opacity:0.7 !important;}#advgb-cols-4305b654-e6ca-4836-a528-2e3a44fa3b62{}@media screen and (max-width: 1023px) {#advgb-cols-4305b654-e6ca-4836-a528-2e3a44fa3b62{}}@media screen and (max-width: 767px) {#advgb-cols-4305b654-e6ca-4836-a528-2e3a44fa3b62{}}#advgb-col-8e3ad6ee-7887-429e-b9ae-d6bad24d8609>.advgb-column-inner{padding-right:10px;}@media screen and (max-width: 1023px) {#advgb-col-8e3ad6ee-7887-429e-b9ae-d6bad24d8609>.advgb-column-inner{}}@media screen and (max-width: 767px) {#advgb-col-8e3ad6ee-7887-429e-b9ae-d6bad24d8609>.advgb-column-inner{padding-right:0px;}}#advgb-col-56f7e70f-3d3e-48b8-a1a1-b5ddb44b2248>.advgb-column-inner{padding-left:50px;}@media screen and (max-width: 1023px) {#advgb-col-56f7e70f-3d3e-48b8-a1a1-b5ddb44b2248>.advgb-column-inner{}}@media screen and (max-width: 767px) {#advgb-col-56f7e70f-3d3e-48b8-a1a1-b5ddb44b2248>.advgb-column-inner{padding-left:1px;}}.advgb-img-c94dbdf3-905c-434f-97f4-5bd3235a865e.advgb-image-block .advgb-image-overlay{opacity:0.4 !important;}.advgb-img-c94dbdf3-905c-434f-97f4-5bd3235a865e.advgb-image-block:hover .advgb-image-overlay{opacity:0.7 !important;}<\/style>","protected":false},"excerpt":{"rendered":"<p>What to do in Dinan? Visit the historic city center First advice to visit the medieval streets of Dinan: leave the car at the entrance of the city. You won&#8217;t enjoy Dinan better than walking in the cobbled streets. The heart of Dinan is not very big and you can stroll around there quietly. You [&hellip;]<\/p>\n","protected":false},"author":2,"featured_media":0,"parent":0,"menu_order":0,"comment_status":"closed","ping_status":"closed","template":"","meta":{"_acf_changed":false,"advgb_blocks_editor_width":"large","advgb_blocks_columns_visual_guide":"enable","footnotes":""},"class_list":["post-536","page","type-page","status-publish","hentry"],"acf":[],"yoast_head":"<!-- This site is optimized with the Yoast SEO plugin v27.0 - https:\/\/yoast.com\/product\/yoast-seo-wordpress\/ -->\n<title>What to do in Dinan? | H\u00f4tel des Abers<\/title>\n<meta name=\"description\" content=\"The H\u00f4tel des Abers is a charming hotel in Saint-Malo Intra-Muros. Check out our tips for visiting Dinan during your stay!\" \/>\n<meta name=\"robots\" content=\"index, follow, max-snippet:-1, max-image-preview:large, max-video-preview:-1\" \/>\n<link rel=\"canonical\" href=\"https:\/\/www.hoteldesabers.com\/en\/dinan\/\" \/>\n<meta property=\"og:locale\" content=\"en_US\" \/>\n<meta property=\"og:type\" content=\"article\" \/>\n<meta property=\"og:title\" content=\"What to do in Dinan? | H\u00f4tel des Abers\" \/>\n<meta property=\"og:description\" content=\"The H\u00f4tel des Abers is a charming hotel in Saint-Malo Intra-Muros. Check out our tips for visiting Dinan during your stay!\" \/>\n<meta property=\"og:url\" content=\"https:\/\/www.hoteldesabers.com\/en\/dinan\/\" \/>\n<meta property=\"og:site_name\" content=\"H\u00f4tel des Abers\" \/>\n<meta property=\"article:modified_time\" content=\"2020-09-07T16:45:57+00:00\" \/>\n<meta property=\"og:image\" content=\"http:\/\/www.hoteldesabers.com\/wp-content\/uploads\/2019\/11\/dinan-bretagne2-768x1024.jpg\" \/>\n<meta name=\"twitter:card\" content=\"summary_large_image\" \/>\n<meta name=\"twitter:label1\" content=\"Est. reading time\" \/>\n\t<meta name=\"twitter:data1\" content=\"4 minutes\" \/>\n<script type=\"application\/ld+json\" class=\"yoast-schema-graph\">{\"@context\":\"https:\/\/schema.org\",\"@graph\":[{\"@type\":\"WebPage\",\"@id\":\"https:\/\/www.hoteldesabers.com\/en\/dinan\/\",\"url\":\"https:\/\/www.hoteldesabers.com\/en\/dinan\/\",\"name\":\"What to do in Dinan? | H\u00f4tel des Abers\",\"isPartOf\":{\"@id\":\"https:\/\/www.hoteldesabers.com\/#website\"},\"primaryImageOfPage\":{\"@id\":\"https:\/\/www.hoteldesabers.com\/en\/dinan\/#primaryimage\"},\"image\":{\"@id\":\"https:\/\/www.hoteldesabers.com\/en\/dinan\/#primaryimage\"},\"thumbnailUrl\":\"http:\/\/www.hoteldesabers.com\/wp-content\/uploads\/2019\/11\/dinan-bretagne2-768x1024.jpg\",\"datePublished\":\"2019-11-24T00:51:08+00:00\",\"dateModified\":\"2020-09-07T16:45:57+00:00\",\"description\":\"The H\u00f4tel des Abers is a charming hotel in Saint-Malo Intra-Muros. Check out our tips for visiting Dinan during your stay!\",\"breadcrumb\":{\"@id\":\"https:\/\/www.hoteldesabers.com\/en\/dinan\/#breadcrumb\"},\"inLanguage\":\"en-US\",\"potentialAction\":[{\"@type\":\"ReadAction\",\"target\":[\"https:\/\/www.hoteldesabers.com\/en\/dinan\/\"]}]},{\"@type\":\"ImageObject\",\"inLanguage\":\"en-US\",\"@id\":\"https:\/\/www.hoteldesabers.com\/en\/dinan\/#primaryimage\",\"url\":\"http:\/\/www.hoteldesabers.com\/wp-content\/uploads\/2019\/11\/dinan-bretagne2-768x1024.jpg\",\"contentUrl\":\"http:\/\/www.hoteldesabers.com\/wp-content\/uploads\/2019\/11\/dinan-bretagne2-768x1024.jpg\"},{\"@type\":\"BreadcrumbList\",\"@id\":\"https:\/\/www.hoteldesabers.com\/en\/dinan\/#breadcrumb\",\"itemListElement\":[{\"@type\":\"ListItem\",\"position\":1,\"name\":\"Accueil\",\"item\":\"https:\/\/www.hoteldesabers.com\/en\/\"},{\"@type\":\"ListItem\",\"position\":2,\"name\":\"Dinan\"}]},{\"@type\":\"WebSite\",\"@id\":\"https:\/\/www.hoteldesabers.com\/#website\",\"url\":\"https:\/\/www.hoteldesabers.com\/\",\"name\":\"H\u00f4tel des Abers\",\"description\":\"L&#039;H\u00f4tel des Abers est un h\u00f4tel de charme en plein coeur de Saint-Malo Intra-Muros, \u00e0 deux pas des plages et commerces\",\"potentialAction\":[{\"@type\":\"SearchAction\",\"target\":{\"@type\":\"EntryPoint\",\"urlTemplate\":\"https:\/\/www.hoteldesabers.com\/?s={search_term_string}\"},\"query-input\":{\"@type\":\"PropertyValueSpecification\",\"valueRequired\":true,\"valueName\":\"search_term_string\"}}],\"inLanguage\":\"en-US\"}]}<\/script>\n<!-- \/ Yoast SEO plugin. -->","yoast_head_json":{"title":"What to do in Dinan? | H\u00f4tel des Abers","description":"The H\u00f4tel des Abers is a charming hotel in Saint-Malo Intra-Muros. Check out our tips for visiting Dinan during your stay!","robots":{"index":"index","follow":"follow","max-snippet":"max-snippet:-1","max-image-preview":"max-image-preview:large","max-video-preview":"max-video-preview:-1"},"canonical":"https:\/\/www.hoteldesabers.com\/en\/dinan\/","og_locale":"en_US","og_type":"article","og_title":"What to do in Dinan? | H\u00f4tel des Abers","og_description":"The H\u00f4tel des Abers is a charming hotel in Saint-Malo Intra-Muros. Check out our tips for visiting Dinan during your stay!","og_url":"https:\/\/www.hoteldesabers.com\/en\/dinan\/","og_site_name":"H\u00f4tel des Abers","article_modified_time":"2020-09-07T16:45:57+00:00","og_image":[{"url":"http:\/\/www.hoteldesabers.com\/wp-content\/uploads\/2019\/11\/dinan-bretagne2-768x1024.jpg","type":"","width":"","height":""}],"twitter_card":"summary_large_image","twitter_misc":{"Est. reading time":"4 minutes"},"schema":{"@context":"https:\/\/schema.org","@graph":[{"@type":"WebPage","@id":"https:\/\/www.hoteldesabers.com\/en\/dinan\/","url":"https:\/\/www.hoteldesabers.com\/en\/dinan\/","name":"What to do in Dinan? | H\u00f4tel des Abers","isPartOf":{"@id":"https:\/\/www.hoteldesabers.com\/#website"},"primaryImageOfPage":{"@id":"https:\/\/www.hoteldesabers.com\/en\/dinan\/#primaryimage"},"image":{"@id":"https:\/\/www.hoteldesabers.com\/en\/dinan\/#primaryimage"},"thumbnailUrl":"http:\/\/www.hoteldesabers.com\/wp-content\/uploads\/2019\/11\/dinan-bretagne2-768x1024.jpg","datePublished":"2019-11-24T00:51:08+00:00","dateModified":"2020-09-07T16:45:57+00:00","description":"The H\u00f4tel des Abers is a charming hotel in Saint-Malo Intra-Muros. Check out our tips for visiting Dinan during your stay!","breadcrumb":{"@id":"https:\/\/www.hoteldesabers.com\/en\/dinan\/#breadcrumb"},"inLanguage":"en-US","potentialAction":[{"@type":"ReadAction","target":["https:\/\/www.hoteldesabers.com\/en\/dinan\/"]}]},{"@type":"ImageObject","inLanguage":"en-US","@id":"https:\/\/www.hoteldesabers.com\/en\/dinan\/#primaryimage","url":"http:\/\/www.hoteldesabers.com\/wp-content\/uploads\/2019\/11\/dinan-bretagne2-768x1024.jpg","contentUrl":"http:\/\/www.hoteldesabers.com\/wp-content\/uploads\/2019\/11\/dinan-bretagne2-768x1024.jpg"},{"@type":"BreadcrumbList","@id":"https:\/\/www.hoteldesabers.com\/en\/dinan\/#breadcrumb","itemListElement":[{"@type":"ListItem","position":1,"name":"Accueil","item":"https:\/\/www.hoteldesabers.com\/en\/"},{"@type":"ListItem","position":2,"name":"Dinan"}]},{"@type":"WebSite","@id":"https:\/\/www.hoteldesabers.com\/#website","url":"https:\/\/www.hoteldesabers.com\/","name":"H\u00f4tel des Abers","description":"L&#039;H\u00f4tel des Abers est un h\u00f4tel de charme en plein coeur de Saint-Malo Intra-Muros, \u00e0 deux pas des plages et commerces","potentialAction":[{"@type":"SearchAction","target":{"@type":"EntryPoint","urlTemplate":"https:\/\/www.hoteldesabers.com\/?s={search_term_string}"},"query-input":{"@type":"PropertyValueSpecification","valueRequired":true,"valueName":"search_term_string"}}],"inLanguage":"en-US"}]}},"coauthors":[],"author_meta":{"author_link":"https:\/\/www.hoteldesabers.com\/en\/author\/sarah\/","display_name":"sarah"},"relative_dates":{"created":"Posted 6 years ago","modified":"Updated 6 years ago"},"absolute_dates":{"created":"Posted on 24 November 2019","modified":"Updated on 7 September 2020"},"absolute_dates_time":{"created":"Posted on 24 November 2019 1 h 51 min","modified":"Updated on 7 September 2020 18 h 45 min"},"featured_img_caption":"","featured_img":false,"series_order":"","_links":{"self":[{"href":"https:\/\/www.hoteldesabers.com\/en\/wp-json\/wp\/v2\/pages\/536","targetHints":{"allow":["GET"]}}],"collection":[{"href":"https:\/\/www.hoteldesabers.com\/en\/wp-json\/wp\/v2\/pages"}],"about":[{"href":"https:\/\/www.hoteldesabers.com\/en\/wp-json\/wp\/v2\/types\/page"}],"author":[{"embeddable":true,"href":"https:\/\/www.hoteldesabers.com\/en\/wp-json\/wp\/v2\/users\/2"}],"replies":[{"embeddable":true,"href":"https:\/\/www.hoteldesabers.com\/en\/wp-json\/wp\/v2\/comments?post=536"}],"version-history":[{"count":9,"href":"https:\/\/www.hoteldesabers.com\/en\/wp-json\/wp\/v2\/pages\/536\/revisions"}],"predecessor-version":[{"id":2153,"href":"https:\/\/www.hoteldesabers.com\/en\/wp-json\/wp\/v2\/pages\/536\/revisions\/2153"}],"wp:attachment":[{"href":"https:\/\/www.hoteldesabers.com\/en\/wp-json\/wp\/v2\/media?parent=536"}],"curies":[{"name":"wp","href":"https:\/\/api.w.org\/{rel}","templated":true}]}}