{"id":534,"date":"2019-11-24T01:53:33","date_gmt":"2019-11-24T00:53:33","guid":{"rendered":"http:\/\/www.hoteldesabers.com\/cancale\/"},"modified":"2019-11-28T00:15:59","modified_gmt":"2019-11-27T23:15:59","slug":"cancale","status":"publish","type":"page","link":"https:\/\/www.hoteldesabers.com\/en\/cancale\/","title":{"rendered":"Cancale"},"content":{"rendered":"\n<div class=\"wp-block-advgb-columns advgb-columns-wrapper\" id=\"advgb-cols-86f5fe96-a578-4e21-848a-d98e1326d440\"><div class=\"advgb-columns-container\"><div class=\"advgb-columns advgb-columns-row advgb-is-mobile columns-valign-top advgb-columns-2 layout-34-14 mbl-layout-stacked vgutter-10\">\n<div class=\"wp-block-advgb-column advgb-column advgb-is-three-quarters-tablet advgb-is-full-mobile\" id=\"advgb-col-3115af66-7171-4160-b8e3-4e891cf894fc\"><div class=\"advgb-column-inner\" style=\"border-style:none;border-width:1px\">\n<h1 class=\"wp-block-heading\">Visit Cancale, a small fishing port<\/h1>\n\n\n\n<p>Cancale, a small fishing port a few kilometres from Saint-Malo, is famous for its oysters.<\/p>\n\n\n\n<p>When the tide goes out, oyster farms appear on nearly 365 hectares. The Cancale oyster is appreciated by oyster lovers for its distinctive taste obtained thanks to the richness of the Bay of Mont Saint-Michel.\u200b<\/p>\n\n\n\n<figure class=\"wp-block-image size-large\"><img loading=\"lazy\" decoding=\"async\" width=\"1024\" height=\"683\" src=\"http:\/\/www.hoteldesabers.com\/wp-content\/uploads\/2019\/11\/cancale-bretagne3-1024x683.jpg\" alt=\"\" class=\"wp-image-407\" srcset=\"https:\/\/www.hoteldesabers.com\/wp-content\/uploads\/2019\/11\/cancale-bretagne3-1024x683.jpg 1024w, https:\/\/www.hoteldesabers.com\/wp-content\/uploads\/2019\/11\/cancale-bretagne3-600x400.jpg 600w, https:\/\/www.hoteldesabers.com\/wp-content\/uploads\/2019\/11\/cancale-bretagne3-300x200.jpg 300w, https:\/\/www.hoteldesabers.com\/wp-content\/uploads\/2019\/11\/cancale-bretagne3-768x512.jpg 768w, https:\/\/www.hoteldesabers.com\/wp-content\/uploads\/2019\/11\/cancale-bretagne3-1536x1025.jpg 1536w, https:\/\/www.hoteldesabers.com\/wp-content\/uploads\/2019\/11\/cancale-bretagne3.jpg 2000w\" sizes=\"auto, (max-width: 1024px) 100vw, 1024px\" \/><\/figure>\n\n\n\n<h2 class=\"wp-block-heading\">The sentier des Douaniers<\/h2>\n\n\n\n<p>Overlooking the port of La Houle, the Sentier des Douaniers, which extends over several kilometres, notably from Cancale to Pointe du Grouin, is a pure delight for walkers who will discover pretty little coves along the way. It offers an unobstructed view of Mont Saint-Michel and its bay.<\/p>\n\n\n\n<h2 class=\"wp-block-heading\">The Pointe du Grouin<\/h2>\n\n\n\n<p>Further away, and for the more sporty, located 7km from Cancale, the Pointe du Grouin appears like a small corner of Paradise. The area is also accessible by road, with a parking area available.<\/p>\n\n\n\n<p>The site offers a sublime panoramic view of the Emerald Coast, one of the most important in Ille-et-Vilaine. Offshore, Mont Saint-Michel or the Chausey Islands appear.<\/p>\n\n\n\n<p>Finally, wildlife lovers will enjoy watching the Great Cormorant, the main bird that inhabits the area. The protected ornithological and botanical reserve is home to various birds such as herring gulls and magpie. <\/p>\n\n\n\n<p>Some lucky people will also be able to see colonies of dolphins wandering in Breton waters.<\/p>\n\n\n\n<figure class=\"wp-block-gallery columns-0 is-cropped wp-block-gallery-1\"><ul class=\"blocks-gallery-grid\"><li class=\"blocks-gallery-item\"><figure><a href=\"http:\/\/www.hoteldesabers.com\/wp-content\/uploads\/2019\/11\/pointe-du-grouin.jpg\"><img loading=\"lazy\" decoding=\"async\" width=\"1024\" height=\"633\" src=\"http:\/\/www.hoteldesabers.com\/wp-content\/uploads\/2019\/11\/pointe-du-grouin-1024x633.jpg\" alt=\"\" data-id=\"409\" data-full-url=\"http:\/\/www.hoteldesabers.com\/wp-content\/uploads\/2019\/11\/pointe-du-grouin.jpg\" data-link=\"http:\/\/www.hoteldesabers.com\/pointe-du-grouin\/\" class=\"wp-image-409\" srcset=\"https:\/\/www.hoteldesabers.com\/wp-content\/uploads\/2019\/11\/pointe-du-grouin-1024x633.jpg 1024w, https:\/\/www.hoteldesabers.com\/wp-content\/uploads\/2019\/11\/pointe-du-grouin-600x371.jpg 600w, https:\/\/www.hoteldesabers.com\/wp-content\/uploads\/2019\/11\/pointe-du-grouin-300x186.jpg 300w, https:\/\/www.hoteldesabers.com\/wp-content\/uploads\/2019\/11\/pointe-du-grouin-768x475.jpg 768w, https:\/\/www.hoteldesabers.com\/wp-content\/uploads\/2019\/11\/pointe-du-grouin-1536x950.jpg 1536w, https:\/\/www.hoteldesabers.com\/wp-content\/uploads\/2019\/11\/pointe-du-grouin.jpg 2000w\" sizes=\"auto, (max-width: 1024px) 100vw, 1024px\" \/><\/a><\/figure><\/li><li class=\"blocks-gallery-item\"><figure><a href=\"http:\/\/www.hoteldesabers.com\/wp-content\/uploads\/2019\/11\/cancale-bretagne.jpg\"><img loading=\"lazy\" decoding=\"async\" width=\"1024\" height=\"767\" src=\"http:\/\/www.hoteldesabers.com\/wp-content\/uploads\/2019\/11\/cancale-bretagne-1024x767.jpg\" alt=\"\" data-id=\"403\" data-full-url=\"http:\/\/www.hoteldesabers.com\/wp-content\/uploads\/2019\/11\/cancale-bretagne.jpg\" data-link=\"http:\/\/www.hoteldesabers.com\/cancale-bretagne\/\" class=\"wp-image-403 is-layout-flex wp-block-gallery-is-layout-flex\" srcset=\"https:\/\/www.hoteldesabers.com\/wp-content\/uploads\/2019\/11\/cancale-bretagne-1024x767.jpg 1024w, https:\/\/www.hoteldesabers.com\/wp-content\/uploads\/2019\/11\/cancale-bretagne-600x450.jpg 600w, https:\/\/www.hoteldesabers.com\/wp-content\/uploads\/2019\/11\/cancale-bretagne-300x225.jpg 300w, https:\/\/www.hoteldesabers.com\/wp-content\/uploads\/2019\/11\/cancale-bretagne-768x576.jpg 768w, https:\/\/www.hoteldesabers.com\/wp-content\/uploads\/2019\/11\/cancale-bretagne-1536x1151.jpg 1536w, https:\/\/www.hoteldesabers.com\/wp-content\/uploads\/2019\/11\/cancale-bretagne.jpg 2000w\" sizes=\"auto, (max-width: 1024px) 100vw, 1024px\" \/><\/a><\/figure><\/li><\/ul><\/figure>\n<\/div><\/div>\n\n\n\n<div class=\"wp-block-advgb-column advgb-column advgb-is-one-quarter-tablet advgb-is-full-mobile\" id=\"advgb-col-211454ca-0a62-4b0e-b4f6-11ef01c2705f\"><div class=\"advgb-column-inner\" style=\"border-style:none;border-width:1px\">\n<div style=\"height:100px\" aria-hidden=\"true\" class=\"wp-block-spacer\"><\/div>\n\n\n\n<p class=\"has-text-align-center\"><span style=\"text-decoration: underline;\"><strong>Also look at:<\/strong><\/span><\/p>\n\n\n\n<div class=\"wp-block-advgb-image aligncenter advgb-image-block full-width advgb-img-c94dbdf3-905c-434f-97f4-5bd3235a865e\" style=\"background-image:url(http:\/\/www.hoteldesabers.com\/wp-content\/uploads\/2019\/11\/mont-saint-michel2.jpg);background-position:52.604166666666664% 60.18518518518518%;height:200px;width:500px;justify-content:center;align-items:center\" data-image=\"http:\/\/www.hoteldesabers.com\/wp-content\/uploads\/2019\/11\/mont-saint-michel2.jpg\"><a class=\"advgb-image-overlay\" style=\"background-color:#313131\" target=\"_self\" rel=\"noopener noreferrer\" href=\"http:\/\/www.hoteldesabers.com\/en\/mont-saint-michel\/\"><\/a><h4 class=\"advgb-image-title\" style=\"color:#fff\">Mont Saint-Michel \u27f6<\/h4><\/div>\n\n\n\n<div class=\"wp-block-advgb-image aligncenter advgb-image-block full-width advgb-img-c94dbdf3-905c-434f-97f4-5bd3235a865e\" style=\"background-image:url(http:\/\/www.hoteldesabers.com\/wp-content\/uploads\/2019\/11\/grandes-marees-saint-malo2.jpg);background-position:52.604166666666664% 60.18518518518518%;height:200px;width:500px;justify-content:center;align-items:center\" data-image=\"http:\/\/www.hoteldesabers.com\/wp-content\/uploads\/2019\/11\/grandes-marees-saint-malo2.jpg\"><a class=\"advgb-image-overlay\" style=\"background-color:#313131\" target=\"_self\" rel=\"noopener noreferrer\" href=\"http:\/\/www.hoteldesabers.com\/en\/high-tides\/\"><\/a><h4 class=\"advgb-image-title\" style=\"color:#fff\">High tides 2019 calendar \u27f6<\/h4><\/div>\n\n\n\n<div class=\"wp-block-advgb-image aligncenter advgb-image-block full-width advgb-img-c94dbdf3-905c-434f-97f4-5bd3235a865e\" style=\"background-image:url(http:\/\/www.hoteldesabers.com\/wp-content\/uploads\/2019\/11\/dinard-1.jpg);background-position:52.604166666666664% 60.18518518518518%;height:200px;width:500px;justify-content:center;align-items:center\" data-image=\"http:\/\/www.hoteldesabers.com\/wp-content\/uploads\/2019\/11\/dinard-1.jpg\"><a class=\"advgb-image-overlay\" style=\"background-color:#313131\" target=\"_self\" rel=\"noopener noreferrer\" href=\"http:\/\/www.hoteldesabers.com\/en\/dinard\/\"><\/a><h4 class=\"advgb-image-title\" style=\"color:#fff\">Dinard \u27f6<\/h4><\/div>\n\n\n\n<div class=\"wp-block-advgb-image aligncenter advgb-image-block full-width advgb-img-c94dbdf3-905c-434f-97f4-5bd3235a865e\" style=\"background-image:url(http:\/\/www.hoteldesabers.com\/wp-content\/uploads\/2019\/11\/Dinan-scaled.jpeg);background-position:52.604166666666664% 60.18518518518518%;height:200px;width:500px;justify-content:center;align-items:center\" data-image=\"http:\/\/www.hoteldesabers.com\/wp-content\/uploads\/2019\/11\/Dinan-scaled.jpeg\"><a class=\"advgb-image-overlay\" style=\"background-color:#313131\" target=\"_self\" rel=\"noopener noreferrer\" href=\"http:\/\/www.hoteldesabers.com\/en\/dinan\/\"><\/a><h4 class=\"advgb-image-title\" style=\"color:#fff\">Dinan \u27f6<\/h4><\/div>\n<\/div><\/div>\n<\/div><\/div><\/div>\n\n\n\n<p><\/p>\n<style class=\"advgb-styles-renderer\">#advgb-col-3115af66-7171-4160-b8e3-4e891cf894fc>.advgb-column-inner{padding-right:10px;}@media screen and (max-width: 1023px) {#advgb-col-3115af66-7171-4160-b8e3-4e891cf894fc>.advgb-column-inner{}}@media screen and (max-width: 767px) {#advgb-col-3115af66-7171-4160-b8e3-4e891cf894fc>.advgb-column-inner{padding-right:0px;}}.advgb-img-c94dbdf3-905c-434f-97f4-5bd3235a865e.advgb-image-block .advgb-image-overlay{opacity:0.4 !important;}.advgb-img-c94dbdf3-905c-434f-97f4-5bd3235a865e.advgb-image-block:hover .advgb-image-overlay{opacity:0.7 !important;}.advgb-img-c94dbdf3-905c-434f-97f4-5bd3235a865e.advgb-image-block .advgb-image-overlay{opacity:0.4 !important;}.advgb-img-c94dbdf3-905c-434f-97f4-5bd3235a865e.advgb-image-block:hover .advgb-image-overlay{opacity:0.7 !important;}.advgb-img-c94dbdf3-905c-434f-97f4-5bd3235a865e.advgb-image-block .advgb-image-overlay{opacity:0.4 !important;}.advgb-img-c94dbdf3-905c-434f-97f4-5bd3235a865e.advgb-image-block:hover .advgb-image-overlay{opacity:0.7 !important;}.advgb-img-c94dbdf3-905c-434f-97f4-5bd3235a865e.advgb-image-block .advgb-image-overlay{opacity:0.4 !important;}.advgb-img-c94dbdf3-905c-434f-97f4-5bd3235a865e.advgb-image-block:hover .advgb-image-overlay{opacity:0.7 !important;}#advgb-col-211454ca-0a62-4b0e-b4f6-11ef01c2705f>.advgb-column-inner{padding-left:50px;}@media screen and (max-width: 1023px) {#advgb-col-211454ca-0a62-4b0e-b4f6-11ef01c2705f>.advgb-column-inner{}}@media screen and (max-width: 767px) {#advgb-col-211454ca-0a62-4b0e-b4f6-11ef01c2705f>.advgb-column-inner{padding-left:1px;}}.advgb-img-c94dbdf3-905c-434f-97f4-5bd3235a865e.advgb-image-block .advgb-image-overlay{opacity:0.4 !important;}.advgb-img-c94dbdf3-905c-434f-97f4-5bd3235a865e.advgb-image-block:hover .advgb-image-overlay{opacity:0.7 !important;}#advgb-cols-86f5fe96-a578-4e21-848a-d98e1326d440{}@media screen and (max-width: 1023px) {#advgb-cols-86f5fe96-a578-4e21-848a-d98e1326d440{}}@media screen and (max-width: 767px) {#advgb-cols-86f5fe96-a578-4e21-848a-d98e1326d440{}}#advgb-col-3115af66-7171-4160-b8e3-4e891cf894fc>.advgb-column-inner{padding-right:10px;}@media screen and (max-width: 1023px) {#advgb-col-3115af66-7171-4160-b8e3-4e891cf894fc>.advgb-column-inner{}}@media screen and (max-width: 767px) {#advgb-col-3115af66-7171-4160-b8e3-4e891cf894fc>.advgb-column-inner{padding-right:0px;}}#advgb-col-211454ca-0a62-4b0e-b4f6-11ef01c2705f>.advgb-column-inner{padding-left:50px;}@media screen and (max-width: 1023px) {#advgb-col-211454ca-0a62-4b0e-b4f6-11ef01c2705f>.advgb-column-inner{}}@media screen and (max-width: 767px) {#advgb-col-211454ca-0a62-4b0e-b4f6-11ef01c2705f>.advgb-column-inner{padding-left:1px;}}.advgb-img-c94dbdf3-905c-434f-97f4-5bd3235a865e.advgb-image-block .advgb-image-overlay{opacity:0.4 !important;}.advgb-img-c94dbdf3-905c-434f-97f4-5bd3235a865e.advgb-image-block:hover .advgb-image-overlay{opacity:0.7 !important;}<\/style>","protected":false},"excerpt":{"rendered":"","protected":false},"author":2,"featured_media":0,"parent":0,"menu_order":0,"comment_status":"closed","ping_status":"closed","template":"","meta":{"_acf_changed":false,"advgb_blocks_editor_width":"large","advgb_blocks_columns_visual_guide":"enable","footnotes":""},"class_list":["post-534","page","type-page","status-publish","hentry"],"acf":[],"yoast_head":"<!-- This site is optimized with the Yoast SEO plugin v27.0 - https:\/\/yoast.com\/product\/yoast-seo-wordpress\/ -->\n<title>What to do in Cancale? | H\u00f4tel des Abers<\/title>\n<meta name=\"description\" content=\"The H\u00f4tel des Abers is a charming hotel in Saint-Malo Intra-Muros. Check out our tips for visiting the Cancale during your stay!\" \/>\n<meta name=\"robots\" content=\"index, follow, max-snippet:-1, max-image-preview:large, max-video-preview:-1\" \/>\n<link rel=\"canonical\" href=\"https:\/\/www.hoteldesabers.com\/en\/cancale\/\" \/>\n<meta property=\"og:locale\" content=\"en_US\" \/>\n<meta property=\"og:type\" content=\"article\" \/>\n<meta property=\"og:title\" content=\"What to do in Cancale? | H\u00f4tel des Abers\" \/>\n<meta property=\"og:description\" content=\"The H\u00f4tel des Abers is a charming hotel in Saint-Malo Intra-Muros. Check out our tips for visiting the Cancale during your stay!\" \/>\n<meta property=\"og:url\" content=\"https:\/\/www.hoteldesabers.com\/en\/cancale\/\" \/>\n<meta property=\"og:site_name\" content=\"H\u00f4tel des Abers\" \/>\n<meta property=\"article:modified_time\" content=\"2019-11-27T23:15:59+00:00\" \/>\n<meta property=\"og:image\" content=\"http:\/\/www.hoteldesabers.com\/wp-content\/uploads\/2019\/11\/cancale-bretagne3-1024x683.jpg\" \/>\n<meta name=\"twitter:card\" content=\"summary_large_image\" \/>\n<meta name=\"twitter:label1\" content=\"Est. reading time\" \/>\n\t<meta name=\"twitter:data1\" content=\"1 minute\" \/>\n<script type=\"application\/ld+json\" class=\"yoast-schema-graph\">{\"@context\":\"https:\/\/schema.org\",\"@graph\":[{\"@type\":\"WebPage\",\"@id\":\"https:\/\/www.hoteldesabers.com\/en\/cancale\/\",\"url\":\"https:\/\/www.hoteldesabers.com\/en\/cancale\/\",\"name\":\"What to do in Cancale? | H\u00f4tel des Abers\",\"isPartOf\":{\"@id\":\"https:\/\/www.hoteldesabers.com\/#website\"},\"primaryImageOfPage\":{\"@id\":\"https:\/\/www.hoteldesabers.com\/en\/cancale\/#primaryimage\"},\"image\":{\"@id\":\"https:\/\/www.hoteldesabers.com\/en\/cancale\/#primaryimage\"},\"thumbnailUrl\":\"http:\/\/www.hoteldesabers.com\/wp-content\/uploads\/2019\/11\/cancale-bretagne3-1024x683.jpg\",\"datePublished\":\"2019-11-24T00:53:33+00:00\",\"dateModified\":\"2019-11-27T23:15:59+00:00\",\"description\":\"The H\u00f4tel des Abers is a charming hotel in Saint-Malo Intra-Muros. Check out our tips for visiting the Cancale during your stay!\",\"breadcrumb\":{\"@id\":\"https:\/\/www.hoteldesabers.com\/en\/cancale\/#breadcrumb\"},\"inLanguage\":\"en-US\",\"potentialAction\":[{\"@type\":\"ReadAction\",\"target\":[\"https:\/\/www.hoteldesabers.com\/en\/cancale\/\"]}]},{\"@type\":\"ImageObject\",\"inLanguage\":\"en-US\",\"@id\":\"https:\/\/www.hoteldesabers.com\/en\/cancale\/#primaryimage\",\"url\":\"http:\/\/www.hoteldesabers.com\/wp-content\/uploads\/2019\/11\/cancale-bretagne3-1024x683.jpg\",\"contentUrl\":\"http:\/\/www.hoteldesabers.com\/wp-content\/uploads\/2019\/11\/cancale-bretagne3-1024x683.jpg\"},{\"@type\":\"BreadcrumbList\",\"@id\":\"https:\/\/www.hoteldesabers.com\/en\/cancale\/#breadcrumb\",\"itemListElement\":[{\"@type\":\"ListItem\",\"position\":1,\"name\":\"Accueil\",\"item\":\"https:\/\/www.hoteldesabers.com\/en\/\"},{\"@type\":\"ListItem\",\"position\":2,\"name\":\"Cancale\"}]},{\"@type\":\"WebSite\",\"@id\":\"https:\/\/www.hoteldesabers.com\/#website\",\"url\":\"https:\/\/www.hoteldesabers.com\/\",\"name\":\"H\u00f4tel des Abers\",\"description\":\"L&#039;H\u00f4tel des Abers est un h\u00f4tel de charme en plein coeur de Saint-Malo Intra-Muros, \u00e0 deux pas des plages et commerces\",\"potentialAction\":[{\"@type\":\"SearchAction\",\"target\":{\"@type\":\"EntryPoint\",\"urlTemplate\":\"https:\/\/www.hoteldesabers.com\/?s={search_term_string}\"},\"query-input\":{\"@type\":\"PropertyValueSpecification\",\"valueRequired\":true,\"valueName\":\"search_term_string\"}}],\"inLanguage\":\"en-US\"}]}<\/script>\n<!-- \/ Yoast SEO plugin. -->","yoast_head_json":{"title":"What to do in Cancale? | H\u00f4tel des Abers","description":"The H\u00f4tel des Abers is a charming hotel in Saint-Malo Intra-Muros. Check out our tips for visiting the Cancale during your stay!","robots":{"index":"index","follow":"follow","max-snippet":"max-snippet:-1","max-image-preview":"max-image-preview:large","max-video-preview":"max-video-preview:-1"},"canonical":"https:\/\/www.hoteldesabers.com\/en\/cancale\/","og_locale":"en_US","og_type":"article","og_title":"What to do in Cancale? | H\u00f4tel des Abers","og_description":"The H\u00f4tel des Abers is a charming hotel in Saint-Malo Intra-Muros. Check out our tips for visiting the Cancale during your stay!","og_url":"https:\/\/www.hoteldesabers.com\/en\/cancale\/","og_site_name":"H\u00f4tel des Abers","article_modified_time":"2019-11-27T23:15:59+00:00","og_image":[{"url":"http:\/\/www.hoteldesabers.com\/wp-content\/uploads\/2019\/11\/cancale-bretagne3-1024x683.jpg","type":"","width":"","height":""}],"twitter_card":"summary_large_image","twitter_misc":{"Est. reading time":"1 minute"},"schema":{"@context":"https:\/\/schema.org","@graph":[{"@type":"WebPage","@id":"https:\/\/www.hoteldesabers.com\/en\/cancale\/","url":"https:\/\/www.hoteldesabers.com\/en\/cancale\/","name":"What to do in Cancale? | H\u00f4tel des Abers","isPartOf":{"@id":"https:\/\/www.hoteldesabers.com\/#website"},"primaryImageOfPage":{"@id":"https:\/\/www.hoteldesabers.com\/en\/cancale\/#primaryimage"},"image":{"@id":"https:\/\/www.hoteldesabers.com\/en\/cancale\/#primaryimage"},"thumbnailUrl":"http:\/\/www.hoteldesabers.com\/wp-content\/uploads\/2019\/11\/cancale-bretagne3-1024x683.jpg","datePublished":"2019-11-24T00:53:33+00:00","dateModified":"2019-11-27T23:15:59+00:00","description":"The H\u00f4tel des Abers is a charming hotel in Saint-Malo Intra-Muros. Check out our tips for visiting the Cancale during your stay!","breadcrumb":{"@id":"https:\/\/www.hoteldesabers.com\/en\/cancale\/#breadcrumb"},"inLanguage":"en-US","potentialAction":[{"@type":"ReadAction","target":["https:\/\/www.hoteldesabers.com\/en\/cancale\/"]}]},{"@type":"ImageObject","inLanguage":"en-US","@id":"https:\/\/www.hoteldesabers.com\/en\/cancale\/#primaryimage","url":"http:\/\/www.hoteldesabers.com\/wp-content\/uploads\/2019\/11\/cancale-bretagne3-1024x683.jpg","contentUrl":"http:\/\/www.hoteldesabers.com\/wp-content\/uploads\/2019\/11\/cancale-bretagne3-1024x683.jpg"},{"@type":"BreadcrumbList","@id":"https:\/\/www.hoteldesabers.com\/en\/cancale\/#breadcrumb","itemListElement":[{"@type":"ListItem","position":1,"name":"Accueil","item":"https:\/\/www.hoteldesabers.com\/en\/"},{"@type":"ListItem","position":2,"name":"Cancale"}]},{"@type":"WebSite","@id":"https:\/\/www.hoteldesabers.com\/#website","url":"https:\/\/www.hoteldesabers.com\/","name":"H\u00f4tel des Abers","description":"L&#039;H\u00f4tel des Abers est un h\u00f4tel de charme en plein coeur de Saint-Malo Intra-Muros, \u00e0 deux pas des plages et commerces","potentialAction":[{"@type":"SearchAction","target":{"@type":"EntryPoint","urlTemplate":"https:\/\/www.hoteldesabers.com\/?s={search_term_string}"},"query-input":{"@type":"PropertyValueSpecification","valueRequired":true,"valueName":"search_term_string"}}],"inLanguage":"en-US"}]}},"coauthors":[],"author_meta":{"author_link":"https:\/\/www.hoteldesabers.com\/en\/author\/sarah\/","display_name":"sarah"},"relative_dates":{"created":"Posted 6 years ago","modified":"Updated 6 years ago"},"absolute_dates":{"created":"Posted on 24 November 2019","modified":"Updated on 28 November 2019"},"absolute_dates_time":{"created":"Posted on 24 November 2019 1 h 53 min","modified":"Updated on 28 November 2019 0 h 15 min"},"featured_img_caption":"","featured_img":false,"series_order":"","_links":{"self":[{"href":"https:\/\/www.hoteldesabers.com\/en\/wp-json\/wp\/v2\/pages\/534","targetHints":{"allow":["GET"]}}],"collection":[{"href":"https:\/\/www.hoteldesabers.com\/en\/wp-json\/wp\/v2\/pages"}],"about":[{"href":"https:\/\/www.hoteldesabers.com\/en\/wp-json\/wp\/v2\/types\/page"}],"author":[{"embeddable":true,"href":"https:\/\/www.hoteldesabers.com\/en\/wp-json\/wp\/v2\/users\/2"}],"replies":[{"embeddable":true,"href":"https:\/\/www.hoteldesabers.com\/en\/wp-json\/wp\/v2\/comments?post=534"}],"version-history":[{"count":4,"href":"https:\/\/www.hoteldesabers.com\/en\/wp-json\/wp\/v2\/pages\/534\/revisions"}],"predecessor-version":[{"id":648,"href":"https:\/\/www.hoteldesabers.com\/en\/wp-json\/wp\/v2\/pages\/534\/revisions\/648"}],"wp:attachment":[{"href":"https:\/\/www.hoteldesabers.com\/en\/wp-json\/wp\/v2\/media?parent=534"}],"curies":[{"name":"wp","href":"https:\/\/api.w.org\/{rel}","templated":true}]}}