{"id":2307,"date":"2021-08-31T03:11:45","date_gmt":"2021-08-31T01:11:45","guid":{"rendered":"https:\/\/www.hoteldesabers.com\/conditions-generales\/"},"modified":"2023-05-02T19:33:21","modified_gmt":"2023-05-02T17:33:21","slug":"terms-conditions","status":"publish","type":"page","link":"https:\/\/www.hoteldesabers.com\/en\/terms-conditions\/","title":{"rendered":"Terms and Conditions"},"content":{"rendered":"\n<h2 class=\"wp-block-heading advgb-dyn-5a390a43\">RATES<\/h2>\n\n\n\n<p>All prices are quoted in Euro (\u20ac), including VAT, per room and per night. A tourist tax, not included, of 1.35 \u20ac\/adult\/night (rate 2023) must be paid on site at the time of payment.<\/p>\n\n\n\n<p>Any stay longer than 7 nights will be subject to a deposit of 25% of the total amount of the accommodation. This amount can be refunded in case of cancellation within the time limit (see \u00a7 Modification, Cancellation, No-show).<\/p>\n\n\n\n<p><\/p>\n\n\n\n<h2 class=\"wp-block-heading advgb-dyn-e62d8b52\">MODIFICATION, CANCELLATION, NO-SHOW<\/h2>\n\n\n\n<p>No prepayment required except for stays of more than 7 nights for which a 25% deposit will be required. You can cancel your reservation without charge, up to 48 hours before your arrival for stays of 6 nights or less, otherwise the first night will be charged; up to 8 days before your arrival, for stays of more than 6 nights, otherwise the 25% deposit will be retained by the hotel.<\/p>\n\n\n\n<p><\/p>\n\n\n\n<h2 class=\"wp-block-heading advgb-dyn-ec99dacc\">EARLY DEPARTURE<\/h2>\n\n\n\n<p>In the event that you leave the hotel before the scheduled date, the full amount of the reserved stay will be due.<\/p>\n\n\n\n<p><\/p>\n\n\n\n<h2 class=\"wp-block-heading advgb-dyn-a74ddd7d\">CHECK-IN\/CHECK-OUT<\/h2>\n\n\n\n<p>Arrival is possible from 3pm and departure must be before 11am. For any arrival after 7 pm, please inform the hotel and specify your arrival time. The reception closes at 8:30 pm, a late arrival must be mentioned in advance. Luggage can be dropped off on arrival if it is before check-in time and left on site without extra charge if you leave Saint-Malo at the end of the day.<\/p>\n\n\n\n<p><\/p>\n\n\n\n<h2 class=\"wp-block-heading advgb-dyn-b70d534d\">PAYMENT<\/h2>\n\n\n\n<p>No payment in guarantee, except for stays of more than 7 nights for which a deposit of 25% will be required. The credit card number is required, but the card will not be charged. Payment will be made upon departure.<\/p>\n\n\n\n<p><\/p>\n\n\n\n<p><\/p>\n","protected":false},"excerpt":{"rendered":"<p>RATES All prices are quoted in Euro (\u20ac), including VAT, per room and per night. A tourist tax, not included, of 1.35 \u20ac\/adult\/night (rate 2023) must be paid on site at the time of payment. Any stay longer than 7 nights will be subject to a deposit of 25% of the total amount of the [&hellip;]<\/p>\n","protected":false},"author":2,"featured_media":0,"parent":0,"menu_order":0,"comment_status":"closed","ping_status":"closed","template":"","meta":{"_acf_changed":false,"advgb_blocks_editor_width":"","advgb_blocks_columns_visual_guide":"","footnotes":""},"class_list":["post-2307","page","type-page","status-publish","hentry"],"acf":[],"yoast_head":"<!-- This site is optimized with the Yoast SEO plugin v27.0 - https:\/\/yoast.com\/product\/yoast-seo-wordpress\/ -->\n<title>Terms and Conditions | H\u00f4tel des Abers<\/title>\n<meta name=\"description\" content=\"The Hotel des Abers is a charming hotel in Saint-Malo Intra-Muros, located close to beaches and shops. Read our general conditions.\" \/>\n<meta name=\"robots\" content=\"index, follow, max-snippet:-1, max-image-preview:large, max-video-preview:-1\" \/>\n<link rel=\"canonical\" href=\"https:\/\/www.hoteldesabers.com\/en\/terms-conditions\/\" \/>\n<meta property=\"og:locale\" content=\"en_US\" \/>\n<meta property=\"og:type\" content=\"article\" \/>\n<meta property=\"og:title\" content=\"Terms and Conditions | H\u00f4tel des Abers\" \/>\n<meta property=\"og:description\" content=\"The Hotel des Abers is a charming hotel in Saint-Malo Intra-Muros, located close to beaches and shops. Read our general conditions.\" \/>\n<meta property=\"og:url\" content=\"https:\/\/www.hoteldesabers.com\/en\/terms-conditions\/\" \/>\n<meta property=\"og:site_name\" content=\"H\u00f4tel des Abers\" \/>\n<meta property=\"article:modified_time\" content=\"2023-05-02T17:33:21+00:00\" \/>\n<meta name=\"twitter:card\" content=\"summary_large_image\" \/>\n<meta name=\"twitter:label1\" content=\"Est. reading time\" \/>\n\t<meta name=\"twitter:data1\" content=\"2 minutes\" \/>\n<script type=\"application\/ld+json\" class=\"yoast-schema-graph\">{\"@context\":\"https:\/\/schema.org\",\"@graph\":[{\"@type\":\"WebPage\",\"@id\":\"https:\/\/www.hoteldesabers.com\/en\/terms-conditions\/\",\"url\":\"https:\/\/www.hoteldesabers.com\/en\/terms-conditions\/\",\"name\":\"Terms and Conditions | H\u00f4tel des Abers\",\"isPartOf\":{\"@id\":\"https:\/\/www.hoteldesabers.com\/#website\"},\"datePublished\":\"2021-08-31T01:11:45+00:00\",\"dateModified\":\"2023-05-02T17:33:21+00:00\",\"description\":\"The Hotel des Abers is a charming hotel in Saint-Malo Intra-Muros, located close to beaches and shops. Read our general conditions.\",\"breadcrumb\":{\"@id\":\"https:\/\/www.hoteldesabers.com\/en\/terms-conditions\/#breadcrumb\"},\"inLanguage\":\"en-US\",\"potentialAction\":[{\"@type\":\"ReadAction\",\"target\":[\"https:\/\/www.hoteldesabers.com\/en\/terms-conditions\/\"]}]},{\"@type\":\"BreadcrumbList\",\"@id\":\"https:\/\/www.hoteldesabers.com\/en\/terms-conditions\/#breadcrumb\",\"itemListElement\":[{\"@type\":\"ListItem\",\"position\":1,\"name\":\"Accueil\",\"item\":\"https:\/\/www.hoteldesabers.com\/en\/\"},{\"@type\":\"ListItem\",\"position\":2,\"name\":\"Terms and Conditions\"}]},{\"@type\":\"WebSite\",\"@id\":\"https:\/\/www.hoteldesabers.com\/#website\",\"url\":\"https:\/\/www.hoteldesabers.com\/\",\"name\":\"H\u00f4tel des Abers\",\"description\":\"L&#039;H\u00f4tel des Abers est un h\u00f4tel de charme en plein coeur de Saint-Malo Intra-Muros, \u00e0 deux pas des plages et commerces\",\"potentialAction\":[{\"@type\":\"SearchAction\",\"target\":{\"@type\":\"EntryPoint\",\"urlTemplate\":\"https:\/\/www.hoteldesabers.com\/?s={search_term_string}\"},\"query-input\":{\"@type\":\"PropertyValueSpecification\",\"valueRequired\":true,\"valueName\":\"search_term_string\"}}],\"inLanguage\":\"en-US\"}]}<\/script>\n<!-- \/ Yoast SEO plugin. -->","yoast_head_json":{"title":"Terms and Conditions | H\u00f4tel des Abers","description":"The Hotel des Abers is a charming hotel in Saint-Malo Intra-Muros, located close to beaches and shops. Read our general conditions.","robots":{"index":"index","follow":"follow","max-snippet":"max-snippet:-1","max-image-preview":"max-image-preview:large","max-video-preview":"max-video-preview:-1"},"canonical":"https:\/\/www.hoteldesabers.com\/en\/terms-conditions\/","og_locale":"en_US","og_type":"article","og_title":"Terms and Conditions | H\u00f4tel des Abers","og_description":"The Hotel des Abers is a charming hotel in Saint-Malo Intra-Muros, located close to beaches and shops. Read our general conditions.","og_url":"https:\/\/www.hoteldesabers.com\/en\/terms-conditions\/","og_site_name":"H\u00f4tel des Abers","article_modified_time":"2023-05-02T17:33:21+00:00","twitter_card":"summary_large_image","twitter_misc":{"Est. reading time":"2 minutes"},"schema":{"@context":"https:\/\/schema.org","@graph":[{"@type":"WebPage","@id":"https:\/\/www.hoteldesabers.com\/en\/terms-conditions\/","url":"https:\/\/www.hoteldesabers.com\/en\/terms-conditions\/","name":"Terms and Conditions | H\u00f4tel des Abers","isPartOf":{"@id":"https:\/\/www.hoteldesabers.com\/#website"},"datePublished":"2021-08-31T01:11:45+00:00","dateModified":"2023-05-02T17:33:21+00:00","description":"The Hotel des Abers is a charming hotel in Saint-Malo Intra-Muros, located close to beaches and shops. Read our general conditions.","breadcrumb":{"@id":"https:\/\/www.hoteldesabers.com\/en\/terms-conditions\/#breadcrumb"},"inLanguage":"en-US","potentialAction":[{"@type":"ReadAction","target":["https:\/\/www.hoteldesabers.com\/en\/terms-conditions\/"]}]},{"@type":"BreadcrumbList","@id":"https:\/\/www.hoteldesabers.com\/en\/terms-conditions\/#breadcrumb","itemListElement":[{"@type":"ListItem","position":1,"name":"Accueil","item":"https:\/\/www.hoteldesabers.com\/en\/"},{"@type":"ListItem","position":2,"name":"Terms and Conditions"}]},{"@type":"WebSite","@id":"https:\/\/www.hoteldesabers.com\/#website","url":"https:\/\/www.hoteldesabers.com\/","name":"H\u00f4tel des Abers","description":"L&#039;H\u00f4tel des Abers est un h\u00f4tel de charme en plein coeur de Saint-Malo Intra-Muros, \u00e0 deux pas des plages et commerces","potentialAction":[{"@type":"SearchAction","target":{"@type":"EntryPoint","urlTemplate":"https:\/\/www.hoteldesabers.com\/?s={search_term_string}"},"query-input":{"@type":"PropertyValueSpecification","valueRequired":true,"valueName":"search_term_string"}}],"inLanguage":"en-US"}]}},"coauthors":[],"author_meta":{"author_link":"https:\/\/www.hoteldesabers.com\/en\/author\/sarah\/","display_name":"sarah"},"relative_dates":{"created":"Posted 5 years ago","modified":"Updated 3 years ago"},"absolute_dates":{"created":"Posted on 31 August 2021","modified":"Updated on 2 May 2023"},"absolute_dates_time":{"created":"Posted on 31 August 2021 3 h 11 min","modified":"Updated on 2 May 2023 19 h 33 min"},"featured_img_caption":"","featured_img":false,"series_order":"","_links":{"self":[{"href":"https:\/\/www.hoteldesabers.com\/en\/wp-json\/wp\/v2\/pages\/2307","targetHints":{"allow":["GET"]}}],"collection":[{"href":"https:\/\/www.hoteldesabers.com\/en\/wp-json\/wp\/v2\/pages"}],"about":[{"href":"https:\/\/www.hoteldesabers.com\/en\/wp-json\/wp\/v2\/types\/page"}],"author":[{"embeddable":true,"href":"https:\/\/www.hoteldesabers.com\/en\/wp-json\/wp\/v2\/users\/2"}],"replies":[{"embeddable":true,"href":"https:\/\/www.hoteldesabers.com\/en\/wp-json\/wp\/v2\/comments?post=2307"}],"version-history":[{"count":6,"href":"https:\/\/www.hoteldesabers.com\/en\/wp-json\/wp\/v2\/pages\/2307\/revisions"}],"predecessor-version":[{"id":2489,"href":"https:\/\/www.hoteldesabers.com\/en\/wp-json\/wp\/v2\/pages\/2307\/revisions\/2489"}],"wp:attachment":[{"href":"https:\/\/www.hoteldesabers.com\/en\/wp-json\/wp\/v2\/media?parent=2307"}],"curies":[{"name":"wp","href":"https:\/\/api.w.org\/{rel}","templated":true}]}}