{"id":146,"date":"2019-11-15T20:33:22","date_gmt":"2019-11-15T19:33:22","guid":{"rendered":"http:\/\/www.hoteldesabers.com\/?page_id=146"},"modified":"2023-03-01T19:48:48","modified_gmt":"2023-03-01T18:48:48","slug":"contact-directions","status":"publish","type":"page","link":"https:\/\/www.hoteldesabers.com\/en\/contact-directions\/","title":{"rendered":"Contact &#038; Directions"},"content":{"rendered":"","protected":false},"excerpt":{"rendered":"","protected":false},"author":1,"featured_media":0,"parent":0,"menu_order":0,"comment_status":"closed","ping_status":"closed","template":"template\/tpl-contact.php","meta":{"_acf_changed":false,"advgb_blocks_editor_width":"","advgb_blocks_columns_visual_guide":"","footnotes":""},"class_list":["post-146","page","type-page","status-publish","hentry"],"acf":[],"yoast_head":"<!-- This site is optimized with the Yoast SEO plugin v27.0 - https:\/\/yoast.com\/product\/yoast-seo-wordpress\/ -->\n<title>Contact &amp; Directions - H\u00f4tel des Abers<\/title>\n<meta name=\"description\" content=\"Follow these directions to go to the Hotel des Abers, located in the center of the old town of St-Malo. Reach out to us if needed!\" \/>\n<meta name=\"robots\" content=\"index, follow, max-snippet:-1, max-image-preview:large, max-video-preview:-1\" \/>\n<link rel=\"canonical\" href=\"https:\/\/www.hoteldesabers.com\/en\/contact-directions\/\" \/>\n<meta property=\"og:locale\" content=\"en_US\" \/>\n<meta property=\"og:type\" content=\"article\" \/>\n<meta property=\"og:title\" content=\"Contact &amp; Directions - H\u00f4tel des Abers\" \/>\n<meta property=\"og:description\" content=\"Follow these directions to go to the Hotel des Abers, located in the center of the old town of St-Malo. Reach out to us if needed!\" \/>\n<meta property=\"og:url\" content=\"https:\/\/www.hoteldesabers.com\/en\/contact-directions\/\" \/>\n<meta property=\"og:site_name\" content=\"H\u00f4tel des Abers\" \/>\n<meta property=\"article:modified_time\" content=\"2023-03-01T18:48:48+00:00\" \/>\n<meta name=\"twitter:card\" content=\"summary_large_image\" \/>\n<script type=\"application\/ld+json\" class=\"yoast-schema-graph\">{\"@context\":\"https:\/\/schema.org\",\"@graph\":[{\"@type\":\"WebPage\",\"@id\":\"https:\/\/www.hoteldesabers.com\/en\/contact-directions\/\",\"url\":\"https:\/\/www.hoteldesabers.com\/en\/contact-directions\/\",\"name\":\"Contact & Directions - H\u00f4tel des Abers\",\"isPartOf\":{\"@id\":\"https:\/\/www.hoteldesabers.com\/#website\"},\"datePublished\":\"2019-11-15T19:33:22+00:00\",\"dateModified\":\"2023-03-01T18:48:48+00:00\",\"description\":\"Follow these directions to go to the Hotel des Abers, located in the center of the old town of St-Malo. Reach out to us if needed!\",\"breadcrumb\":{\"@id\":\"https:\/\/www.hoteldesabers.com\/en\/contact-directions\/#breadcrumb\"},\"inLanguage\":\"en-US\",\"potentialAction\":[{\"@type\":\"ReadAction\",\"target\":[\"https:\/\/www.hoteldesabers.com\/en\/contact-directions\/\"]}]},{\"@type\":\"BreadcrumbList\",\"@id\":\"https:\/\/www.hoteldesabers.com\/en\/contact-directions\/#breadcrumb\",\"itemListElement\":[{\"@type\":\"ListItem\",\"position\":1,\"name\":\"Accueil\",\"item\":\"https:\/\/www.hoteldesabers.com\/en\/\"},{\"@type\":\"ListItem\",\"position\":2,\"name\":\"Contact &#038; Directions\"}]},{\"@type\":\"WebSite\",\"@id\":\"https:\/\/www.hoteldesabers.com\/#website\",\"url\":\"https:\/\/www.hoteldesabers.com\/\",\"name\":\"H\u00f4tel des Abers\",\"description\":\"L&#039;H\u00f4tel des Abers est un h\u00f4tel de charme en plein coeur de Saint-Malo Intra-Muros, \u00e0 deux pas des plages et commerces\",\"potentialAction\":[{\"@type\":\"SearchAction\",\"target\":{\"@type\":\"EntryPoint\",\"urlTemplate\":\"https:\/\/www.hoteldesabers.com\/?s={search_term_string}\"},\"query-input\":{\"@type\":\"PropertyValueSpecification\",\"valueRequired\":true,\"valueName\":\"search_term_string\"}}],\"inLanguage\":\"en-US\"}]}<\/script>\n<!-- \/ Yoast SEO plugin. -->","yoast_head_json":{"title":"Contact & Directions - H\u00f4tel des Abers","description":"Follow these directions to go to the Hotel des Abers, located in the center of the old town of St-Malo. Reach out to us if needed!","robots":{"index":"index","follow":"follow","max-snippet":"max-snippet:-1","max-image-preview":"max-image-preview:large","max-video-preview":"max-video-preview:-1"},"canonical":"https:\/\/www.hoteldesabers.com\/en\/contact-directions\/","og_locale":"en_US","og_type":"article","og_title":"Contact & Directions - H\u00f4tel des Abers","og_description":"Follow these directions to go to the Hotel des Abers, located in the center of the old town of St-Malo. Reach out to us if needed!","og_url":"https:\/\/www.hoteldesabers.com\/en\/contact-directions\/","og_site_name":"H\u00f4tel des Abers","article_modified_time":"2023-03-01T18:48:48+00:00","twitter_card":"summary_large_image","schema":{"@context":"https:\/\/schema.org","@graph":[{"@type":"WebPage","@id":"https:\/\/www.hoteldesabers.com\/en\/contact-directions\/","url":"https:\/\/www.hoteldesabers.com\/en\/contact-directions\/","name":"Contact & Directions - H\u00f4tel des Abers","isPartOf":{"@id":"https:\/\/www.hoteldesabers.com\/#website"},"datePublished":"2019-11-15T19:33:22+00:00","dateModified":"2023-03-01T18:48:48+00:00","description":"Follow these directions to go to the Hotel des Abers, located in the center of the old town of St-Malo. Reach out to us if needed!","breadcrumb":{"@id":"https:\/\/www.hoteldesabers.com\/en\/contact-directions\/#breadcrumb"},"inLanguage":"en-US","potentialAction":[{"@type":"ReadAction","target":["https:\/\/www.hoteldesabers.com\/en\/contact-directions\/"]}]},{"@type":"BreadcrumbList","@id":"https:\/\/www.hoteldesabers.com\/en\/contact-directions\/#breadcrumb","itemListElement":[{"@type":"ListItem","position":1,"name":"Accueil","item":"https:\/\/www.hoteldesabers.com\/en\/"},{"@type":"ListItem","position":2,"name":"Contact &#038; Directions"}]},{"@type":"WebSite","@id":"https:\/\/www.hoteldesabers.com\/#website","url":"https:\/\/www.hoteldesabers.com\/","name":"H\u00f4tel des Abers","description":"L&#039;H\u00f4tel des Abers est un h\u00f4tel de charme en plein coeur de Saint-Malo Intra-Muros, \u00e0 deux pas des plages et commerces","potentialAction":[{"@type":"SearchAction","target":{"@type":"EntryPoint","urlTemplate":"https:\/\/www.hoteldesabers.com\/?s={search_term_string}"},"query-input":{"@type":"PropertyValueSpecification","valueRequired":true,"valueName":"search_term_string"}}],"inLanguage":"en-US"}]}},"coauthors":[],"author_meta":{"author_link":"https:\/\/www.hoteldesabers.com\/en\/author\/seb\/","display_name":"seb"},"relative_dates":{"created":"Posted 6 years ago","modified":"Updated 3 years ago"},"absolute_dates":{"created":"Posted on 15 November 2019","modified":"Updated on 1 March 2023"},"absolute_dates_time":{"created":"Posted on 15 November 2019 20 h 33 min","modified":"Updated on 1 March 2023 19 h 48 min"},"featured_img_caption":"","featured_img":false,"series_order":"","_links":{"self":[{"href":"https:\/\/www.hoteldesabers.com\/en\/wp-json\/wp\/v2\/pages\/146","targetHints":{"allow":["GET"]}}],"collection":[{"href":"https:\/\/www.hoteldesabers.com\/en\/wp-json\/wp\/v2\/pages"}],"about":[{"href":"https:\/\/www.hoteldesabers.com\/en\/wp-json\/wp\/v2\/types\/page"}],"author":[{"embeddable":true,"href":"https:\/\/www.hoteldesabers.com\/en\/wp-json\/wp\/v2\/users\/1"}],"replies":[{"embeddable":true,"href":"https:\/\/www.hoteldesabers.com\/en\/wp-json\/wp\/v2\/comments?post=146"}],"version-history":[{"count":2,"href":"https:\/\/www.hoteldesabers.com\/en\/wp-json\/wp\/v2\/pages\/146\/revisions"}],"predecessor-version":[{"id":682,"href":"https:\/\/www.hoteldesabers.com\/en\/wp-json\/wp\/v2\/pages\/146\/revisions\/682"}],"wp:attachment":[{"href":"https:\/\/www.hoteldesabers.com\/en\/wp-json\/wp\/v2\/media?parent=146"}],"curies":[{"name":"wp","href":"https:\/\/api.w.org\/{rel}","templated":true}]}}